{"id":4054,"date":"2018-02-16T21:46:45","date_gmt":"2018-02-16T20:46:45","guid":{"rendered":"http:\/\/smartcoco.online\/?page_id=4054"},"modified":"2020-06-26T11:59:42","modified_gmt":"2020-06-26T10:59:42","slug":"comment-choisir-un-cours","status":"publish","type":"page","link":"https:\/\/smartcoco.online\/fr\/comment-choisir-un-cours\/","title":{"rendered":"Comment choisir un cours?"},"content":{"rendered":"[vc_row full_width=\u00a0\u00bbstretch_row_content_no_spaces\u00a0\u00bb el_class=\u00a0\u00bbimgsuperior\u00a0\u00bb][vc_column][vc_single_image image=\u00a0\u00bb6701&Prime; img_size=\u00a0\u00bbfull\u00a0\u00bb][vc_empty_space][\/vc_column][\/vc_row][vc_row][vc_column][vc_column_text]\n<h3 style=\"text-align: center;\">Pourquoi, quelque soit ton objectif, notre programme d\u00b4apprentissage et d\u00b4entra\u00eenement te m\u00e8nera au succ\u00e8s ?<\/h3>\n<p>&nbsp;<\/p>\n<p>Comme nous le savons, le mot cours est d\u00e9finit comme:\u00a0 l&rsquo;\u00e9tude d&rsquo;un th\u00e8me concret dans une ample gamme de mati\u00e8re, et les connaissances de bases qui font partie\u00a0\u00a0d\u00b4un dipl\u00f4me. Une fois le dipl\u00f4me et les mati\u00e8res qui vous int\u00e9ressent sont choisis, vous devez d\u00e9cider de vous inscrire au cours correspondant la premi\u00e8re ann\u00e9e. Un cours typique est compos\u00e9 de le\u00e7ons et d&rsquo;\u00e9valuations tels que: devoirs (dissertations, expos\u00e9s, tests et examens), ou encore travaux dirig\u00e9s et\u00a0 laboratoires inclus. La majeur partie des cours de la premi\u00e8re ann\u00e9e est enseign\u00e9e par une \u00e9quipe de professeurs et tuteurs.<br \/>\nC&rsquo;est pourquoi chez smart coco online, nous offrons un entra\u00eenement linguistique complet,\u00a0 \u00e0 ta\u00a0 mesure et selon tes\u00a0 besoins. Additionnellement, nos cours sont divis\u00e9s en 7 principals sections, focalis\u00e9es et con\u00e7ues\u00a0 selon\u00a0 la rapidit\u00e9 avec laquelle tu peux apprendre et progresser \u00e9tape par \u00e9tape. Si tu ne peux pas assister \u00e0 une classe pour manque de temps, pourquoi ne pas prendre de l&rsquo;avantage avec nos cours online? Quelque soit ton objectif, notre programme d\u00b4apprentissage et d\u00b4entra\u00eenement te m\u00e8nera au succ\u00e8s.[\/vc_column_text][vc_row_inner][vc_column_inner width=\u00a0\u00bb1\/6&Prime;][\/vc_column_inner][vc_column_inner width=\u00a0\u00bb2\/3&Prime;][vc_column_text el_class=\u00a0\u00bbverde\u00a0\u00bb]\n<p style=\"text-align: center;\"><a style=\"text-decoration: none;\" href=\"https:\/\/smartcoco.online\/fr\/contacto\/\"><span style=\"color: #ffffff;\"><i class=\"fas fa-phone fa-flip-horizontal\"> <\/i> Contact smart coco et nous te connectons\u00a0 pour cr\u00e9er\u00a0 ton cours fait \u00e0 ta mesure, exclusivement pour toi.<br \/>\nEs-tu pr\u00eat \u00e0 commencer?<\/span><\/a><\/p>\n[\/vc_column_text][\/vc_column_inner][vc_column_inner width=\u00a0\u00bb1\/6&Prime;][\/vc_column_inner][\/vc_row_inner][vc_column_text]Dans un premier temps, les utilisateurs devraient solliciter une entrevue personnelle en\u00a0 remplissant\u00a0 le formulaire de <strong>comment choisir un cours<\/strong>. Suite \u00e0 cela nous confectionnerons un plan d\u00b4entra\u00eenement personnalis\u00e9 et choisirons celui qui leurs vont le mieux. D\u00b4autre part, nous offrirons une ample vari\u00e9t\u00e9 de plan d\u00b4entra\u00eenement personnalis\u00e9 ( <b>courses packs )<\/b>, pour ainsi pouvoir cr\u00e9er\u00a0 le pack le plus ad\u00e9quat par ses caract\u00e9ristiques bien sp\u00e9cifiques ( tutoriel , auto-\u00e9valuation, emploi du temps, prix &#8230;.) \u00a0con\u00e7u \u00e0 la mesure et au besoin de chaque usager.<\/p>\n<p>Pour autant, comme utilisateur tu\u00a0 pourras profiter de ta formation depuis ton domicile ou quel que soit l&rsquo;endroit o\u00f9 tu te trouves, gr\u00e2ce \u00e0 l&rsquo;usage de toutes les nouvelles technologies de pointes\u00a0 applicables \u00e0 tes activit\u00e9s principales.[\/vc_column_text][\/vc_column][\/vc_row][vc_row][vc_column width=\u00a0\u00bb2\/3&Prime;]<div class=\"uavc-list-icon uavc-list-icon-wrapper ult-adjust-bottom-margin   \"><ul class=\"uavc-list\"><li><div class=\"uavc-list-content\" id=\"list-icon-wrap-4975\">\n<div class=\"uavc-list-icon  \" data-animation=\"\" data-animation-delay=\"03\" style=\"margin-right:15px;\"><div class=\"ult-just-icon-wrapper  \"><div class=\"align-icon\" style=\"text-align:center;\">\n<div class=\"aio-icon none \"  style=\"color:#333333;font-size:40px;display:inline-block;\">\n\t<i class=\"Defaults-clipboard paste\"><\/i>\n<\/div><\/div><\/div>\n<\/div><span  data-ultimate-target='#list-icon-wrap-4975 .uavc-list-desc'  data-responsive-json-new='{\"font-size\":\"\",\"line-height\":\"\"}'  class=\"uavc-list-desc ult-responsive\" style=\"\">\n<h2>Professional and assessment:<\/h2>\n<p>Notre website est dessin\u00e9 pour permettre de trouver les solutions pour les professionnels ou cadres sup\u00e9rieurs dans divers domaines \u00e0 travers la r\u00e9ussite . Ainsi nous offrons des produits innovateurs tels que :professional assessment &#8211; coaching- gestion d\u00b4\u00e9quipe &#8211; direction efficace d\u00b4entreprises &#8211; ( Assessment\/Technical conference \/Presentations\/Speeches\/ \u00a0Performance Management\/Marketing-Innovation)\u00a0 .<\/p>\n<p>Construits et developpes les strategies efficaces pour fortifier ton propre apprentissage.<\/span><\/div><\/li><li><div class=\"uavc-list-content\" id=\"list-icon-wrap-8453\">\n<div class=\"uavc-list-icon  \" data-animation=\"\" data-animation-delay=\"03\" style=\"margin-right:15px;\"><div class=\"ult-just-icon-wrapper  \"><div class=\"align-icon\" style=\"text-align:center;\">\n<div class=\"aio-icon none \"  style=\"color:#333333;font-size:40px;display:inline-block;\">\n\t<i class=\"Defaults-briefcase\"><\/i>\n<\/div><\/div><\/div>\n<\/div><span  data-ultimate-target='#list-icon-wrap-8453 .uavc-list-desc'  data-responsive-json-new='{\"font-size\":\"\",\"line-height\":\"\"}'  class=\"uavc-list-desc ult-responsive\" style=\"\">\n<h2>Business:<\/h2>\n<p>En quoi consiste les langues dans les affaires et les entreprises\u00a0 ?<\/p>\n<p>Nous abordons une vari\u00e9t\u00e9 de th\u00e8mes communs , situations , et habilit\u00e9s , inclus : pr\u00e9sentations , appels t\u00e9l\u00e9phoniques , n\u00e9gociations , conversations , voyages , rencontres , interviews , vocabulaires , expressions idiomatiques , et autres .<\/p>\n<p>Notre objectif consiste \u00e0 enseigner le business de fa\u00e7on la plus naturelle et efficace en Fran\u00e7ais, Anglais et Espagnol\u00a0 .Pour cela ,\u00a0 nous voulons que les \u00e9tudiants soient capables de faire face \u00e0 de diff\u00e9rentes situations de n\u00e9goce et de\u00a0 travail, avec confiance et dext\u00e9rit\u00e9<\/span><\/div><\/li><li><div class=\"uavc-list-content\" id=\"list-icon-wrap-9640\">\n<div class=\"uavc-list-icon  \" data-animation=\"\" data-animation-delay=\"03\" style=\"margin-right:15px;\"><div class=\"ult-just-icon-wrapper  \"><div class=\"align-icon\" style=\"text-align:center;\">\n<div class=\"aio-icon none \"  style=\"color:#333333;font-size:40px;display:inline-block;\">\n\t<i class=\"Defaults-edit pencil-square-o\"><\/i>\n<\/div><\/div><\/div>\n<\/div><span  data-ultimate-target='#list-icon-wrap-9640 .uavc-list-desc'  data-responsive-json-new='{\"font-size\":\"\",\"line-height\":\"\"}'  class=\"uavc-list-desc ult-responsive\" style=\"\">\n<h2>Pr\u00e9paration d\u00b4examens:<\/h2>\n<p>D\u00e9finitivement, on peut apprendre\u00a0 \u00e0 tirer profit de grands b\u00e9n\u00e9fices de ses habilet\u00e9s\u00a0 dans un examen, si\u00a0 l\u00b4on prend le temps suffisant\u00a0 pour d\u00e9finir\u00a0 ses erreurs. Et se demander si l&rsquo;on est en train de r\u00e9pondre \u00e0 la question qui est pos\u00e9e. Ceci est la clef\u00a0 pour perfectionner ses habilet\u00e9s,\u00a0 et obtenir des arguments efficaces et aigus qui serviront pour toute la vie.<\/p>\n<p>Nous avons acquis une longue exp\u00e9rience plus que brillante, et pleine de r\u00e9sultat avec succ\u00e8s en ce qui concerne la pr\u00e9paration des \u00e9tudiants aux examens de tous types et de tous les niveaux .<br \/>\n<\/span><\/div><\/li><li><div class=\"uavc-list-content\" id=\"list-icon-wrap-6171\">\n<div class=\"uavc-list-icon  \" data-animation=\"\" data-animation-delay=\"03\" style=\"margin-right:15px;\"><div class=\"ult-just-icon-wrapper  \"><div class=\"align-icon\" style=\"text-align:center;\">\n<div class=\"aio-icon none \"  style=\"color:#333333;font-size:40px;display:inline-block;\">\n\t<i class=\"Defaults-group users\"><\/i>\n<\/div><\/div><\/div>\n<\/div><span  data-ultimate-target='#list-icon-wrap-6171 .uavc-list-desc'  data-responsive-json-new='{\"font-size\":\"\",\"line-height\":\"\"}'  class=\"uavc-list-desc ult-responsive\" style=\"\">\n<h2>Famille et Parent\u00e9 :<\/h2>\n<p>Diriger des relations familiales o\u00f9\u00a0 les n\u00e9cessit\u00e9s les plus importantes\u00a0 de chacun doivent co\u00efncider est une t\u00e2che ardue.Dans toutes les familles,\u00a0 il y a des moments de frustrations et de peines qui peuvent induire \u00e0 des malentendus. Pour cela, quand arrive ce genre de situation, cela requiert une une connection tr\u00e8s positive, et une g\u00e9rance cr\u00e9ative\u00a0 pour maintenir une tr\u00e8s bonne communication. Ainsi, avoir une communication effective signifie que chacun ai la parole et soit\u00a0 \u00e9cout\u00e9. Cela peut se convertir, en un d\u00e9fit dans un cadre familial occup\u00e9. En d\u00e9finitive, \u00eatre sous pression pour obtenir gain de cause signifie avoir peu de \u00a0\u00bb qualit\u00e9 de temps\u00a0 \u00a0\u00bb pour converser et se comprendre les un et les autres.<\/span><\/div><\/li><li><div class=\"uavc-list-content\" id=\"list-icon-wrap-8231\">\n<div class=\"uavc-list-icon  \" data-animation=\"\" data-animation-delay=\"03\" style=\"margin-right:15px;\"><div class=\"ult-just-icon-wrapper  \"><div class=\"align-icon\" style=\"text-align:center;\">\n<div class=\"aio-icon none \"  style=\"color:#333333;font-size:40px;display:inline-block;\">\n\t<i class=\"Defaults-file-word-o\"><\/i>\n<\/div><\/div><\/div>\n<\/div><span  data-ultimate-target='#list-icon-wrap-8231 .uavc-list-desc'  data-responsive-json-new='{\"font-size\":\"\",\"line-height\":\"\"}'  class=\"uavc-list-desc ult-responsive\" style=\"\">\n<h2>Traduction:<\/h2>\n<p>Cons\u00e9quente \u00e0\u00a0 la laborieuse t\u00e2che du processus de la traduction, depuis\u00a0 les ann\u00e9es 1940, des efforts ont \u00e9t\u00e9 faits, partant de degr\u00e9s variables\u00a0 de r\u00e9ussites, \u00e0 de traductions automatis\u00e9es ou aid\u00e9 m\u00e9caniquement par de traducteurs humains.\u00a0 Plus r\u00e9cemment, l&rsquo;expansion de l&rsquo;internet a forg\u00e9 un vaste march\u00e9 mondial\u00a0 de service de traduction et permit de faciliter la localisation du langage.<\/p>\n<\/span><\/div><\/li><\/ul><\/div>[\/vc_column][vc_column width=\u00a0\u00bb1\/3&Prime;][vc_row_inner content_placement=\u00a0\u00bbmiddle\u00a0\u00bb el_class=\u00a0\u00bbformulario_verde\u00a0\u00bb][vc_column_inner][vc_column_text]<span style=\"color: #ffffff;\">Compl\u00e8te le formulaire , et nous te contactons le plus t\u00f4t possible pour t\u00b4aider\u00a0 sur ton choix\u00a0 . Toutes les cases sont obligatoires.<\/span>[\/vc_column_text][\/vc_column_inner][\/vc_row_inner][vc_empty_space][vc_row_inner el_class=\u00a0\u00bbformulario_verde\u00a0\u00bb][vc_column_inner]\n<div class=\"wpcf7 no-js\" id=\"wpcf7-f5200-o1\" lang=\"es-ES\" dir=\"ltr\" data-wpcf7-id=\"5200\">\n<div class=\"screen-reader-response\"><p role=\"status\" aria-live=\"polite\" aria-atomic=\"true\"><\/p> <ul><\/ul><\/div>\n<form action=\"\/fr\/wp-json\/wp\/v2\/pages\/4054#wpcf7-f5200-o1\" method=\"post\" class=\"wpcf7-form init wpcf7-acceptance-as-validation\" aria-label=\"Formulario de contacto\" novalidate=\"novalidate\" data-status=\"init\">\n<div style=\"display: none;\">\n<input type=\"hidden\" name=\"_wpcf7\" value=\"5200\" \/>\n<input type=\"hidden\" name=\"_wpcf7_version\" value=\"6.0.6\" \/>\n<input type=\"hidden\" name=\"_wpcf7_locale\" value=\"es_ES\" \/>\n<input type=\"hidden\" name=\"_wpcf7_unit_tag\" value=\"wpcf7-f5200-o1\" \/>\n<input type=\"hidden\" name=\"_wpcf7_container_post\" value=\"0\" \/>\n<input type=\"hidden\" name=\"_wpcf7_posted_data_hash\" value=\"\" \/>\n<input type=\"hidden\" name=\"_wpcf7_recaptcha_response\" value=\"\" \/>\n<\/div>\n<p><span class=\"wpcf7-form-control-wrap\" data-name=\"Nombre\"><input size=\"40\" maxlength=\"400\" class=\"wpcf7-form-control wpcf7-text wpcf7-validates-as-required\" aria-required=\"true\" aria-invalid=\"false\" placeholder=\"Noms et Pr\u00e9noms\" value=\"\" type=\"text\" name=\"Nombre\" \/><\/span>\n<\/p>\n<p><span class=\"wpcf7-form-control-wrap\" data-name=\"Email\"><input size=\"40\" maxlength=\"400\" class=\"wpcf7-form-control wpcf7-email wpcf7-validates-as-required wpcf7-text wpcf7-validates-as-email\" aria-required=\"true\" aria-invalid=\"false\" placeholder=\"E-mail\" value=\"\" type=\"email\" name=\"Email\" \/><\/span>\n<\/p>\n<p style=\"color:white;\">M\u00e9thode de Training pr\u00e9f\u00e9r\u00e9e :\n<\/p>\n<p><span class=\"wpcf7-form-control-wrap\" data-name=\"mododetrainig\"><span class=\"wpcf7-form-control wpcf7-radio\"><span class=\"wpcf7-list-item first\"><input type=\"radio\" name=\"mododetrainig\" value=\"Facetime\" checked=\"checked\" \/><span class=\"wpcf7-list-item-label\">Facetime<\/span><\/span><span class=\"wpcf7-list-item\"><input type=\"radio\" name=\"mododetrainig\" value=\"Hangouts\" \/><span class=\"wpcf7-list-item-label\">Hangouts<\/span><\/span><span class=\"wpcf7-list-item\"><input type=\"radio\" name=\"mododetrainig\" value=\"Skype\" \/><span class=\"wpcf7-list-item-label\">Skype<\/span><\/span><span class=\"wpcf7-list-item last\"><input type=\"radio\" name=\"mododetrainig\" value=\"Autres\" \/><span class=\"wpcf7-list-item-label\">Autres<\/span><\/span><\/span><\/span>\n<\/p>\n<p><span class=\"wpcf7-form-control-wrap\" data-name=\"text-275\"><input size=\"40\" maxlength=\"400\" class=\"wpcf7-form-control wpcf7-text\" aria-invalid=\"false\" value=\"Si tu as choisi  l&#039;option  autres indique quelle m\u00e9thode tu pr\u00e9f\u00e8res\" type=\"text\" name=\"text-275\" \/><\/span>\n<\/p>\n<p style=\"color:white;\">Langues :\n<\/p>\n<p><span class=\"wpcf7-form-control-wrap\" data-name=\"idioma\"><select class=\"wpcf7-form-control wpcf7-select wpcf7-validates-as-required\" aria-required=\"true\" aria-invalid=\"false\" name=\"idioma\"><option value=\"Anglais\">Anglais<\/option><option value=\"Fran\u00e7ais\">Fran\u00e7ais<\/option><option value=\"Espagnole\">Espagnole<\/option><\/select><\/span>\n<\/p>\n<p style=\"color:white;\">Jours de la semaine :\n<\/p>\n<p><span class=\"wpcf7-form-control-wrap\" data-name=\"dia\"><span class=\"wpcf7-form-control wpcf7-radio\"><span class=\"wpcf7-list-item first\"><input type=\"radio\" name=\"dia\" value=\"Lundi\" checked=\"checked\" \/><span class=\"wpcf7-list-item-label\">Lundi<\/span><\/span><span class=\"wpcf7-list-item\"><input type=\"radio\" name=\"dia\" value=\"Mardi\" \/><span class=\"wpcf7-list-item-label\">Mardi<\/span><\/span><span class=\"wpcf7-list-item\"><input type=\"radio\" name=\"dia\" value=\"Mercredi\" \/><span class=\"wpcf7-list-item-label\">Mercredi<\/span><\/span><span class=\"wpcf7-list-item\"><input type=\"radio\" name=\"dia\" value=\"Jeudi\" \/><span class=\"wpcf7-list-item-label\">Jeudi<\/span><\/span><span class=\"wpcf7-list-item last\"><input type=\"radio\" name=\"dia\" value=\"Vendredi\" \/><span class=\"wpcf7-list-item-label\">Vendredi<\/span><\/span><\/span><\/span>\n<\/p>\n<p style=\"color:white;\">Choisis la p\u00e9riode du jour :\n<\/p>\n<p><span class=\"wpcf7-form-control-wrap\" data-name=\"horario\"><span class=\"wpcf7-form-control wpcf7-radio\"><span class=\"wpcf7-list-item first\"><input type=\"radio\" name=\"horario\" value=\"Matin\" checked=\"checked\" \/><span class=\"wpcf7-list-item-label\">Matin<\/span><\/span><span class=\"wpcf7-list-item\"><input type=\"radio\" name=\"horario\" value=\"Apr\u00e8s - midi\" \/><span class=\"wpcf7-list-item-label\">Apr\u00e8s - midi<\/span><\/span><span class=\"wpcf7-list-item last\"><input type=\"radio\" name=\"horario\" value=\"Soir\u00e9e\" \/><span class=\"wpcf7-list-item-label\">Soir\u00e9e<\/span><\/span><\/span><\/span>\n<\/p>\n<p style=\"color:white;\">M\u00e9thodes de training :\n<\/p>\n<p><span class=\"wpcf7-form-control-wrap\" data-name=\"Tipodetrainig\"><span class=\"wpcf7-form-control wpcf7-radio\"><span class=\"wpcf7-list-item first\"><input type=\"radio\" name=\"Tipodetrainig\" value=\"Conversation\" checked=\"checked\" \/><span class=\"wpcf7-list-item-label\">Conversation<\/span><\/span><span class=\"wpcf7-list-item\"><input type=\"radio\" name=\"Tipodetrainig\" value=\"Traduction-\" \/><span class=\"wpcf7-list-item-label\">Traduction-<\/span><\/span><span class=\"wpcf7-list-item\"><input type=\"radio\" name=\"Tipodetrainig\" value=\"Travel coaching\" \/><span class=\"wpcf7-list-item-label\">Travel coaching<\/span><\/span><span class=\"wpcf7-list-item\"><input type=\"radio\" name=\"Tipodetrainig\" value=\"Business\" \/><span class=\"wpcf7-list-item-label\">Business<\/span><\/span><span class=\"wpcf7-list-item\"><input type=\"radio\" name=\"Tipodetrainig\" value=\"Family and relationship\" \/><span class=\"wpcf7-list-item-label\">Family and relationship<\/span><\/span><span class=\"wpcf7-list-item\"><input type=\"radio\" name=\"Tipodetrainig\" value=\"Pr\u00e9paration d\u00b4examens\" \/><span class=\"wpcf7-list-item-label\">Pr\u00e9paration d\u00b4examens<\/span><\/span><span class=\"wpcf7-list-item last\"><input type=\"radio\" name=\"Tipodetrainig\" value=\"Profesional assessment\" \/><span class=\"wpcf7-list-item-label\">Profesional assessment<\/span><\/span><\/span><\/span>\n<\/p>\n<p style=\"color:white;\">Moyen de contact pr\u00e9f\u00e9r\u00e9e :\n<\/p>\n<p><span class=\"wpcf7-form-control-wrap\" data-name=\"metodo-contacto\"><span class=\"wpcf7-form-control wpcf7-radio\"><span class=\"wpcf7-list-item first\"><input type=\"radio\" name=\"metodo-contacto\" value=\"WhatsApp\" checked=\"checked\" \/><span class=\"wpcf7-list-item-label\">WhatsApp<\/span><\/span><span class=\"wpcf7-list-item\"><input type=\"radio\" name=\"metodo-contacto\" value=\"E-mail\" \/><span class=\"wpcf7-list-item-label\">E-mail<\/span><\/span><span class=\"wpcf7-list-item last\"><input type=\"radio\" name=\"metodo-contacto\" value=\"T\u00e9l\u00e9phone\" \/><span class=\"wpcf7-list-item-label\">T\u00e9l\u00e9phone<\/span><\/span><\/span><\/span>\n<\/p>\n<p><span class=\"wpcf7-form-control-wrap\" data-name=\"textarea-369\"><textarea cols=\"40\" rows=\"2\" maxlength=\"2000\" class=\"wpcf7-form-control wpcf7-textarea wpcf7-validates-as-required\" aria-required=\"true\" aria-invalid=\"false\" name=\"textarea-369\">Commente nous tes id\u00e9es afin de pouvoir t&#039;aider \u00e0 faire ton choix<\/textarea><\/span>\n<\/p>\n<p><span class=\"wpcf7-form-control-wrap\" data-name=\"acceptance-995\"><span class=\"wpcf7-form-control wpcf7-acceptance\"><span class=\"wpcf7-list-item\"><input type=\"checkbox\" name=\"acceptance-995\" value=\"1\" aria-invalid=\"false\" \/><\/span><\/span><\/span><a href=\"https:\/\/smartcoco.online\/fr\/aviso-legal\/\" style=\"color:white;\">J'ai lu et accepte les termes d'usages<\/a>\n<\/p>\n<p><input class=\"wpcf7-form-control wpcf7-submit has-spinner\" type=\"submit\" value=\"Envoyer\" \/>\n<\/p><div class=\"wpcf7-response-output\" aria-hidden=\"true\"><\/div>\n<\/form>\n<\/div>\n[\/vc_column_inner][\/vc_row_inner][\/vc_column][\/vc_row][vc_row][vc_column]<div class=\"uavc-list-icon uavc-list-icon-wrapper ult-adjust-bottom-margin   \"><ul class=\"uavc-list\"><li><div class=\"uavc-list-content\" id=\"list-icon-wrap-6461\">\n<div class=\"uavc-list-icon  \" data-animation=\"\" data-animation-delay=\"03\" style=\"margin-right:15px;\"><div class=\"ult-just-icon-wrapper  \"><div class=\"align-icon\" style=\"text-align:center;\">\n<div class=\"aio-icon none \"  style=\"color:#333333;font-size:40px;display:inline-block;\">\n\t<i class=\"Defaults-male\"><\/i>\n<\/div><\/div><\/div>\n<\/div><span  data-ultimate-target='#list-icon-wrap-6461 .uavc-list-desc'  data-responsive-json-new='{\"font-size\":\"\",\"line-height\":\"\"}'  class=\"uavc-list-desc ult-responsive\" style=\"\">\n<h2>Traduction Simultan\u00e9e (Interpr\u00e9tation):<\/h2>\n<p>Comme cons\u00e9quence d\u00b4une laborieuse t\u00e2che de traduction simultan\u00e9e,\u00a0 notre objectif et exp\u00e9rience nous a permit d\u00b4acqu\u00e9rir les aptitudes et la vigueur de mettre en place un service \u00e0 la hauteur de la situation.<\/p>\n<p>Une solution innovatrice o\u00f9 l\u00b4on proportionnera une induction dans le monde de traduction et de l\u00b4interpr\u00e9tation\u00a0 \u00e0 la mesure de chaque usager.<\/span><\/div><\/li><li><div class=\"uavc-list-content\" id=\"list-icon-wrap-5301\">\n<div class=\"uavc-list-icon  \" data-animation=\"\" data-animation-delay=\"03\" style=\"margin-right:15px;\"><div class=\"ult-just-icon-wrapper  \"><div class=\"align-icon\" style=\"text-align:center;\">\n<div class=\"aio-icon none \"  style=\"color:#333333;font-size:40px;display:inline-block;\">\n\t<i class=\"Defaults-wechat weixin\"><\/i>\n<\/div><\/div><\/div>\n<\/div><span  data-ultimate-target='#list-icon-wrap-5301 .uavc-list-desc'  data-responsive-json-new='{\"font-size\":\"\",\"line-height\":\"\"}'  class=\"uavc-list-desc ult-responsive\" style=\"\">\n<h2>Conversation:<\/h2>\n<p>D\u00b4autre part, l\u00b4\u00eatre humain est pourvu d\u00b4un puissant cerveau et de pens\u00e9s\u00a0 profondes, et son habilit\u00e9\u00a0 intrins\u00e8que \u00e0 partager\u00a0 des informations \u00e9loquentes est infinie et superflue.<\/p>\n<p>Pour autant, si vous pensez \u00e0 une conversation fondamentalement, il est clair que,\u00a0 plus elle est profonde plus la relation l&rsquo;est aussi.\u00a0 Ainsi, la conversation d\u00e9termine les relations que nous entretenons.\u00a0 Pour moi cela para\u00eet universelle, et applicable. Sur ce, il\u00a0 ne nous reste plus qu&rsquo;\u00e0 construire nos relations en fonction de nos conversations.<\/p>\n<\/span><\/div><\/li><li><div class=\"uavc-list-content\" id=\"list-icon-wrap-8637\">\n<div class=\"uavc-list-icon  \" data-animation=\"\" data-animation-delay=\"03\" style=\"margin-right:15px;\"><div class=\"ult-just-icon-wrapper  \"><div class=\"align-icon\" style=\"text-align:center;\">\n<div class=\"aio-icon none \"  style=\"color:#333333;font-size:40px;display:inline-block;\">\n\t<i class=\"Defaults-plane\"><\/i>\n<\/div><\/div><\/div>\n<\/div><span  data-ultimate-target='#list-icon-wrap-8637 .uavc-list-desc'  data-responsive-json-new='{\"font-size\":\"\",\"line-height\":\"\"}'  class=\"uavc-list-desc ult-responsive\" style=\"\">\n<h2>Travel coaching:<\/h2>\n<p>Les motifs d\u00b4un voyage incluent :\u00a0 plaisir \/ relaxation \/ d\u00e9couverte et exploration \/ apprendre d&rsquo;autres cultures\/ prendre son propre temps pour construir des relations interpersonnelles.<\/p>\n<p>Ainsi , dis moi o\u00f9 tu veux voyager et je t\u00b4aiderai \u00e0 l \u00b4organiser .<\/p>\n<\/span><\/div><\/li><\/ul><\/div>[\/vc_column][\/vc_row]\n","protected":false},"excerpt":{"rendered":"<p>[vc_row full_width=\u00a0\u00bbstretch_row_content_no_spaces\u00a0\u00bb el_class=\u00a0\u00bbimgsuperior\u00a0\u00bb][vc_column][vc_single_image image=\u00a0\u00bb6701&Prime; img_size=\u00a0\u00bbfull\u00a0\u00bb][vc_empty_space][\/vc_column][\/vc_row][vc_row][vc_column][vc_column_text] Pourquoi, quelque soit ton objectif, notre programme d\u00b4apprentissage et d\u00b4entra\u00eenement te m\u00e8nera au succ\u00e8s ? &nbsp; Comme nous le savons, le mot cours est d\u00e9finit comme:\u00a0 l&rsquo;\u00e9tude d&rsquo;un th\u00e8me concret dans une ample gamme de mati\u00e8re, et les connaissances de bases qui font partie\u00a0\u00a0d\u00b4un dipl\u00f4me. Une fois le dipl\u00f4me et&hellip;<\/p>\n","protected":false},"author":5,"featured_media":0,"parent":0,"menu_order":0,"comment_status":"closed","ping_status":"closed","template":"","meta":{"footnotes":""},"class_list":["post-4054","page","type-page","status-publish","hentry","description-off"],"_links":{"self":[{"href":"https:\/\/smartcoco.online\/fr\/wp-json\/wp\/v2\/pages\/4054"}],"collection":[{"href":"https:\/\/smartcoco.online\/fr\/wp-json\/wp\/v2\/pages"}],"about":[{"href":"https:\/\/smartcoco.online\/fr\/wp-json\/wp\/v2\/types\/page"}],"author":[{"embeddable":true,"href":"https:\/\/smartcoco.online\/fr\/wp-json\/wp\/v2\/users\/5"}],"replies":[{"embeddable":true,"href":"https:\/\/smartcoco.online\/fr\/wp-json\/wp\/v2\/comments?post=4054"}],"version-history":[{"count":36,"href":"https:\/\/smartcoco.online\/fr\/wp-json\/wp\/v2\/pages\/4054\/revisions"}],"predecessor-version":[{"id":6891,"href":"https:\/\/smartcoco.online\/fr\/wp-json\/wp\/v2\/pages\/4054\/revisions\/6891"}],"wp:attachment":[{"href":"https:\/\/smartcoco.online\/fr\/wp-json\/wp\/v2\/media?parent=4054"}],"curies":[{"name":"wp","href":"https:\/\/api.w.org\/{rel}","templated":true}]}}