{"id":4058,"date":"2018-01-22T22:48:05","date_gmt":"2018-01-22T21:48:05","guid":{"rendered":"http:\/\/smartcoco.online\/?page_id=4058"},"modified":"2020-09-03T10:13:23","modified_gmt":"2020-09-03T09:13:23","slug":"negocio","status":"publish","type":"page","link":"https:\/\/smartcoco.online\/fr\/negocio\/","title":{"rendered":"N\u00e9goce"},"content":{"rendered":"[vc_row][vc_column width=\u00a0\u00bb1\/3&Prime; offset=\u00a0\u00bbvc_col-xs-4&Prime;][vc_single_image image=\u00a0\u00bb3619&Prime; img_size=\u00a0\u00bbfull\u00a0\u00bb onclick=\u00a0\u00bbcustom_link\u00a0\u00bb link=\u00a0\u00bbhttps:\/\/smartcoco.online\/fr\/espanol\/\u00a0\u00bb][\/vc_column][vc_column width=\u00a0\u00bb1\/3&Prime; offset=\u00a0\u00bbvc_col-xs-4&Prime;][vc_single_image image=\u00a0\u00bb3463&Prime; img_size=\u00a0\u00bbfull\u00a0\u00bb onclick=\u00a0\u00bbcustom_link\u00a0\u00bb link=\u00a0\u00bbhttps:\/\/smartcoco.online\/fr\/english\/\u00a0\u00bb][\/vc_column][vc_column width=\u00a0\u00bb1\/3&Prime; offset=\u00a0\u00bbvc_col-xs-4&Prime;][vc_single_image image=\u00a0\u00bb3460&Prime; img_size=\u00a0\u00bbfull\u00a0\u00bb onclick=\u00a0\u00bbcustom_link\u00a0\u00bb link=\u00a0\u00bbhttps:\/\/smartcoco.online\/fr\/frances\/\u00a0\u00bb][\/vc_column][\/vc_row][vc_row][vc_column][vc_column_text]\n<h3 style=\"text-align: center;\">\u00a0En quoi consiste les langues dans les affaires et\u00a0 les entreprise?<\/h3>\n<p><span style=\"font-weight: 400;\">\u00a0Nous abordons une vari\u00e9t\u00e9 de th\u00e8mes communs, situations, et habilit\u00e9s, inclus: pr\u00e9sentations, appels t\u00e9l\u00e9phoniques, n\u00e9gociations, conversations, voyages, rencontres, interviews, vocabulaires, expressions idiomatiques, ente autres. Notre objectif consiste \u00e0 enseigner le business de fa\u00e7on la plus naturelle et efficace en: <strong>Fran\u00e7ais-Espagnol-Anglais<\/strong>. Pour cela,\u00a0 nous voulons que les \u00e9tudiants soient capables de faire face \u00e0 de diff\u00e9rentes situations de n\u00e9goce et de\u00a0 travail, avec confiance et dext\u00e9rit\u00e9. \u00a0\u00a0<\/span>[\/vc_column_text][\/vc_column][\/vc_row][vc_row equal_height=\u00a0\u00bbyes\u00a0\u00bb content_placement=\u00a0\u00bbmiddle\u00a0\u00bb][vc_column width=\u00a0\u00bb1\/2&Prime;][vc_single_image image=\u00a0\u00bb330&Prime; img_size=\u00a0\u00bbfull\u00a0\u00bb][\/vc_column][vc_column width=\u00a0\u00bb1\/2&Prime;][vc_column_text]<strong>Nos cours :<\/strong><\/p>\n<ul>\n<li>R\u00e9diger des email\u00a0 \u00a0CVs et lettres d\u00b4accompagnement<\/li>\n<li>Communications\u00a0 t\u00e9l\u00e9phoniques<\/li>\n<li>Exercices de communication face \u00e0 face \/\u00a0 Interviews de travail<\/li>\n<li>Gestion de r\u00e9seaux \u00a0 \/ Socialisation professionnelle<\/li>\n<li>\u00a0Interviews de travail \/ Pr\u00e9sentation d&rsquo;affaire<\/li>\n<li>Performance management<\/li>\n<li>Protocole commercial<\/li>\n<li>Langage corporel \/ verbal \/ non verbal<\/li>\n<li>Languages Assessment<\/li>\n<\/ul>\n[\/vc_column_text][\/vc_column][\/vc_row][vc_row content_placement=\u00a0\u00bbmiddle\u00a0\u00bb][vc_column]<div class=\" ubtn-ctn-inline \"><a class=\"ubtn-link ult-adjust-bottom-margin ubtn-inline ubtn-custom \" href=\"https:\/\/smartcoco.online\/fr\/boutique-negoce\/\" title=\"Tienda\" ><button type=\"button\" id=\"ubtn-1705\"  class=\"ubtn ult-adjust-bottom-margin ult-responsive ubtn-custom ubtn-no-hover-bg  none  ubtn-sep-icon ubtn-sep-icon-at-left  ubtn-shd  ubtn-inline  shd-bottom tooltip-69d8750a7aa95\"  data-hover=\"\" data-border-color=\"\" data-bg=\"#6dab3c\" data-hover-bg=\"\" data-border-hover=\"\" data-shadow-hover=\"0 3px rgba(145,145,145,0.4);\" data-shadow-click=\"\" data-shadow=\"0 5px rgba(145,145,145,0.4);\" data-shd-shadow=\"5\"  data-ultimate-target='#ubtn-1705'  data-responsive-json-new='{\"font-size\":\"desktop:20px;\",\"line-height\":\"\"}'  style=\"font-weight:normal;width:450px;min-height:60px;padding:10px 20px;border:none;box-shadow: 0 5px rgba(145,145,145,0.4);background: #6dab3c;color: #ffffff;\"><span class=\"ubtn-data ubtn-icon\"><i class=\"Defaults-hand-o-right\" style=\"font-size:50px;color:#ffffff;\"><\/i><\/span><span class=\"ubtn-hover\" style=\"background-color:\"><\/span><span class=\"ubtn-data ubtn-text \" >Boutique des trainings<\/span><\/button><\/a><\/div>[\/vc_column][\/vc_row]\n","protected":false},"excerpt":{"rendered":"<p>[vc_row][vc_column width=\u00a0\u00bb1\/3&Prime; offset=\u00a0\u00bbvc_col-xs-4&Prime;][vc_single_image image=\u00a0\u00bb3619&Prime; img_size=\u00a0\u00bbfull\u00a0\u00bb onclick=\u00a0\u00bbcustom_link\u00a0\u00bb link=\u00a0\u00bbhttps:\/\/smartcoco.online\/fr\/espanol\/\u00a0\u00bb][\/vc_column][vc_column width=\u00a0\u00bb1\/3&Prime; offset=\u00a0\u00bbvc_col-xs-4&Prime;][vc_single_image image=\u00a0\u00bb3463&Prime; img_size=\u00a0\u00bbfull\u00a0\u00bb onclick=\u00a0\u00bbcustom_link\u00a0\u00bb link=\u00a0\u00bbhttps:\/\/smartcoco.online\/fr\/english\/\u00a0\u00bb][\/vc_column][vc_column width=\u00a0\u00bb1\/3&Prime; offset=\u00a0\u00bbvc_col-xs-4&Prime;][vc_single_image image=\u00a0\u00bb3460&Prime; img_size=\u00a0\u00bbfull\u00a0\u00bb onclick=\u00a0\u00bbcustom_link\u00a0\u00bb link=\u00a0\u00bbhttps:\/\/smartcoco.online\/fr\/frances\/\u00a0\u00bb][\/vc_column][\/vc_row][vc_row][vc_column][vc_column_text] \u00a0En quoi consiste les langues dans les affaires et\u00a0 les entreprise? \u00a0Nous abordons une vari\u00e9t\u00e9 de th\u00e8mes communs, situations, et habilit\u00e9s, inclus: pr\u00e9sentations, appels t\u00e9l\u00e9phoniques, n\u00e9gociations, conversations, voyages, rencontres, interviews, vocabulaires, expressions idiomatiques, ente autres. Notre&hellip;<\/p>\n","protected":false},"author":5,"featured_media":0,"parent":0,"menu_order":0,"comment_status":"closed","ping_status":"closed","template":"","meta":{"footnotes":""},"class_list":["post-4058","page","type-page","status-publish","hentry","description-off"],"_links":{"self":[{"href":"https:\/\/smartcoco.online\/fr\/wp-json\/wp\/v2\/pages\/4058"}],"collection":[{"href":"https:\/\/smartcoco.online\/fr\/wp-json\/wp\/v2\/pages"}],"about":[{"href":"https:\/\/smartcoco.online\/fr\/wp-json\/wp\/v2\/types\/page"}],"author":[{"embeddable":true,"href":"https:\/\/smartcoco.online\/fr\/wp-json\/wp\/v2\/users\/5"}],"replies":[{"embeddable":true,"href":"https:\/\/smartcoco.online\/fr\/wp-json\/wp\/v2\/comments?post=4058"}],"version-history":[{"count":20,"href":"https:\/\/smartcoco.online\/fr\/wp-json\/wp\/v2\/pages\/4058\/revisions"}],"predecessor-version":[{"id":7318,"href":"https:\/\/smartcoco.online\/fr\/wp-json\/wp\/v2\/pages\/4058\/revisions\/7318"}],"wp:attachment":[{"href":"https:\/\/smartcoco.online\/fr\/wp-json\/wp\/v2\/media?parent=4058"}],"curies":[{"name":"wp","href":"https:\/\/api.w.org\/{rel}","templated":true}]}}