{"id":4065,"date":"2018-01-24T19:31:46","date_gmt":"2018-01-24T18:31:46","guid":{"rendered":"http:\/\/smartcoco.online\/?page_id=4065"},"modified":"2020-07-23T11:21:33","modified_gmt":"2020-07-23T10:21:33","slug":"preparacion-de-examenes","status":"publish","type":"page","link":"https:\/\/smartcoco.online\/fr\/preparacion-de-examenes\/","title":{"rendered":"Pr\u00e9paration d \u00b4examens"},"content":{"rendered":"[vc_row][vc_column width=\u00a0\u00bb1\/3&Prime; offset=\u00a0\u00bbvc_col-xs-4&Prime;][vc_single_image image=\u00a0\u00bb3619&Prime; img_size=\u00a0\u00bbfull\u00a0\u00bb onclick=\u00a0\u00bbcustom_link\u00a0\u00bb link=\u00a0\u00bbhttps:\/\/smartcoco.online\/fr\/espanol\/\u00a0\u00bb][\/vc_column][vc_column width=\u00a0\u00bb1\/3&Prime; offset=\u00a0\u00bbvc_col-xs-4&Prime;][vc_single_image image=\u00a0\u00bb3463&Prime; img_size=\u00a0\u00bbfull\u00a0\u00bb onclick=\u00a0\u00bbcustom_link\u00a0\u00bb link=\u00a0\u00bbhttps:\/\/smartcoco.online\/fr\/english\/\u00a0\u00bb][\/vc_column][vc_column width=\u00a0\u00bb1\/3&Prime; offset=\u00a0\u00bbvc_col-xs-4&Prime;][vc_single_image image=\u00a0\u00bb3460&Prime; img_size=\u00a0\u00bbfull\u00a0\u00bb onclick=\u00a0\u00bbcustom_link\u00a0\u00bb link=\u00a0\u00bbhttps:\/\/smartcoco.online\/fr\/frances\/\u00a0\u00bb][\/vc_column][\/vc_row][vc_row][vc_column][vc_column_text]\n<h3 style=\"text-align: center;\">En quoi consiste un examen, et comment\u00a0 \u00e9valuer ses propres connaissances pendant un examen?<\/h3>\n<div class=\"su-expand su-expand-collapsed su-expand-link-style-underlined\" data-height=\"85\"><div class=\"su-expand-content su-u-trim\" style=\"color:#8b8d94;max-height:85px;overflow:hidden\">Apr\u00e8s une longue exp\u00e9rience dans l&rsquo;enseignement comme <strong>professeur de langue<\/strong> , je pense que les \u00e9tudiants vont juste apr\u00e8s une note extra dans un examen, et ne profitent pas d&rsquo;apprendre les valeurs que le professeur essaye de leur inculquer . En particulier la large exp\u00e9rience d&rsquo;apprentissage que les \u00e9tudiants devront\u00a0 acqu\u00e9rir en \u00e9valuant leurs propres habilet\u00e9s\u00a0\u00a0de fa\u00e7on g\u00e9nial, et en s&rsquo;impliquant tout en \u00e9tant autocritique de leurs erreurs pendant les examens leurs aideront \u00e0 faire mieux.<\/p>\n<p>D&rsquo;une part, Il est s\u00fbr et certain qu&rsquo;une\u00a0\u00a0note soit\u00a0 importante, parce que c&rsquo;est la preuve palpable\u00a0 du r\u00e9sultat de\u00a0 l\u00b4\u00e9valuation d\u00b4un \u00e9tudiant pendant un cours. Cependant, la majeur partie des \u00e9tudiants, ne r\u00e9alisent jamais que les examens font partis\u00a0 de leurs propre exp\u00e9rience d\u00b4apprentissage. Aussi, ils le consid\u00e8rent simplement comme une \u00e9preuve que leurs pose le professeur,\u00a0 pour \u00e9valuer leurs connaissances dans la mati\u00e8re. Par contre, tout examen qui se fait\u00a0 est loin de cet objectif. Certainement, une \u00e9valuation de connaissance fait partie de la raison pour laquelle le professeur soumet les \u00e9tudiants \u00e0 un examen. Toutefois, une autre raison pour laquelle le professeur soumet\u00a0 les \u00e9tudiants \u00e0 un examen, est celle de se rassurer que les \u00e9tudiants font de leurs mieux pour assimiler les mati\u00e8res et y pensent profond\u00e9ment, en d\u00e9pit des questions sp\u00e9cifiques qui peuvent \u00eatre pos\u00e9es.<\/div><div class=\"su-expand-link su-expand-link-more\" style=\"text-align:left\"><a href=\"javascript:;\" style=\"color:#6dab3c;border-color:#6dab3c\"><i class=\"sui sui-chevron-down\" style=\"\" aria-label=\"\"><\/i><span style=\"border-color:#6dab3c\">En plus<\/span><\/a><\/div><div class=\"su-expand-link su-expand-link-less\" style=\"text-align:left\"><a href=\"javascript:;\" style=\"color:#6dab3c;border-color:#6dab3c\"><i class=\"sui sui-chevron-up\" style=\"\" aria-label=\"\"><\/i><span style=\"border-color:#6dab3c\">Montrer moins<\/span><\/a><\/div><\/div>[\/vc_column_text][vc_single_image image=\u00a0\u00bb3708&Prime; img_size=\u00a0\u00bbfull\u00a0\u00bb][vc_column_text]<div class=\"su-expand su-expand-collapsed su-expand-link-style-underlined\" data-height=\"85\"><div class=\"su-expand-content su-u-trim\" style=\"color:#8b8d94;max-height:85px;overflow:hidden\">D&rsquo;autre part, le r\u00f4le important que tient\u00a0 un examen\u00a0 dans la propre exp\u00e9rience\u00a0 d&rsquo;apprentissage d&rsquo;un \u00e9tudiant se perd dans un second plan. Un autre objectif\u00a0 important de quelconque examen\u00a0 consiste \u00e0 aff\u00fbter les aptitudes pour acqu\u00e9rir des habilet\u00e9s intellectuellement riches, concr\u00e8tes, subtiles et concises\u00a0\u00a0dans les r\u00e9ponses. D&rsquo;autre part, l&rsquo;\u00e9tudiant doit \u00eatre capable d&rsquo;analyser et \u00e9valuer ses erreurs dans les r\u00e9ponses de fa\u00e7on critique et \u00eatre capable d&rsquo;acqu\u00e9rir de meilleurs aptitudes pour argumenter ses id\u00e9es dans le futur.<\/p>\n<p>D\u00e9finitivement, on peut apprendre \u00e0 tirer profit de grands b\u00e9n\u00e9fices de ses habilet\u00e9s dans un examen, si\u00a0 l\u00b4on prend le temps suffisant\u00a0 pour d\u00e9finir\u00a0 ses erreurs. Et se demander si l&rsquo;on est en train de r\u00e9pondre \u00e0 la question qui est pos\u00e9e. Ceci est la clef pour perfectionner ses habilet\u00e9s,\u00a0 et obtenir des arguments efficaces et aigus qui serviront pour toute la vie<\/div><div class=\"su-expand-link su-expand-link-more\" style=\"text-align:left\"><a href=\"javascript:;\" style=\"color:#6dab3c;border-color:#6dab3c\"><i class=\"sui sui-chevron-down\" style=\"\" aria-label=\"\"><\/i><span style=\"border-color:#6dab3c\">En plus<\/span><\/a><\/div><div class=\"su-expand-link su-expand-link-less\" style=\"text-align:left\"><a href=\"javascript:;\" style=\"color:#6dab3c;border-color:#6dab3c\"><i class=\"sui sui-chevron-up\" style=\"\" aria-label=\"\"><\/i><span style=\"border-color:#6dab3c\">Montrer moins<\/span><\/a><\/div><\/div>\n<p>Nous avons acquis\u00a0une longue<strong> exp\u00e9rience plus que brillante , et pleine de r\u00e9sultat avec succ\u00e8s<\/strong> en ce qui concerne la pr\u00e9paration des \u00e9tudiants aux examens tels que:[\/vc_column_text][\/vc_column][\/vc_row][vc_row equal_height=\u00a0\u00bbyes\u00a0\u00bb][vc_column width=\u00a0\u00bb1\/3&Prime;][vc_column_text]<strong>EXAMENS OFFICIELS EN FRANCE<\/strong><\/p>\n<p>DELF A1<\/p>\n<p>DELF A2<\/p>\n<p>DELF B1<\/p>\n<p>DELF B2<\/p>\n<p>DALF C1[\/vc_column_text][\/vc_column][vc_column width=\u00a0\u00bb1\/3&Prime;][vc_column_text]<strong>EXAMENS OFFICIELS EN ESPAGNE<\/strong><\/p>\n<ul>\n<li>Prueba de Selectividad<\/li>\n<li>Prueba de acceso a la universidad para mayores de 25 a\u00f1os<\/li>\n<li>Pruebas de acceso a grado medio<\/li>\n<li>Preparaci\u00f3n de ex\u00e1menes de la E.O.I<\/li>\n<\/ul>\n[\/vc_column_text][\/vc_column][vc_column width=\u00a0\u00bb1\/3&Prime;][vc_column_text]<strong>CAMBRIDGE EXAMS:<\/strong><\/p>\n<ul>\n<li>YOUNG LEARNER (YLE)<\/li>\n<li>STARTERS (YLE STARTER)<\/li>\n<li>MOVERS (YLE MOVERS)<\/li>\n<li>FLYERS (YLE FLYERS)<\/li>\n<li>PRELIMINARY (PET)<\/li>\n<li>FIRST (FCE)<\/li>\n<li>ADVANCED (CAE)<\/li>\n<\/ul>\n[\/vc_column_text][\/vc_column][\/vc_row][vc_row equal_height=\u00a0\u00bbyes\u00a0\u00bb content_placement=\u00a0\u00bbmiddle\u00a0\u00bb][vc_column][vc_single_image image=\u00a0\u00bb327&Prime; img_size=\u00a0\u00bbfull\u00a0\u00bb][\/vc_column][\/vc_row][vc_row content_placement=\u00a0\u00bbmiddle\u00a0\u00bb][vc_column]<div class=\" ubtn-ctn-inline \"><a class=\"ubtn-link ult-adjust-bottom-margin ubtn-inline ubtn-custom \" href=\"https:\/\/smartcoco.online\/fr\/tienda-preparacion-de-examenes\/\" title=\"Tienda\" ><button type=\"button\" id=\"ubtn-3596\"  class=\"ubtn ult-adjust-bottom-margin ult-responsive ubtn-custom ubtn-no-hover-bg  none  ubtn-sep-icon ubtn-sep-icon-at-left  ubtn-shd  ubtn-inline  shd-bottom tooltip-69dc52ed0c066\"  data-hover=\"\" data-border-color=\"\" data-bg=\"#6dab3c\" data-hover-bg=\"\" data-border-hover=\"\" data-shadow-hover=\"0 3px rgba(145,145,145,0.4);\" data-shadow-click=\"\" data-shadow=\"0 5px rgba(145,145,145,0.4);\" data-shd-shadow=\"5\"  data-ultimate-target='#ubtn-3596'  data-responsive-json-new='{\"font-size\":\"desktop:20px;\",\"line-height\":\"\"}'  style=\"font-weight:normal;width:400px;min-height:60px;padding:10px 20px;border:none;box-shadow: 0 5px rgba(145,145,145,0.4);background: #6dab3c;color: #ffffff;\"><span class=\"ubtn-data ubtn-icon\"><i class=\"Defaults-hand-o-right\" style=\"font-size:50px;color:#ffffff;\"><\/i><\/span><span class=\"ubtn-hover\" style=\"background-color:\"><\/span><span class=\"ubtn-data ubtn-text \" >Boutique des trainings<\/span><\/button><\/a><\/div>[\/vc_column][\/vc_row]\n","protected":false},"excerpt":{"rendered":"<p>[vc_row][vc_column width=\u00a0\u00bb1\/3&Prime; offset=\u00a0\u00bbvc_col-xs-4&Prime;][vc_single_image image=\u00a0\u00bb3619&Prime; img_size=\u00a0\u00bbfull\u00a0\u00bb onclick=\u00a0\u00bbcustom_link\u00a0\u00bb link=\u00a0\u00bbhttps:\/\/smartcoco.online\/fr\/espanol\/\u00a0\u00bb][\/vc_column][vc_column width=\u00a0\u00bb1\/3&Prime; offset=\u00a0\u00bbvc_col-xs-4&Prime;][vc_single_image image=\u00a0\u00bb3463&Prime; img_size=\u00a0\u00bbfull\u00a0\u00bb onclick=\u00a0\u00bbcustom_link\u00a0\u00bb link=\u00a0\u00bbhttps:\/\/smartcoco.online\/fr\/english\/\u00a0\u00bb][\/vc_column][vc_column width=\u00a0\u00bb1\/3&Prime; offset=\u00a0\u00bbvc_col-xs-4&Prime;][vc_single_image image=\u00a0\u00bb3460&Prime; img_size=\u00a0\u00bbfull\u00a0\u00bb onclick=\u00a0\u00bbcustom_link\u00a0\u00bb link=\u00a0\u00bbhttps:\/\/smartcoco.online\/fr\/frances\/\u00a0\u00bb][\/vc_column][\/vc_row][vc_row][vc_column][vc_column_text] En quoi consiste un examen, et comment\u00a0 \u00e9valuer ses propres connaissances pendant un examen? [\/vc_column_text][vc_single_image image=\u00a0\u00bb3708&Prime; img_size=\u00a0\u00bbfull\u00a0\u00bb][vc_column_text] Nous avons acquis\u00a0une longue exp\u00e9rience plus que brillante , et pleine de r\u00e9sultat avec succ\u00e8s en ce qui concerne&hellip;<\/p>\n","protected":false},"author":5,"featured_media":0,"parent":0,"menu_order":0,"comment_status":"closed","ping_status":"closed","template":"","meta":{"footnotes":""},"class_list":["post-4065","page","type-page","status-publish","hentry","description-off"],"_links":{"self":[{"href":"https:\/\/smartcoco.online\/fr\/wp-json\/wp\/v2\/pages\/4065"}],"collection":[{"href":"https:\/\/smartcoco.online\/fr\/wp-json\/wp\/v2\/pages"}],"about":[{"href":"https:\/\/smartcoco.online\/fr\/wp-json\/wp\/v2\/types\/page"}],"author":[{"embeddable":true,"href":"https:\/\/smartcoco.online\/fr\/wp-json\/wp\/v2\/users\/5"}],"replies":[{"embeddable":true,"href":"https:\/\/smartcoco.online\/fr\/wp-json\/wp\/v2\/comments?post=4065"}],"version-history":[{"count":23,"href":"https:\/\/smartcoco.online\/fr\/wp-json\/wp\/v2\/pages\/4065\/revisions"}],"predecessor-version":[{"id":7218,"href":"https:\/\/smartcoco.online\/fr\/wp-json\/wp\/v2\/pages\/4065\/revisions\/7218"}],"wp:attachment":[{"href":"https:\/\/smartcoco.online\/fr\/wp-json\/wp\/v2\/media?parent=4065"}],"curies":[{"name":"wp","href":"https:\/\/api.w.org\/{rel}","templated":true}]}}