{"id":4068,"date":"2018-01-24T19:37:42","date_gmt":"2018-01-24T18:37:42","guid":{"rendered":"http:\/\/smartcoco.online\/?page_id=4068"},"modified":"2020-07-23T11:08:23","modified_gmt":"2020-07-23T10:08:23","slug":"familia-y-parentesco","status":"publish","type":"page","link":"https:\/\/smartcoco.online\/fr\/familia-y-parentesco\/","title":{"rendered":"Famille et Parent\u00e9s"},"content":{"rendered":"[vc_row][vc_column width=\u00a0\u00bb1\/3&Prime; offset=\u00a0\u00bbvc_col-xs-4&Prime;][vc_single_image image=\u00a0\u00bb3619&Prime; img_size=\u00a0\u00bbfull\u00a0\u00bb onclick=\u00a0\u00bbcustom_link\u00a0\u00bb link=\u00a0\u00bbhttps:\/\/smartcoco.online\/fr\/espanol\/\u00a0\u00bb][\/vc_column][vc_column width=\u00a0\u00bb1\/3&Prime; offset=\u00a0\u00bbvc_col-xs-4&Prime;][vc_single_image image=\u00a0\u00bb3463&Prime; img_size=\u00a0\u00bbfull\u00a0\u00bb onclick=\u00a0\u00bbcustom_link\u00a0\u00bb link=\u00a0\u00bbhttps:\/\/smartcoco.online\/fr\/english\/\u00a0\u00bb][\/vc_column][vc_column width=\u00a0\u00bb1\/3&Prime; offset=\u00a0\u00bbvc_col-xs-4&Prime;][vc_single_image image=\u00a0\u00bb3460&Prime; img_size=\u00a0\u00bbfull\u00a0\u00bb onclick=\u00a0\u00bbcustom_link\u00a0\u00bb link=\u00a0\u00bbhttps:\/\/smartcoco.online\/fr\/frances\/\u00a0\u00bb][\/vc_column][\/vc_row][vc_row][vc_column][vc_column_text]\n<h3 style=\"text-align: center;\">Comment aurions-nous pu perp\u00e9tuer notre esp\u00e8ce jusqu\u00b4\u00e0 ce stade et construire notre civilisation jusqu&rsquo;\u00e0 nos jours\u00a0 ?<\/h3>\n<div class=\"su-expand su-expand-collapsed su-expand-link-style-underlined\" data-height=\"85\"><div class=\"su-expand-content su-u-trim\" style=\"color:#8b8d94;max-height:85px;overflow:hidden\">Des \u00e9tudes en relations familiales montrent\u00a0 l&rsquo;important r\u00f4le que jouent les parents, la chaleur et l&rsquo;affection qu&rsquo;ils apportent tout au long de la trajectoire, en communication en plus de la claire expectative dans le bon comportement des enfants. D\u00e9dier du temps aux\u00a0 membres de la famille, en se communiquant de fa\u00e7on efficace et s\u00b4appuyant les un sur les autres, sont les voies les plus importantes pour construire et fortifier une relation familiale positive. L&rsquo;affection et l&rsquo;attitude des parents peuvent \u00e9tablir un ton de communication positif \u00e0 travers leur propre example. La fa\u00e7on d&rsquo;\u00e9couter et\u00a0 l&rsquo;attention qu\u00b4ils portent, au moment o\u00f9 un membre de la famille s&rsquo;exprime, est aussi importante que la forme de le transmettre.<\/p>\n<p>Diriger des relations familiales o\u00f9 les n\u00e9cessit\u00e9s les plus importantes de chacun doivent co\u00efncider est une t\u00e2che ardue. Dans toutes les familles, il y a des moments de frustrations et de peines qui peuvent induire \u00e0 des malentendus. Pour cela, quand arrive ce genre de situation, cela requiert une une connection tr\u00e8s positive, et une g\u00e9rance cr\u00e9ative pour maintenir une tr\u00e8s bonne communication. Ainsi, avoir une communication effective signifie que chacun ai la parole et soit \u00e9cout\u00e9. Cela peut se convertir, en un d\u00e9fit dans un cadre familial occup\u00e9. En d\u00e9finitive, \u00eatre sous pression pour obtenir gain de cause signifie avoir peu de \u00a0\u00bb qualit\u00e9 de temps\u00a0 \u00a0\u00bb pour converser et se comprendre les un et les autres.<\/div><div class=\"su-expand-link su-expand-link-more\" style=\"text-align:left\"><a href=\"javascript:;\" style=\"color:#6dab3c;border-color:#6dab3c\"><i class=\"sui sui-chevron-down\" style=\"\" aria-label=\"\"><\/i><span style=\"border-color:#6dab3c\">En plus<\/span><\/a><\/div><div class=\"su-expand-link su-expand-link-less\" style=\"text-align:left\"><a href=\"javascript:;\" style=\"color:#6dab3c;border-color:#6dab3c\"><i class=\"sui sui-chevron-up\" style=\"\" aria-label=\"\"><\/i><span style=\"border-color:#6dab3c\">Montrer moins<\/span><\/a><\/div><\/div>[\/vc_column_text][\/vc_column][\/vc_row][vc_row equal_height=\u00a0\u00bbyes\u00a0\u00bb content_placement=\u00a0\u00bbmiddle\u00a0\u00bb][vc_column width=\u00a0\u00bb1\/2&Prime;][vc_column_text]\n<ul>\n<li>Vid\u00e9os interactifs\u00a0 ( apprendre en\u00a0 : jouant , dessinant , chantant dans de diff\u00e9rentes langues )<\/li>\n<li>conte interactifs\u00a0 ( apprendre \u00e0 raconter des conte dans de diff\u00e9rentes langues )<\/li>\n<li>comment \u00e9duquer sa mascotte ( conduite psychologique )<\/li>\n<li>habilit\u00e9es interactives : tongue -twister ( virelangue ) \/ blagues\u00a0 ( histoire dr\u00f4le\u00a0)\/using rhymes ( language play with rhymes )<\/li>\n<li>\u00a0L&rsquo;importance d\u00b4une mascotte dans la famille et ses alentours<\/li>\n<li>\u00a0support aux\u00a0 parents pour aider pendant les devoirs des enfants<\/li>\n<li>Yo kiddy (apprendre en jouant \/chantant\/ dessinant )<\/li>\n<\/ul>\n[\/vc_column_text][\/vc_column][vc_column width=\u00a0\u00bb1\/2&Prime;][vc_single_image image=\u00a0\u00bb3593&Prime; img_size=\u00a0\u00bbfull\u00a0\u00bb][\/vc_column][\/vc_row][vc_row content_placement=\u00a0\u00bbmiddle\u00a0\u00bb][vc_column]<div class=\" ubtn-ctn-inline \"><a class=\"ubtn-link ult-adjust-bottom-margin ubtn-inline ubtn-custom \" href=\"https:\/\/smartcoco.online\/fr\/tienda-familia-y-parentesco\/\" title=\"Tienda\" ><button type=\"button\" id=\"ubtn-4321\"  class=\"ubtn ult-adjust-bottom-margin ult-responsive ubtn-custom ubtn-no-hover-bg  none  ubtn-sep-icon ubtn-sep-icon-at-left  ubtn-shd  ubtn-inline  shd-bottom tooltip-69dc52f2cdcbb\"  data-hover=\"\" data-border-color=\"\" data-bg=\"#6dab3c\" data-hover-bg=\"\" data-border-hover=\"\" data-shadow-hover=\"0 3px rgba(145,145,145,0.4);\" data-shadow-click=\"\" data-shadow=\"0 5px rgba(145,145,145,0.4);\" data-shd-shadow=\"5\"  data-ultimate-target='#ubtn-4321'  data-responsive-json-new='{\"font-size\":\"desktop:20px;\",\"line-height\":\"\"}'  style=\"font-weight:normal;width:400px;min-height:60px;padding:10px 20px;border:none;box-shadow: 0 5px rgba(145,145,145,0.4);background: #6dab3c;color: #ffffff;\"><span class=\"ubtn-data ubtn-icon\"><i class=\"Defaults-hand-o-right\" style=\"font-size:50px;color:#ffffff;\"><\/i><\/span><span class=\"ubtn-hover\" style=\"background-color:\"><\/span><span class=\"ubtn-data ubtn-text \" >Boutique des trainings<\/span><\/button><\/a><\/div>[\/vc_column][\/vc_row]\n","protected":false},"excerpt":{"rendered":"<p>[vc_row][vc_column width=\u00a0\u00bb1\/3&Prime; offset=\u00a0\u00bbvc_col-xs-4&Prime;][vc_single_image image=\u00a0\u00bb3619&Prime; img_size=\u00a0\u00bbfull\u00a0\u00bb onclick=\u00a0\u00bbcustom_link\u00a0\u00bb link=\u00a0\u00bbhttps:\/\/smartcoco.online\/fr\/espanol\/\u00a0\u00bb][\/vc_column][vc_column width=\u00a0\u00bb1\/3&Prime; offset=\u00a0\u00bbvc_col-xs-4&Prime;][vc_single_image image=\u00a0\u00bb3463&Prime; img_size=\u00a0\u00bbfull\u00a0\u00bb onclick=\u00a0\u00bbcustom_link\u00a0\u00bb link=\u00a0\u00bbhttps:\/\/smartcoco.online\/fr\/english\/\u00a0\u00bb][\/vc_column][vc_column width=\u00a0\u00bb1\/3&Prime; offset=\u00a0\u00bbvc_col-xs-4&Prime;][vc_single_image image=\u00a0\u00bb3460&Prime; img_size=\u00a0\u00bbfull\u00a0\u00bb onclick=\u00a0\u00bbcustom_link\u00a0\u00bb link=\u00a0\u00bbhttps:\/\/smartcoco.online\/fr\/frances\/\u00a0\u00bb][\/vc_column][\/vc_row][vc_row][vc_column][vc_column_text] Comment aurions-nous pu perp\u00e9tuer notre esp\u00e8ce jusqu\u00b4\u00e0 ce stade et construire notre civilisation jusqu&rsquo;\u00e0 nos jours\u00a0 ? [\/vc_column_text][\/vc_column][\/vc_row][vc_row equal_height=\u00a0\u00bbyes\u00a0\u00bb content_placement=\u00a0\u00bbmiddle\u00a0\u00bb][vc_column width=\u00a0\u00bb1\/2&Prime;][vc_column_text] Vid\u00e9os interactifs\u00a0 ( apprendre en\u00a0 : jouant , dessinant , chantant dans de diff\u00e9rentes langues&hellip;<\/p>\n","protected":false},"author":5,"featured_media":0,"parent":0,"menu_order":0,"comment_status":"closed","ping_status":"closed","template":"","meta":{"footnotes":""},"class_list":["post-4068","page","type-page","status-publish","hentry","description-off"],"_links":{"self":[{"href":"https:\/\/smartcoco.online\/fr\/wp-json\/wp\/v2\/pages\/4068"}],"collection":[{"href":"https:\/\/smartcoco.online\/fr\/wp-json\/wp\/v2\/pages"}],"about":[{"href":"https:\/\/smartcoco.online\/fr\/wp-json\/wp\/v2\/types\/page"}],"author":[{"embeddable":true,"href":"https:\/\/smartcoco.online\/fr\/wp-json\/wp\/v2\/users\/5"}],"replies":[{"embeddable":true,"href":"https:\/\/smartcoco.online\/fr\/wp-json\/wp\/v2\/comments?post=4068"}],"version-history":[{"count":19,"href":"https:\/\/smartcoco.online\/fr\/wp-json\/wp\/v2\/pages\/4068\/revisions"}],"predecessor-version":[{"id":7214,"href":"https:\/\/smartcoco.online\/fr\/wp-json\/wp\/v2\/pages\/4068\/revisions\/7214"}],"wp:attachment":[{"href":"https:\/\/smartcoco.online\/fr\/wp-json\/wp\/v2\/media?parent=4068"}],"curies":[{"name":"wp","href":"https:\/\/api.w.org\/{rel}","templated":true}]}}