{"id":4070,"date":"2018-01-30T23:32:49","date_gmt":"2018-01-30T22:32:49","guid":{"rendered":"http:\/\/smartcoco.online\/?page_id=4070"},"modified":"2020-07-23T11:04:15","modified_gmt":"2020-07-23T10:04:15","slug":"traduccion-de-documentos","status":"publish","type":"page","link":"https:\/\/smartcoco.online\/fr\/traduccion-de-documentos\/","title":{"rendered":"Traduction"},"content":{"rendered":"[vc_row][vc_column width=\u00a0\u00bb1\/3&Prime; offset=\u00a0\u00bbvc_col-xs-4&Prime;][vc_single_image image=\u00a0\u00bb3619&Prime; img_size=\u00a0\u00bbfull\u00a0\u00bb onclick=\u00a0\u00bbcustom_link\u00a0\u00bb link=\u00a0\u00bbhttps:\/\/smartcoco.online\/fr\/espanol\/\u00a0\u00bb][\/vc_column][vc_column width=\u00a0\u00bb1\/3&Prime; offset=\u00a0\u00bbvc_col-xs-4&Prime;][vc_single_image image=\u00a0\u00bb3463&Prime; img_size=\u00a0\u00bbfull\u00a0\u00bb onclick=\u00a0\u00bbcustom_link\u00a0\u00bb link=\u00a0\u00bbhttps:\/\/smartcoco.online\/fr\/english\/\u00a0\u00bb][\/vc_column][vc_column width=\u00a0\u00bb1\/3&Prime; offset=\u00a0\u00bbvc_col-xs-4&Prime;][vc_single_image image=\u00a0\u00bb3460&Prime; img_size=\u00a0\u00bbfull\u00a0\u00bb onclick=\u00a0\u00bbcustom_link\u00a0\u00bb link=\u00a0\u00bbhttps:\/\/smartcoco.online\/fr\/frances\/\u00a0\u00bb][\/vc_column][\/vc_row][vc_row][vc_column][vc_empty_space][vc_column_text]\n<h3>En quoi consiste la traduction?<\/h3>\n<div class=\"su-expand su-expand-collapsed su-expand-link-style-underlined\" data-height=\"85\"><div class=\"su-expand-content su-u-trim\" style=\"color:#8b8d94;max-height:85px;overflow:hidden\">La traduction est la communication de la signification d\u00b4une source de\u00a0 texte de langage bas\u00e9e sur un texte de langage \u00e9quivalent. La langue anglaise suscite une distinction terminologique ( que d \u00b4autres langues n\u00b4ont pas ) entre traduire ( un texte \u00e9crit ) et interpr\u00e9ter ( le langage de signes ou le langage oral, entre les utilisateurs de diff\u00e9rents langages ). Sous cette distinction, la traduction peu just commencer apr\u00e8s l\u00b4apparence d\u00b4\u00e9crire dans un langage communautaire.<\/p>\n<p>Un traducteur coure toujours par inadvertance le risque d&rsquo;introduire comme source de langage, des mots, de la\u00a0 grammaire, de lexique ou de la syntax bas\u00e9e dans une source de langage d\u00b4interpr\u00e9tation. D\u00b4autre part, de tels \u00ab\u00a0d\u00e9bordement \u00a0\u00bb ont quelque\u00a0 fois des sources d\u00b4importations de langage tr\u00e8s utile calqu\u00e9es et emprunt\u00e9es qui\u00a0 enrichissent la base du langage. Les traducteurs, les premiers traducteurs de textes sacr\u00e9s inclus ont aid\u00e9s \u00e0 modeler et\u00a0 b\u00e2tir le v\u00e9ritable langage dans lequel\u00a0 la traduction se fait de nos jours.<\/div><div class=\"su-expand-link su-expand-link-more\" style=\"text-align:left\"><a href=\"javascript:;\" style=\"color:#6dab3c;border-color:#6dab3c\"><i class=\"sui sui-chevron-down\" style=\"\" aria-label=\"\"><\/i><span style=\"border-color:#6dab3c\">En plus<\/span><\/a><\/div><div class=\"su-expand-link su-expand-link-less\" style=\"text-align:left\"><a href=\"javascript:;\" style=\"color:#6dab3c;border-color:#6dab3c\"><i class=\"sui sui-chevron-up\" style=\"\" aria-label=\"\"><\/i><span style=\"border-color:#6dab3c\">Montrer moins<\/span><\/a><\/div><\/div>\n<p>Cons\u00e9quente \u00e0 la laborieuse t\u00e2che du processus de la traduction, depuis les ann\u00e9es 1940, des efforts ont \u00e9t\u00e9 faits, partant de degr\u00e9s variables de r\u00e9ussites, \u00e0 de traductions automatis\u00e9es ou aid\u00e9 m\u00e9caniquement par de traducteurs humains. Plus r\u00e9cemment, l&rsquo;expansion de l&rsquo;internet a forg\u00e9 un vaste march\u00e9 mondial\u00a0 de service de traduction et permit de faciliter la localisation du langage.<\/p>\n<ul>\n<li>traduction de:\u00a0 textes \/ documents<\/li>\n<li>traduction professionnelle : site web et software \/ mat\u00e9riel\u00a0de marketing et vente<\/li>\n<li>traduction de: manuels d&rsquo;instructions\/ manuels\u00a0 technique<\/li>\n<li>traduction simultan\u00e9e<\/li>\n<\/ul>\n[\/vc_column_text][\/vc_column][\/vc_row][vc_row equal_height=\u00a0\u00bbyes\u00a0\u00bb content_placement=\u00a0\u00bbmiddle\u00a0\u00bb css=\u00a0\u00bb.vc_custom_1555070812568{margin-bottom: 40px !important;}\u00a0\u00bb][vc_column]<div class=\"twentytwenty-container\" data-orientation=\"horizontal\" data-offset=\"0.5\"><img loading=\"lazy\" decoding=\"async\" class=\"preload-me\" src=\"https:\/\/smartcoco.online\/wp-content\/uploads\/frances-traduccion.jpg\" width=\"837\" height=\"568\"  title=\"frances-traduccion\" alt=\"\"><img loading=\"lazy\" decoding=\"async\" class=\"preload-me\" src=\"https:\/\/smartcoco.online\/wp-content\/uploads\/espa\u00f1ol-traduccion.jpg\" width=\"837\" height=\"568\"  title=\"espa\u00f1ol-traduccion\" alt=\"\"><\/div>[\/vc_column][\/vc_row][vc_row equal_height=\u00a0\u00bbyes\u00a0\u00bb content_placement=\u00a0\u00bbmiddle\u00a0\u00bb css=\u00a0\u00bb.vc_custom_1555070812568{margin-bottom: 40px !important;}\u00a0\u00bb][vc_column]<div class=\"twentytwenty-container\" data-orientation=\"horizontal\" data-offset=\"0.5\"><img loading=\"lazy\" decoding=\"async\" class=\"preload-me\" src=\"https:\/\/smartcoco.online\/wp-content\/uploads\/frances-traduccion.jpg\" width=\"837\" height=\"568\"  title=\"frances-traduccion\" alt=\"\"><img loading=\"lazy\" decoding=\"async\" class=\"preload-me\" src=\"https:\/\/smartcoco.online\/wp-content\/uploads\/ingles-traduccion.jpg\" width=\"837\" height=\"568\"  title=\"ingles-traduccion\" alt=\"\"><\/div>[\/vc_column][\/vc_row][vc_row content_placement=\u00a0\u00bbmiddle\u00a0\u00bb][vc_column]<div class=\" ubtn-ctn-inline \"><a class=\"ubtn-link ult-adjust-bottom-margin ubtn-inline ubtn-custom \" href=\"https:\/\/smartcoco.online\/fr\/tienda-traduccion\/\" title=\"Tienda\" ><button type=\"button\" id=\"ubtn-4824\"  class=\"ubtn ult-adjust-bottom-margin ult-responsive ubtn-custom ubtn-no-hover-bg  none  ubtn-sep-icon ubtn-sep-icon-at-left  ubtn-shd  ubtn-inline  shd-bottom tooltip-69dc535ca16d5\"  data-hover=\"\" data-border-color=\"\" data-bg=\"#6dab3c\" data-hover-bg=\"\" data-border-hover=\"\" data-shadow-hover=\"0 3px rgba(145,145,145,0.4);\" data-shadow-click=\"\" data-shadow=\"0 5px rgba(145,145,145,0.4);\" data-shd-shadow=\"5\"  data-ultimate-target='#ubtn-4824'  data-responsive-json-new='{\"font-size\":\"desktop:20px;\",\"line-height\":\"\"}'  style=\"font-weight:normal;width:400px;min-height:60px;padding:10px 20px;border:none;box-shadow: 0 5px rgba(145,145,145,0.4);background: #6dab3c;color: #ffffff;\"><span class=\"ubtn-data ubtn-icon\"><i class=\"Defaults-hand-o-right\" style=\"font-size:50px;color:#ffffff;\"><\/i><\/span><span class=\"ubtn-hover\" style=\"background-color:\"><\/span><span class=\"ubtn-data ubtn-text \" >Boutique des trainings<\/span><\/button><\/a><\/div>[\/vc_column][\/vc_row]\n","protected":false},"excerpt":{"rendered":"<p>[vc_row][vc_column width=\u00a0\u00bb1\/3&Prime; offset=\u00a0\u00bbvc_col-xs-4&Prime;][vc_single_image image=\u00a0\u00bb3619&Prime; img_size=\u00a0\u00bbfull\u00a0\u00bb onclick=\u00a0\u00bbcustom_link\u00a0\u00bb link=\u00a0\u00bbhttps:\/\/smartcoco.online\/fr\/espanol\/\u00a0\u00bb][\/vc_column][vc_column width=\u00a0\u00bb1\/3&Prime; offset=\u00a0\u00bbvc_col-xs-4&Prime;][vc_single_image image=\u00a0\u00bb3463&Prime; img_size=\u00a0\u00bbfull\u00a0\u00bb onclick=\u00a0\u00bbcustom_link\u00a0\u00bb link=\u00a0\u00bbhttps:\/\/smartcoco.online\/fr\/english\/\u00a0\u00bb][\/vc_column][vc_column width=\u00a0\u00bb1\/3&Prime; offset=\u00a0\u00bbvc_col-xs-4&Prime;][vc_single_image image=\u00a0\u00bb3460&Prime; img_size=\u00a0\u00bbfull\u00a0\u00bb onclick=\u00a0\u00bbcustom_link\u00a0\u00bb link=\u00a0\u00bbhttps:\/\/smartcoco.online\/fr\/frances\/\u00a0\u00bb][\/vc_column][\/vc_row][vc_row][vc_column][vc_empty_space][vc_column_text] En quoi consiste la traduction? Cons\u00e9quente \u00e0 la laborieuse t\u00e2che du processus de la traduction, depuis les ann\u00e9es 1940, des efforts ont \u00e9t\u00e9 faits, partant de degr\u00e9s variables de r\u00e9ussites, \u00e0 de traductions automatis\u00e9es ou aid\u00e9&hellip;<\/p>\n","protected":false},"author":6,"featured_media":0,"parent":0,"menu_order":0,"comment_status":"closed","ping_status":"closed","template":"","meta":{"footnotes":""},"class_list":["post-4070","page","type-page","status-publish","hentry","description-off"],"_links":{"self":[{"href":"https:\/\/smartcoco.online\/fr\/wp-json\/wp\/v2\/pages\/4070"}],"collection":[{"href":"https:\/\/smartcoco.online\/fr\/wp-json\/wp\/v2\/pages"}],"about":[{"href":"https:\/\/smartcoco.online\/fr\/wp-json\/wp\/v2\/types\/page"}],"author":[{"embeddable":true,"href":"https:\/\/smartcoco.online\/fr\/wp-json\/wp\/v2\/users\/6"}],"replies":[{"embeddable":true,"href":"https:\/\/smartcoco.online\/fr\/wp-json\/wp\/v2\/comments?post=4070"}],"version-history":[{"count":14,"href":"https:\/\/smartcoco.online\/fr\/wp-json\/wp\/v2\/pages\/4070\/revisions"}],"predecessor-version":[{"id":7212,"href":"https:\/\/smartcoco.online\/fr\/wp-json\/wp\/v2\/pages\/4070\/revisions\/7212"}],"wp:attachment":[{"href":"https:\/\/smartcoco.online\/fr\/wp-json\/wp\/v2\/media?parent=4070"}],"curies":[{"name":"wp","href":"https:\/\/api.w.org\/{rel}","templated":true}]}}