{"id":4078,"date":"2019-04-12T14:10:37","date_gmt":"2019-04-12T12:10:37","guid":{"rendered":"http:\/\/smartcoco.online\/?page_id=4078"},"modified":"2020-08-12T08:18:40","modified_gmt":"2020-08-12T07:18:40","slug":"traduccion-simultanea","status":"publish","type":"page","link":"https:\/\/smartcoco.online\/fr\/traduccion-simultanea\/","title":{"rendered":"Traduction Simultan\u00e9e"},"content":{"rendered":"[vc_row][vc_column width=\u00a0\u00bb1\/3&Prime; offset=\u00a0\u00bbvc_col-xs-4&Prime;][vc_single_image image=\u00a0\u00bb3619&Prime; img_size=\u00a0\u00bbfull\u00a0\u00bb onclick=\u00a0\u00bbcustom_link\u00a0\u00bb link=\u00a0\u00bbhttps:\/\/smartcoco.online\/fr\/espanol\/\u00a0\u00bb][\/vc_column][vc_column width=\u00a0\u00bb1\/3&Prime; offset=\u00a0\u00bbvc_col-xs-4&Prime;][vc_single_image image=\u00a0\u00bb3463&Prime; img_size=\u00a0\u00bbfull\u00a0\u00bb onclick=\u00a0\u00bbcustom_link\u00a0\u00bb link=\u00a0\u00bbhttps:\/\/smartcoco.online\/fr\/english\/\u00a0\u00bb][\/vc_column][vc_column width=\u00a0\u00bb1\/3&Prime; offset=\u00a0\u00bbvc_col-xs-4&Prime;][vc_single_image image=\u00a0\u00bb3460&Prime; img_size=\u00a0\u00bbfull\u00a0\u00bb onclick=\u00a0\u00bbcustom_link\u00a0\u00bb link=\u00a0\u00bbhttps:\/\/smartcoco.online\/fr\/frances\/\u00a0\u00bb][\/vc_column][\/vc_row][vc_row][vc_column][vc_column_text]Smart coco, la solution dans un web-site , muni de divers m\u00e9thodes innovatrices de traduction simultan\u00e9e et d\u00b4interpr\u00e9tation. Nous proportionnons principalement et recrutons des professionnels\u00a0 de la linguistique\u00a0 hautement qualifi\u00e9 partout dans le monde pour enfin, fournir un service \u00e0 nos clients les plus exigents.<\/p>\n<h3 style=\"text-align: center;\">Comment d\u00e9terminons-nous et focalisons la traduction simultan\u00e9e?<\/h3>\n<div class=\"su-expand su-expand-collapsed su-expand-link-style-underlined\" data-height=\"85\"><div class=\"su-expand-content su-u-trim\" style=\"color:#8b8d94;max-height:85px;overflow:hidden\">Nous pr\u00e9sentons une nouvelle zone d\u00b4action d\u00e9rivant de l\u00b4apprentissage linguistique faisant partit de notre portfolio. Le d\u00e9nominateur commun de notre activit\u00e9 est le training. Motif pour lequel, l\u00b4exp\u00e9rience en training nous procure l\u00b4habilit\u00e9 et\u00b4imp\u00e9tueuse position d\u00b4entreprendre des recherches pour mettre en place un site \u00e0 la hauteur d\u00b4un leadership en mati\u00e8re de traduction simultan\u00e9e et interpr\u00e9tation.<\/p>\n<p>Smart coco \u00e0 des objectif extr\u00eamement s\u00e9rieux. Nos traducteurs simultan\u00e9s travaillent pr\u00e8s et loin de leur entourage. Proportionnant leurs services de supports en traduction,\u00a0 aux agences locaux et\u00a0 nationaux, d\u00e9partements internationals et organisations multinationals. D\u00b4autre services, aussi pour les clients n\u00e9cessitant voyager avec son propre traducteur personnel habile et exp\u00e9riment\u00e9, seront\u00a0 assign\u00e9 partout dans le monde.<\/div><div class=\"su-expand-link su-expand-link-more\" style=\"text-align:left\"><a href=\"javascript:;\" style=\"color:#6dab3c;border-color:#6dab3c\"><i class=\"sui sui-chevron-down\" style=\"\" aria-label=\"\"><\/i><span style=\"border-color:#6dab3c\">En plus<\/span><\/a><\/div><div class=\"su-expand-link su-expand-link-less\" style=\"text-align:left\"><a href=\"javascript:;\" style=\"color:#6dab3c;border-color:#6dab3c\"><i class=\"sui sui-chevron-up\" style=\"\" aria-label=\"\"><\/i><span style=\"border-color:#6dab3c\">Montrer moins<\/span><\/a><\/div><\/div>[\/vc_column_text][\/vc_column][\/vc_row][vc_row equal_height=\u00a0\u00bbyes\u00a0\u00bb content_placement=\u00a0\u00bbmiddle\u00a0\u00bb][vc_column width=\u00a0\u00bb1\/2&Prime;][vc_column_text]\n<ul>\n<li style=\"font-weight: 400;\">Service sous budget\u00a0 au pr\u00e9alable<\/li>\n<li>Voyage et\u00a0 frais \u00e0 la charge du client<\/li>\n<\/ul>\n[\/vc_column_text][\/vc_column][vc_column width=\u00a0\u00bb1\/2&Prime;][\/vc_column][\/vc_row][vc_row content_placement=\u00a0\u00bbmiddle\u00a0\u00bb][vc_column width=\u00a0\u00bb1\/2&Prime;][vc_column_text]Rempli le formulaire et nous vous contactons le plus t\u00f4t possible .[\/vc_column_text][vc_row_inner][vc_column_inner el_class=\u00a0\u00bbformulario_verde\u00a0\u00bb]\n<div class=\"wpcf7 no-js\" id=\"wpcf7-f5034-o1\" lang=\"es-ES\" dir=\"ltr\" data-wpcf7-id=\"5034\">\n<div class=\"screen-reader-response\"><p role=\"status\" aria-live=\"polite\" aria-atomic=\"true\"><\/p> <ul><\/ul><\/div>\n<form action=\"\/fr\/wp-json\/wp\/v2\/pages\/4078#wpcf7-f5034-o1\" method=\"post\" class=\"wpcf7-form init wpcf7-acceptance-as-validation\" aria-label=\"Formulario de contacto\" novalidate=\"novalidate\" data-status=\"init\">\n<div style=\"display: none;\">\n<input type=\"hidden\" name=\"_wpcf7\" value=\"5034\" \/>\n<input type=\"hidden\" name=\"_wpcf7_version\" value=\"6.0.6\" \/>\n<input type=\"hidden\" name=\"_wpcf7_locale\" value=\"es_ES\" \/>\n<input type=\"hidden\" name=\"_wpcf7_unit_tag\" value=\"wpcf7-f5034-o1\" \/>\n<input type=\"hidden\" name=\"_wpcf7_container_post\" value=\"0\" \/>\n<input type=\"hidden\" name=\"_wpcf7_posted_data_hash\" value=\"\" \/>\n<input type=\"hidden\" name=\"_wpcf7_recaptcha_response\" value=\"\" \/>\n<\/div>\n<p><label><span class=\"wpcf7-form-control-wrap\" data-name=\"Nombre\"><input size=\"40\" maxlength=\"400\" class=\"wpcf7-form-control wpcf7-text wpcf7-validates-as-required\" aria-required=\"true\" aria-invalid=\"false\" placeholder=\"Noms et Pr\u00e9noms\" value=\"\" type=\"text\" name=\"Nombre\" \/><\/span> <\/label>\n<\/p>\n<p><label><span class=\"wpcf7-form-control-wrap\" data-name=\"Email\"><input size=\"40\" maxlength=\"400\" class=\"wpcf7-form-control wpcf7-email wpcf7-validates-as-required wpcf7-text wpcf7-validates-as-email\" aria-required=\"true\" aria-invalid=\"false\" placeholder=\"E-mail\" value=\"\" type=\"email\" name=\"Email\" \/><\/span> <\/label>\n<\/p>\n<p><label><span class=\"wpcf7-form-control-wrap\" data-name=\"Ciudad\"><input size=\"40\" maxlength=\"400\" class=\"wpcf7-form-control wpcf7-text wpcf7-validates-as-required\" aria-required=\"true\" aria-invalid=\"false\" placeholder=\"Ville de destination\" value=\"\" type=\"text\" name=\"Ciudad\" \/><\/span> <\/label>\n<\/p>\n<p><label><span class=\"wpcf7-form-control-wrap\" data-name=\"Pais\"><input size=\"40\" maxlength=\"400\" class=\"wpcf7-form-control wpcf7-text wpcf7-validates-as-required\" aria-required=\"true\" aria-invalid=\"false\" placeholder=\"Pays de destination\" value=\"\" type=\"text\" name=\"Pais\" \/><\/span> <\/label>\n<\/p>\n<p><label><span class=\"wpcf7-form-control-wrap\" data-name=\"idioma\"><select class=\"wpcf7-form-control wpcf7-select wpcf7-validates-as-required\" aria-required=\"true\" aria-invalid=\"false\" name=\"idioma\"><option value=\"Choix de langue\">Choix de langue<\/option><option value=\"Anglais\">Anglais<\/option><option value=\"Fran\u00e7ais\">Fran\u00e7ais<\/option><option value=\"Espagnol\">Espagnol<\/option><\/select><\/span> <\/label>\n<\/p>\n<p><label><span class=\"wpcf7-form-control-wrap\" data-name=\"Asunto\"><input size=\"40\" maxlength=\"400\" class=\"wpcf7-form-control wpcf7-text wpcf7-validates-as-required\" aria-required=\"true\" aria-invalid=\"false\" placeholder=\"Raison du voyage\" value=\"\" type=\"text\" name=\"Asunto\" \/><\/span> <\/label>\n<\/p>\n<p><label><br \/>\n<span class=\"wpcf7-form-control-wrap\" data-name=\"Mensaje\"><textarea cols=\"40\" rows=\"4\" maxlength=\"2000\" class=\"wpcf7-form-control wpcf7-textarea wpcf7-validates-as-required\" aria-required=\"true\" aria-invalid=\"false\" placeholder=\"Commente nous tes n\u00e9cessit\u00e9s \u00e0 propos de ton voyage\" name=\"Mensaje\"><\/textarea><\/span> <\/label>\n<\/p>\n<p><span class=\"wpcf7-form-control-wrap\" data-name=\"acceptance-995\"><span class=\"wpcf7-form-control wpcf7-acceptance\"><span class=\"wpcf7-list-item\"><input type=\"checkbox\" name=\"acceptance-995\" value=\"1\" aria-invalid=\"false\" \/><\/span><\/span><\/span><a href=\"http:\/\/en.smartcoco.online\/fr\/aviso-legal\/\" style=\"color:white;\">J'ai lu et accepte les termes d\u00b4usages<\/a>\n<\/p>\n<p><input class=\"wpcf7-form-control wpcf7-submit has-spinner\" type=\"submit\" value=\"Envoyer\" \/>\n<\/p><div class=\"wpcf7-response-output\" aria-hidden=\"true\"><\/div>\n<\/form>\n<\/div>\n[\/vc_column_inner][\/vc_row_inner][\/vc_column][vc_column width=\u00a0\u00bb1\/2&Prime;][vc_single_image image=\u00a0\u00bb3799&Prime; img_size=\u00a0\u00bbfull\u00a0\u00bb][\/vc_column][\/vc_row]\n","protected":false},"excerpt":{"rendered":"<p>[vc_row][vc_column width=\u00a0\u00bb1\/3&Prime; offset=\u00a0\u00bbvc_col-xs-4&Prime;][vc_single_image image=\u00a0\u00bb3619&Prime; img_size=\u00a0\u00bbfull\u00a0\u00bb onclick=\u00a0\u00bbcustom_link\u00a0\u00bb link=\u00a0\u00bbhttps:\/\/smartcoco.online\/fr\/espanol\/\u00a0\u00bb][\/vc_column][vc_column width=\u00a0\u00bb1\/3&Prime; offset=\u00a0\u00bbvc_col-xs-4&Prime;][vc_single_image image=\u00a0\u00bb3463&Prime; img_size=\u00a0\u00bbfull\u00a0\u00bb onclick=\u00a0\u00bbcustom_link\u00a0\u00bb link=\u00a0\u00bbhttps:\/\/smartcoco.online\/fr\/english\/\u00a0\u00bb][\/vc_column][vc_column width=\u00a0\u00bb1\/3&Prime; offset=\u00a0\u00bbvc_col-xs-4&Prime;][vc_single_image image=\u00a0\u00bb3460&Prime; img_size=\u00a0\u00bbfull\u00a0\u00bb onclick=\u00a0\u00bbcustom_link\u00a0\u00bb link=\u00a0\u00bbhttps:\/\/smartcoco.online\/fr\/frances\/\u00a0\u00bb][\/vc_column][\/vc_row][vc_row][vc_column][vc_column_text]Smart coco, la solution dans un web-site , muni de divers m\u00e9thodes innovatrices de traduction simultan\u00e9e et d\u00b4interpr\u00e9tation. Nous proportionnons principalement et recrutons des professionnels\u00a0 de la linguistique\u00a0 hautement qualifi\u00e9 partout dans le monde pour enfin, fournir&hellip;<\/p>\n","protected":false},"author":6,"featured_media":0,"parent":0,"menu_order":0,"comment_status":"closed","ping_status":"closed","template":"","meta":{"footnotes":""},"class_list":["post-4078","page","type-page","status-publish","hentry","description-off"],"_links":{"self":[{"href":"https:\/\/smartcoco.online\/fr\/wp-json\/wp\/v2\/pages\/4078"}],"collection":[{"href":"https:\/\/smartcoco.online\/fr\/wp-json\/wp\/v2\/pages"}],"about":[{"href":"https:\/\/smartcoco.online\/fr\/wp-json\/wp\/v2\/types\/page"}],"author":[{"embeddable":true,"href":"https:\/\/smartcoco.online\/fr\/wp-json\/wp\/v2\/users\/6"}],"replies":[{"embeddable":true,"href":"https:\/\/smartcoco.online\/fr\/wp-json\/wp\/v2\/comments?post=4078"}],"version-history":[{"count":17,"href":"https:\/\/smartcoco.online\/fr\/wp-json\/wp\/v2\/pages\/4078\/revisions"}],"predecessor-version":[{"id":7306,"href":"https:\/\/smartcoco.online\/fr\/wp-json\/wp\/v2\/pages\/4078\/revisions\/7306"}],"wp:attachment":[{"href":"https:\/\/smartcoco.online\/fr\/wp-json\/wp\/v2\/media?parent=4078"}],"curies":[{"name":"wp","href":"https:\/\/api.w.org\/{rel}","templated":true}]}}