{"id":4107,"date":"2019-06-19T12:00:54","date_gmt":"2019-06-19T10:00:54","guid":{"rendered":"http:\/\/smartcoco.online\/conversacion-2\/"},"modified":"2020-07-23T11:03:18","modified_gmt":"2020-07-23T10:03:18","slug":"conversacion","status":"publish","type":"page","link":"https:\/\/smartcoco.online\/fr\/conversacion\/","title":{"rendered":"Conversation"},"content":{"rendered":"[vc_row][vc_column width=\u00a0\u00bb1\/3&Prime; offset=\u00a0\u00bbvc_col-xs-4&Prime;][vc_single_image image=\u00a0\u00bb3619&Prime; img_size=\u00a0\u00bbfull\u00a0\u00bb onclick=\u00a0\u00bbcustom_link\u00a0\u00bb link=\u00a0\u00bbhttps:\/\/smartcoco.online\/fr\/espanol\/\u00a0\u00bb][\/vc_column][vc_column width=\u00a0\u00bb1\/3&Prime; offset=\u00a0\u00bbvc_col-xs-4&Prime;][vc_single_image image=\u00a0\u00bb3463&Prime; img_size=\u00a0\u00bbfull\u00a0\u00bb onclick=\u00a0\u00bbcustom_link\u00a0\u00bb link=\u00a0\u00bbhttps:\/\/smartcoco.online\/fr\/english\/\u00a0\u00bb][\/vc_column][vc_column width=\u00a0\u00bb1\/3&Prime; offset=\u00a0\u00bbvc_col-xs-4&Prime;][vc_single_image image=\u00a0\u00bb3460&Prime; img_size=\u00a0\u00bbfull\u00a0\u00bb onclick=\u00a0\u00bbcustom_link\u00a0\u00bb link=\u00a0\u00bbhttps:\/\/smartcoco.online\/fr\/frances\/\u00a0\u00bb][\/vc_column][\/vc_row][vc_row][vc_column][vc_column_text]\n<h3 style=\"text-align: center;\">\u00a0Comment la conversation a pu contribuer \u00e0 perp\u00e9tuer notre esp\u00e8ce jusqu\u00b4\u00e0 ce stade et construire notre civilisation jusqu&rsquo;\u00e0 nos jours?<\/h3>\n<div class=\"su-expand su-expand-collapsed su-expand-link-style-underlined\" data-height=\"85\"><div class=\"su-expand-content su-u-trim\" style=\"color:#8b8d94;max-height:85px;overflow:hidden\">La conversation est l&rsquo;une des meilleurs caract\u00e9ristique de l&rsquo;\u00e9volution de l\u00b4humanit\u00e9. Nous avons \u00e9galement d\u00e9velopp\u00e9 l\u00b4expression facial correspondant aux \u00e9motions, les gestes pour repr\u00e9senter les id\u00e9es, tout cela dans le but de partager l\u00b4information. De m\u00eame, vous avez une conversation quand vous hochez la t\u00eate et souriez \u00e0 la personne avec qui vous allez au travail .<\/p>\n<p>D\u00b4une part, il existe une conversation quand vous devez aussi faire une commande par t\u00e9l\u00e9phone, puis allez \u00e0 une r\u00e9union et apporter des donn\u00e9es \u00e0 une nouvelle loi, et m\u00eame encore, envoyer un email \u00e0 vos \u00eatres les\u00a0 plus chers. C&rsquo;est partout ! la conversation et les relations construisent la soci\u00e9t\u00e9, et la majorit\u00e9 de nos vies. Pour cela nous ne devons pas le prendre \u00e0 la l\u00e9g\u00e8re.<\/p>\n<p>D\u00b4autre part, l\u00b4\u00eatre humain est pourvu d\u00b4un puissant cerveau et de pens\u00e9s\u00a0 profondes, et son habilit\u00e9\u00a0 intrins\u00e8que \u00e0 partager des informations \u00e9loquentes est infinie. Pour autant, si vous pensez \u00e0 une conversation fondamentalement, il est clair que, plus elle est profonde plus la relation l&rsquo;est aussi. Ainsi, la conversation d\u00e9termine les relations que nous entretenons. Pour moi cela para\u00eet universelle, et applicable. Sur ce, il ne nous reste plus qu&rsquo;\u00e0 construire nos relations en fonction de nos conversations.<\/div><div class=\"su-expand-link su-expand-link-more\" style=\"text-align:left\"><a href=\"javascript:;\" style=\"color:#6dab3c;border-color:#6dab3c\"><i class=\"sui sui-chevron-down\" style=\"\" aria-label=\"\"><\/i><span style=\"border-color:#6dab3c\">En plus<\/span><\/a><\/div><div class=\"su-expand-link su-expand-link-less\" style=\"text-align:left\"><a href=\"javascript:;\" style=\"color:#6dab3c;border-color:#6dab3c\"><i class=\"sui sui-chevron-up\" style=\"\" aria-label=\"\"><\/i><span style=\"border-color:#6dab3c\">Montrer moins<\/span><\/a><\/div><\/div>[\/vc_column_text][\/vc_column][\/vc_row][vc_row equal_height=\u00a0\u00bbyes\u00a0\u00bb content_placement=\u00a0\u00bbmiddle\u00a0\u00bb][vc_column width=\u00a0\u00bb1\/2&Prime;][vc_column_text]\n<ul>\n<li>JUST TALK :conversation simultan\u00e9e\u00a0 (language exchange \/ Voice chat \/ text \u00a0chat)<\/li>\n<li>Conversation personnalis\u00e9<\/li>\n<li>conversation quotidienne \/ acad\u00e9mique<\/li>\n<li>conversation formelle \/ informelle<\/li>\n<li>roleplay \/ practical task[\/su_expand]<\/li>\n<\/ul>\n[\/vc_column_text][\/vc_column][vc_column width=\u00a0\u00bb1\/2&Prime;][vc_single_image image=\u00a0\u00bb3805&Prime; img_size=\u00a0\u00bbfull\u00a0\u00bb][\/vc_column][\/vc_row][vc_row content_placement=\u00a0\u00bbmiddle\u00a0\u00bb][vc_column]<div class=\" ubtn-ctn-inline \"><a class=\"ubtn-link ult-adjust-bottom-margin ubtn-inline ubtn-custom \" href=\"https:\/\/smartcoco.online\/fr\/tienda-conversacion\/\" title=\"Boutique des trainings\" ><button type=\"button\" id=\"ubtn-8135\"  class=\"ubtn ult-adjust-bottom-margin ult-responsive ubtn-custom ubtn-no-hover-bg  none  ubtn-sep-icon ubtn-sep-icon-at-left  ubtn-shd  ubtn-inline  shd-bottom tooltip-69dc389c6dc04\"  data-hover=\"\" data-border-color=\"\" data-bg=\"#6dab3c\" data-hover-bg=\"\" data-border-hover=\"\" data-shadow-hover=\"0 3px rgba(145,145,145,0.4);\" data-shadow-click=\"\" data-shadow=\"0 5px rgba(145,145,145,0.4);\" data-shd-shadow=\"5\"  data-ultimate-target='#ubtn-8135'  data-responsive-json-new='{\"font-size\":\"desktop:20px;\",\"line-height\":\"\"}'  style=\"font-weight:normal;width:400px;min-height:60px;padding:10px 20px;border:none;box-shadow: 0 5px rgba(145,145,145,0.4);background: #6dab3c;color: #ffffff;\"><span class=\"ubtn-data ubtn-icon\"><i class=\"Defaults-hand-o-right\" style=\"font-size:50px;color:#ffffff;\"><\/i><\/span><span class=\"ubtn-hover\" style=\"background-color:\"><\/span><span class=\"ubtn-data ubtn-text \" >Boutique des trainings<\/span><\/button><\/a><\/div>[\/vc_column][\/vc_row]\n","protected":false},"excerpt":{"rendered":"<p>[vc_row][vc_column width=\u00a0\u00bb1\/3&Prime; offset=\u00a0\u00bbvc_col-xs-4&Prime;][vc_single_image image=\u00a0\u00bb3619&Prime; img_size=\u00a0\u00bbfull\u00a0\u00bb onclick=\u00a0\u00bbcustom_link\u00a0\u00bb link=\u00a0\u00bbhttps:\/\/smartcoco.online\/fr\/espanol\/\u00a0\u00bb][\/vc_column][vc_column width=\u00a0\u00bb1\/3&Prime; offset=\u00a0\u00bbvc_col-xs-4&Prime;][vc_single_image image=\u00a0\u00bb3463&Prime; img_size=\u00a0\u00bbfull\u00a0\u00bb onclick=\u00a0\u00bbcustom_link\u00a0\u00bb link=\u00a0\u00bbhttps:\/\/smartcoco.online\/fr\/english\/\u00a0\u00bb][\/vc_column][vc_column width=\u00a0\u00bb1\/3&Prime; offset=\u00a0\u00bbvc_col-xs-4&Prime;][vc_single_image image=\u00a0\u00bb3460&Prime; img_size=\u00a0\u00bbfull\u00a0\u00bb onclick=\u00a0\u00bbcustom_link\u00a0\u00bb link=\u00a0\u00bbhttps:\/\/smartcoco.online\/fr\/frances\/\u00a0\u00bb][\/vc_column][\/vc_row][vc_row][vc_column][vc_column_text] \u00a0Comment la conversation a pu contribuer \u00e0 perp\u00e9tuer notre esp\u00e8ce jusqu\u00b4\u00e0 ce stade et construire notre civilisation jusqu&rsquo;\u00e0 nos jours? [\/vc_column_text][\/vc_column][\/vc_row][vc_row equal_height=\u00a0\u00bbyes\u00a0\u00bb content_placement=\u00a0\u00bbmiddle\u00a0\u00bb][vc_column width=\u00a0\u00bb1\/2&Prime;][vc_column_text] JUST TALK :conversation simultan\u00e9e\u00a0 (language exchange \/ Voice chat \/ text \u00a0chat)&hellip;<\/p>\n","protected":false},"author":5,"featured_media":0,"parent":0,"menu_order":0,"comment_status":"closed","ping_status":"closed","template":"","meta":{"footnotes":""},"class_list":["post-4107","page","type-page","status-publish","hentry","description-off"],"_links":{"self":[{"href":"https:\/\/smartcoco.online\/fr\/wp-json\/wp\/v2\/pages\/4107"}],"collection":[{"href":"https:\/\/smartcoco.online\/fr\/wp-json\/wp\/v2\/pages"}],"about":[{"href":"https:\/\/smartcoco.online\/fr\/wp-json\/wp\/v2\/types\/page"}],"author":[{"embeddable":true,"href":"https:\/\/smartcoco.online\/fr\/wp-json\/wp\/v2\/users\/5"}],"replies":[{"embeddable":true,"href":"https:\/\/smartcoco.online\/fr\/wp-json\/wp\/v2\/comments?post=4107"}],"version-history":[{"count":15,"href":"https:\/\/smartcoco.online\/fr\/wp-json\/wp\/v2\/pages\/4107\/revisions"}],"predecessor-version":[{"id":7211,"href":"https:\/\/smartcoco.online\/fr\/wp-json\/wp\/v2\/pages\/4107\/revisions\/7211"}],"wp:attachment":[{"href":"https:\/\/smartcoco.online\/fr\/wp-json\/wp\/v2\/media?parent=4107"}],"curies":[{"name":"wp","href":"https:\/\/api.w.org\/{rel}","templated":true}]}}