{"id":4159,"date":"2018-01-25T13:29:50","date_gmt":"2018-01-25T12:29:50","guid":{"rendered":"http:\/\/smartcoco.online\/?page_id=4159"},"modified":"2020-07-23T09:08:45","modified_gmt":"2020-07-23T08:08:45","slug":"viajes","status":"publish","type":"page","link":"https:\/\/smartcoco.online\/fr\/viajes\/","title":{"rendered":"Travel Coaching"},"content":{"rendered":"[vc_row][vc_column width=\u00a0\u00bb1\/3&Prime; offset=\u00a0\u00bbvc_col-xs-4&Prime;][vc_single_image image=\u00a0\u00bb3619&Prime; img_size=\u00a0\u00bbfull\u00a0\u00bb onclick=\u00a0\u00bbcustom_link\u00a0\u00bb link=\u00a0\u00bbhttps:\/\/smartcoco.online\/fr\/espanol\/\u00a0\u00bb][\/vc_column][vc_column width=\u00a0\u00bb1\/3&Prime; offset=\u00a0\u00bbvc_col-xs-4&Prime;][vc_single_image image=\u00a0\u00bb3463&Prime; img_size=\u00a0\u00bbfull\u00a0\u00bb onclick=\u00a0\u00bbcustom_link\u00a0\u00bb link=\u00a0\u00bbhttps:\/\/smartcoco.online\/fr\/english\/\u00a0\u00bb][\/vc_column][vc_column width=\u00a0\u00bb1\/3&Prime; offset=\u00a0\u00bbvc_col-xs-4&Prime;][vc_single_image image=\u00a0\u00bb3460&Prime; img_size=\u00a0\u00bbfull\u00a0\u00bb onclick=\u00a0\u00bbcustom_link\u00a0\u00bb link=\u00a0\u00bbhttps:\/\/smartcoco.online\/fr\/frances\/\u00a0\u00bb][\/vc_column][\/vc_row][vc_row][vc_column][vc_column_text]\n<h3 style=\"text-align: center;\">Dis moi o\u00f9 tu veux voyager, je t\u00b4aiderai \u00e0 l\u00b4organiser !!!<\/h3>\n<div class=\"su-expand su-expand-collapsed su-expand-link-style-underlined\" data-height=\"85\"><div class=\"su-expand-content su-u-trim\" style=\"color:#8b8d94;max-height:85px;overflow:hidden\">Les voyages datent depuis l&rsquo;antiquit\u00e9, \u00e9poque pendant laquelle les riche Grecques et Romains voyageaient pour loisirs \u00e0 leurs villas ou maisons d\u00b4\u00e9t\u00e9 dans les villes telles que Pompeii et Baiee. En ces temps l\u00e0 les voyages avaient tendance \u00e0 \u00eatre tr\u00e8s lents, plus dangereux et domin\u00e9es par le commerce et les migrations. D&rsquo;autre part les avanc\u00e9es culturelles et technologiques \u00e0 travers le temps ont d\u00e9termin\u00e9es le mode des voyages, et cela signifie que voyager en nos jours devient beaucoup plus facile et accessible. L\u00b4\u00eatre\u00a0 humain a r\u00e9volutionn\u00e9 le monde du transport\u00a0 depuis que Christophe Colomb largua les amarres vers le nouveau monde depuis l&rsquo;Espagne en 1492, une exp\u00e9dition qui dura plus de 10 semaines pour arriver \u00e0 sa destination finale: pendant que de nos jours les avions nous permettent de voyager de l&rsquo;Espagne au \u00e9tats unis d&rsquo;Am\u00e9rique en une seule nuit, en d\u00e9finitive les voyages sont plus agr\u00e9ables qu\u00b4auparavant.<\/div><div class=\"su-expand-link su-expand-link-more\" style=\"text-align:left\"><a href=\"javascript:;\" style=\"color:#6dab3c;border-color:#6dab3c\"><i class=\"sui sui-chevron-down\" style=\"\" aria-label=\"\"><\/i><span style=\"border-color:#6dab3c\">En plus<\/span><\/a><\/div><div class=\"su-expand-link su-expand-link-less\" style=\"text-align:left\"><a href=\"javascript:;\" style=\"color:#6dab3c;border-color:#6dab3c\"><i class=\"sui sui-chevron-up\" style=\"\" aria-label=\"\"><\/i><span style=\"border-color:#6dab3c\">Montrer moins<\/span><\/a><\/div><\/div>\n<p>Les motifs d\u00b4un voyage incluent :<\/p>\n<p><strong>plaisir \/ relaxation \/ d\u00e9couverte et exploration \/ apprendre d&rsquo;autres cultures\/ prendre son propre temps pour construir des relations interpersonnelle<\/strong>s.<\/p>\n<p>&nbsp;<\/p>\n<p>Ainsi , dis moi o\u00f9 tu veux voyager et je t\u00b4aiderai \u00e0 l \u00b4organiser\u00a0 avec des th\u00e8mes\u00a0 tels que\u00a0 :[\/vc_column_text][\/vc_column][\/vc_row][vc_row equal_height=\u00a0\u00bbyes\u00a0\u00bb content_placement=\u00a0\u00bbmiddle\u00a0\u00bb][vc_column width=\u00a0\u00bb1\/2&Prime;][vc_column_text]\n<ul>\n<li>Activit\u00e9s culturelles\u00a0relatifs \u00e0 la culture du pays<\/li>\n<li>Aliments \/ boissons ( n\u00b4h\u00e9sites pas \u00e0 tout go\u00fbter )<\/li>\n<li>Cuisine ( apprends les mots , termes et expressions culinaires partout o\u00f9 tu voyage )<\/li>\n<li>Culture \/ Histoire<\/li>\n<li>Curiosit\u00e9s<\/li>\n<li>Logement \/ location de voiture<\/li>\n<li>Lieux d&rsquo;int\u00e9r\u00eats\u00a0touristiques \u00e0 visiter\u00a0 \/ Promenades aux alentours<\/li>\n<li>conf\u00e9rences \u00a0\u00bb comment apprendre \u00e0 voyager \u00ab\u00a0<\/li>\n<li>Travel coaching (Getting ready for a journey-prepare candidates for planning a journey,involves talks, tricks,curiosities &#8230;)<\/li>\n<\/ul>\n[\/vc_column_text][\/vc_column][vc_column width=\u00a0\u00bb1\/2&Prime;][vc_single_image image=\u00a0\u00bb3624&Prime; img_size=\u00a0\u00bbfull\u00a0\u00bb][\/vc_column][\/vc_row][vc_row content_placement=\u00a0\u00bbmiddle\u00a0\u00bb][vc_column width=\u00a0\u00bb1\/4&Prime;][\/vc_column][vc_column width=\u00a0\u00bb1\/2&Prime;]<div class=\" ubtn-ctn-inline \"><a class=\"ubtn-link ult-adjust-bottom-margin ubtn-inline ubtn-custom \" href=\"https:\/\/smartcoco.online\/fr\/tienda-travel-coaching\/\" title=\"Boutique des trainings\" ><button type=\"button\" id=\"ubtn-4615\"  class=\"ubtn ult-adjust-bottom-margin ult-responsive ubtn-custom ubtn-no-hover-bg  none  ubtn-sep-icon ubtn-sep-icon-at-left  ubtn-shd  ubtn-inline  shd-bottom tooltip-69d3cbbdeab59\"  data-hover=\"\" data-border-color=\"\" data-bg=\"#6dab3c\" data-hover-bg=\"\" data-border-hover=\"\" data-shadow-hover=\"0 3px rgba(145,145,145,0.4);\" data-shadow-click=\"\" data-shadow=\"0 5px rgba(145,145,145,0.4);\" data-shd-shadow=\"5\"  data-ultimate-target='#ubtn-4615'  data-responsive-json-new='{\"font-size\":\"desktop:20px;\",\"line-height\":\"\"}'  style=\"font-weight:normal;width:400px;min-height:60px;padding:10px 20px;border:none;box-shadow: 0 5px rgba(145,145,145,0.4);background: #6dab3c;color: #ffffff;\"><span class=\"ubtn-data ubtn-icon\"><i class=\"Defaults-hand-o-right\" style=\"font-size:50px;color:#ffffff;\"><\/i><\/span><span class=\"ubtn-hover\" style=\"background-color:\"><\/span><span class=\"ubtn-data ubtn-text \" >Boutique des trainings<\/span><\/button><\/a><\/div>[\/vc_column][vc_column width=\u00a0\u00bb1\/4&Prime;][\/vc_column][\/vc_row]\n","protected":false},"excerpt":{"rendered":"<p>[vc_row][vc_column width=\u00a0\u00bb1\/3&Prime; offset=\u00a0\u00bbvc_col-xs-4&Prime;][vc_single_image image=\u00a0\u00bb3619&Prime; img_size=\u00a0\u00bbfull\u00a0\u00bb onclick=\u00a0\u00bbcustom_link\u00a0\u00bb link=\u00a0\u00bbhttps:\/\/smartcoco.online\/fr\/espanol\/\u00a0\u00bb][\/vc_column][vc_column width=\u00a0\u00bb1\/3&Prime; offset=\u00a0\u00bbvc_col-xs-4&Prime;][vc_single_image image=\u00a0\u00bb3463&Prime; img_size=\u00a0\u00bbfull\u00a0\u00bb onclick=\u00a0\u00bbcustom_link\u00a0\u00bb link=\u00a0\u00bbhttps:\/\/smartcoco.online\/fr\/english\/\u00a0\u00bb][\/vc_column][vc_column width=\u00a0\u00bb1\/3&Prime; offset=\u00a0\u00bbvc_col-xs-4&Prime;][vc_single_image image=\u00a0\u00bb3460&Prime; img_size=\u00a0\u00bbfull\u00a0\u00bb onclick=\u00a0\u00bbcustom_link\u00a0\u00bb link=\u00a0\u00bbhttps:\/\/smartcoco.online\/fr\/frances\/\u00a0\u00bb][\/vc_column][\/vc_row][vc_row][vc_column][vc_column_text] Dis moi o\u00f9 tu veux voyager, je t\u00b4aiderai \u00e0 l\u00b4organiser !!! Les motifs d\u00b4un voyage incluent : plaisir \/ relaxation \/ d\u00e9couverte et exploration \/ apprendre d&rsquo;autres cultures\/ prendre son propre temps pour construir des relations&hellip;<\/p>\n","protected":false},"author":6,"featured_media":0,"parent":0,"menu_order":0,"comment_status":"closed","ping_status":"closed","template":"","meta":{"footnotes":""},"class_list":["post-4159","page","type-page","status-publish","hentry","description-off"],"_links":{"self":[{"href":"https:\/\/smartcoco.online\/fr\/wp-json\/wp\/v2\/pages\/4159"}],"collection":[{"href":"https:\/\/smartcoco.online\/fr\/wp-json\/wp\/v2\/pages"}],"about":[{"href":"https:\/\/smartcoco.online\/fr\/wp-json\/wp\/v2\/types\/page"}],"author":[{"embeddable":true,"href":"https:\/\/smartcoco.online\/fr\/wp-json\/wp\/v2\/users\/6"}],"replies":[{"embeddable":true,"href":"https:\/\/smartcoco.online\/fr\/wp-json\/wp\/v2\/comments?post=4159"}],"version-history":[{"count":21,"href":"https:\/\/smartcoco.online\/fr\/wp-json\/wp\/v2\/pages\/4159\/revisions"}],"predecessor-version":[{"id":7208,"href":"https:\/\/smartcoco.online\/fr\/wp-json\/wp\/v2\/pages\/4159\/revisions\/7208"}],"wp:attachment":[{"href":"https:\/\/smartcoco.online\/fr\/wp-json\/wp\/v2\/media?parent=4159"}],"curies":[{"name":"wp","href":"https:\/\/api.w.org\/{rel}","templated":true}]}}