{"id":4194,"date":"2018-02-02T15:09:42","date_gmt":"2018-02-02T14:09:42","guid":{"rendered":"http:\/\/smartcoco.online\/?page_id=4194"},"modified":"2021-04-08T09:46:07","modified_gmt":"2021-04-08T07:46:07","slug":"smart-coco-tu-personal-trainer","status":"publish","type":"page","link":"https:\/\/smartcoco.online\/fr\/","title":{"rendered":"Smart Coco ton Personal Trainer"},"content":{"rendered":"[vc_row css=\u00a0\u00bb.vc_custom_1550659808472{margin-top: -50px !important;}\u00a0\u00bb][vc_column][rev_slider_vc alias=\u00a0\u00bbportada-fr\u00a0\u00bb][\/vc_column][\/vc_row][vc_row full_width=\u00a0\u00bbstretch_row_content\u00a0\u00bb content_placement=\u00a0\u00bbmiddle\u00a0\u00bb][vc_column][vc_row_inner equal_height=\u00a0\u00bbyes\u00a0\u00bb content_placement=\u00a0\u00bbmiddle\u00a0\u00bb][vc_column_inner width=\u00a0\u00bb4\/12&Prime; css=\u00a0\u00bb.vc_custom_1578398765203{margin-bottom: 5px !important;}\u00a0\u00bb]<style type=\"text\/css\" data-type=\"the7_shortcodes-inline-css\">#default-btn-fcaf8ec16f5ada68120866d72945a6aa {\n  border-radius: 10px;\n  font-size: 18px;\n  line-height: 20px;\n}\n.btn-shadow#default-btn-fcaf8ec16f5ada68120866d72945a6aa {\n  box-shadow: 0 1px 6px rgba(0,0,0,0.12);\n  transition: box-shadow 0.2s ease-out, opacity 0.45s;\n}\n.btn-shadow#default-btn-fcaf8ec16f5ada68120866d72945a6aa:hover {\n  box-shadow: 0 5px 11px 0 rgba(0,0,0,0.18), 0 4px 15px 0 rgba(0,0,0,0.15);\n}\n.btn-3d#default-btn-fcaf8ec16f5ada68120866d72945a6aa {\n  box-shadow: 0px 2px 0px 0px #526d3d;\n}\n.btn-3d#default-btn-fcaf8ec16f5ada68120866d72945a6aa:hover {\n  box-shadow: 0px 2px 0px 0px #e0e0e0;\n}\n.btn-flat#default-btn-fcaf8ec16f5ada68120866d72945a6aa {\n  box-shadow: none;\n}\n.btn-flat#default-btn-fcaf8ec16f5ada68120866d72945a6aa:hover {\n  box-shadow: none;\n}\n#default-btn-fcaf8ec16f5ada68120866d72945a6aa.ico-right-side > i {\n  margin-right: 0px;\n  margin-left: 8px;\n}\n#default-btn-fcaf8ec16f5ada68120866d72945a6aa > i {\n  margin-right: 8px;\n  font-size: 25px;\n}\n#default-btn-fcaf8ec16f5ada68120866d72945a6aa:not(:hover) {\n  border-width: 0px;\n  background: #6dab3c !important;\n  padding: 16px 24px 16px 24px;\n}\n#default-btn-fcaf8ec16f5ada68120866d72945a6aa:hover {\n  border-width: 0px;\n  color: #6dab3c;\n  background: #ffffff !important;\n  padding: 16px 24px 16px 24px;\n}\n#default-btn-fcaf8ec16f5ada68120866d72945a6aa:hover * {\n  color: #6dab3c;\n}\n#default-btn-fcaf8ec16f5ada68120866d72945a6aa.ico-right-side > i {\n  margin-right: 0px;\n  margin-left: 8px;\n}\n#default-btn-fcaf8ec16f5ada68120866d72945a6aa > i {\n  margin-right: 8px;\n}\n<\/style><div class=\"btn-align-center\"><a href=\"https:\/\/smartcoco.online\/fr\/por-que-aprender-un-idioma\/\" class=\"default-btn-shortcode dt-btn fadeIn animate-element animation-builder link-hover-off full-width-btn btn-flat \" id=\"default-btn-fcaf8ec16f5ada68120866d72945a6aa\"><i class=\"Defaults-hand-o-right\"><\/i><span>Pourquoi apprendre \u00e0 apprendre une langue?<\/span><\/a><\/div>[\/vc_column_inner][vc_column_inner width=\u00a0\u00bb2\/12&Prime; css=\u00a0\u00bb.vc_custom_1578398917783{margin-bottom: 5px !important;}\u00a0\u00bb]<style type=\"text\/css\" data-type=\"the7_shortcodes-inline-css\">#default-btn-4788d74816cfda318411d979af631355 {\n  border-radius: 10px;\n  font-size: 18px;\n  line-height: 20px;\n}\n.btn-shadow#default-btn-4788d74816cfda318411d979af631355 {\n  box-shadow: 0 1px 6px rgba(0,0,0,0.12);\n  transition: box-shadow 0.2s ease-out, opacity 0.45s;\n}\n.btn-shadow#default-btn-4788d74816cfda318411d979af631355:hover {\n  box-shadow: 0 5px 11px 0 rgba(0,0,0,0.18), 0 4px 15px 0 rgba(0,0,0,0.15);\n}\n.btn-3d#default-btn-4788d74816cfda318411d979af631355 {\n  box-shadow: 0px 2px 0px 0px #526d3d;\n}\n.btn-3d#default-btn-4788d74816cfda318411d979af631355:hover {\n  box-shadow: 0px 2px 0px 0px #e0e0e0;\n}\n.btn-flat#default-btn-4788d74816cfda318411d979af631355 {\n  box-shadow: none;\n}\n.btn-flat#default-btn-4788d74816cfda318411d979af631355:hover {\n  box-shadow: none;\n}\n#default-btn-4788d74816cfda318411d979af631355.ico-right-side > i {\n  margin-right: 0px;\n  margin-left: 8px;\n}\n#default-btn-4788d74816cfda318411d979af631355 > i {\n  margin-right: 8px;\n  font-size: 25px;\n}\n#default-btn-4788d74816cfda318411d979af631355:not(:hover) {\n  border-width: 0px;\n  color: #ffffff;\n  background: #6dab3c !important;\n  padding: 16px 24px 16px 24px;\n}\n#default-btn-4788d74816cfda318411d979af631355:not(:hover) * {\n  color: #ffffff;\n}\n#default-btn-4788d74816cfda318411d979af631355:hover {\n  border-width: 0px;\n  color: #6dab3c;\n  background: #ffffff !important;\n  padding: 16px 24px 16px 24px;\n}\n#default-btn-4788d74816cfda318411d979af631355:hover * {\n  color: #6dab3c;\n}\n#default-btn-4788d74816cfda318411d979af631355.ico-right-side > i {\n  margin-right: 0px;\n  margin-left: 8px;\n}\n#default-btn-4788d74816cfda318411d979af631355 > i {\n  margin-right: 8px;\n}\n<\/style><div class=\"btn-align-center\"><a href=\"https:\/\/smartcoco.online\/fr\/training-online\" class=\"default-btn-shortcode dt-btn fadeIn animate-element animation-builder link-hover-off anchor-link full-width-btn btn-flat \" id=\"default-btn-4788d74816cfda318411d979af631355\" title=\"training-online\"><i class=\"Defaults-hand-o-right\"><\/i><span>Training Online<\/span><\/a><\/div>[\/vc_column_inner][vc_column_inner width=\u00a0\u00bb4\/12&Prime; css=\u00a0\u00bb.vc_custom_1578398929823{margin-bottom: 5px !important;}\u00a0\u00bb]<style type=\"text\/css\" data-type=\"the7_shortcodes-inline-css\">#default-btn-c81f36ae32c11cd553d0f075571a372a {\n  border-radius: 10px;\n  font-size: 18px;\n  line-height: 20px;\n}\n.btn-shadow#default-btn-c81f36ae32c11cd553d0f075571a372a {\n  box-shadow: 0 1px 6px rgba(0,0,0,0.12);\n  transition: box-shadow 0.2s ease-out, opacity 0.45s;\n}\n.btn-shadow#default-btn-c81f36ae32c11cd553d0f075571a372a:hover {\n  box-shadow: 0 5px 11px 0 rgba(0,0,0,0.18), 0 4px 15px 0 rgba(0,0,0,0.15);\n}\n.btn-3d#default-btn-c81f36ae32c11cd553d0f075571a372a {\n  box-shadow: 0px 2px 0px 0px #526d3d;\n}\n.btn-3d#default-btn-c81f36ae32c11cd553d0f075571a372a:hover {\n  box-shadow: 0px 2px 0px 0px #e0e0e0;\n}\n.btn-flat#default-btn-c81f36ae32c11cd553d0f075571a372a {\n  box-shadow: none;\n}\n.btn-flat#default-btn-c81f36ae32c11cd553d0f075571a372a:hover {\n  box-shadow: none;\n}\n#default-btn-c81f36ae32c11cd553d0f075571a372a.ico-right-side > i {\n  margin-right: 0px;\n  margin-left: 8px;\n}\n#default-btn-c81f36ae32c11cd553d0f075571a372a > i {\n  margin-right: 8px;\n  font-size: 25px;\n}\n#default-btn-c81f36ae32c11cd553d0f075571a372a:not(:hover) {\n  border-width: 0px;\n  background: #6dab3c !important;\n  padding: 16px 24px 16px 24px;\n}\n#default-btn-c81f36ae32c11cd553d0f075571a372a:hover {\n  border-width: 0px;\n  color: #6dab3c;\n  background: #ffffff !important;\n  padding: 16px 24px 16px 24px;\n}\n#default-btn-c81f36ae32c11cd553d0f075571a372a:hover * {\n  color: #6dab3c;\n}\n#default-btn-c81f36ae32c11cd553d0f075571a372a.ico-right-side > i {\n  margin-right: 0px;\n  margin-left: 8px;\n}\n#default-btn-c81f36ae32c11cd553d0f075571a372a > i {\n  margin-right: 8px;\n}\n<\/style><div class=\"btn-align-center\"><a href=\"https:\/\/smartcoco.online\/fr\/es-tu-pret-a-commencer-ton-training\/\" class=\"default-btn-shortcode dt-btn fadeIn animate-element animation-builder link-hover-off full-width-btn btn-flat \" id=\"default-btn-c81f36ae32c11cd553d0f075571a372a\"><i class=\"Defaults-hand-o-right\"><\/i><span>Es-tu pr\u00eat \u00e0 commencer ton Training?<\/span><\/a><\/div>[\/vc_column_inner][vc_column_inner width=\u00a0\u00bb2\/12&Prime; css=\u00a0\u00bb.vc_custom_1578398942093{margin-bottom: 5px !important;}\u00a0\u00bb]<style type=\"text\/css\" data-type=\"the7_shortcodes-inline-css\">#default-btn-064bc67d391e65895f107e5aaa03a740 {\n  border-radius: 10px;\n  font-size: 18px;\n  line-height: 20px;\n}\n.btn-shadow#default-btn-064bc67d391e65895f107e5aaa03a740 {\n  box-shadow: 0 1px 6px rgba(0,0,0,0.12);\n  transition: box-shadow 0.2s ease-out, opacity 0.45s;\n}\n.btn-shadow#default-btn-064bc67d391e65895f107e5aaa03a740:hover {\n  box-shadow: 0 5px 11px 0 rgba(0,0,0,0.18), 0 4px 15px 0 rgba(0,0,0,0.15);\n}\n.btn-3d#default-btn-064bc67d391e65895f107e5aaa03a740 {\n  box-shadow: 0px 2px 0px 0px #526d3d;\n}\n.btn-3d#default-btn-064bc67d391e65895f107e5aaa03a740:hover {\n  box-shadow: 0px 2px 0px 0px #e0e0e0;\n}\n.btn-flat#default-btn-064bc67d391e65895f107e5aaa03a740 {\n  box-shadow: none;\n}\n.btn-flat#default-btn-064bc67d391e65895f107e5aaa03a740:hover {\n  box-shadow: none;\n}\n#default-btn-064bc67d391e65895f107e5aaa03a740.ico-right-side > i {\n  margin-right: 0px;\n  margin-left: 8px;\n}\n#default-btn-064bc67d391e65895f107e5aaa03a740 > i {\n  margin-right: 8px;\n  font-size: 25px;\n}\n#default-btn-064bc67d391e65895f107e5aaa03a740:not(:hover) {\n  border-width: 0px;\n  background: #6dab3c !important;\n  padding: 16px 24px 16px 24px;\n}\n#default-btn-064bc67d391e65895f107e5aaa03a740:hover {\n  border-width: 0px;\n  color: #6dab3c;\n  background: #ffffff !important;\n  padding: 16px 24px 16px 24px;\n}\n#default-btn-064bc67d391e65895f107e5aaa03a740:hover * {\n  color: #6dab3c;\n}\n#default-btn-064bc67d391e65895f107e5aaa03a740.ico-right-side > i {\n  margin-right: 0px;\n  margin-left: 8px;\n}\n#default-btn-064bc67d391e65895f107e5aaa03a740 > i {\n  margin-right: 8px;\n}\n<\/style><div class=\"btn-align-center\"><a href=\"https:\/\/smartcoco.online\/fr\/boutique-des-trainings\/\" class=\"default-btn-shortcode dt-btn fadeIn animate-element animation-builder link-hover-off full-width-btn btn-flat \" id=\"default-btn-064bc67d391e65895f107e5aaa03a740\"><i class=\"Defaults-hand-o-right\"><\/i><span>Packs<\/span><\/a><\/div>[\/vc_column_inner][\/vc_row_inner][vc_custom_heading text=\u00a0\u00bbSMART COCO (Personal Language Trainer )\u00a0\u00bb font_container=\u00a0\u00bbtag:h2|text_align:center\u00a0\u00bb use_theme_fonts=\u00a0\u00bbyes\u00a0\u00bb css=\u00a0\u00bb.vc_custom_1561565817827{margin-top: 50px !important;}\u00a0\u00bb][\/vc_column][\/vc_row][vc_row][vc_column width=\u00a0\u00bb1\/12&Prime;][\/vc_column][vc_column width=\u00a0\u00bb10\/12&Prime;][vc_column_text]De nos jours, une \u00e9poque\u00a0 dans laquelle\u00a0 nous pouvons \u00a0compter sur des personals trainers, qui\u00a0 connaissent notre corps et perfectionnent nos n\u00e9cessit\u00e9s, pour nous aider \u00e0 \u00a0obtenir un corps parfait \u00e0 travers des exercices physiques et une di\u00e8te \u00a0nutritionnelle. Pourquoi ne pas pr\u00e9parer aussi notre cerveau et obtenir un apprentissage parfait, fait sur mesure\u00a0 pour\u00a0 apprendre \u00e0 apprendre les langues et d\u00e9passer les fronti\u00e8res qui nous emp\u00eachent de communiquer ?. Inscris toi et tu apprendra rapidement avec smart coco ton personal trainer. Il n&rsquo;y as pas une seule m\u00e9thode universelle pour apprendre les langues. Choisis\u00a0 \u00e0 partir de maintenant et utilise la m\u00e9thode qui te convient le mieux. Les erreurs font partis du processus d&rsquo;apprentissage. Une heure par jour vaut mieux qu&rsquo;une longue session du coup.[\/vc_column_text][vc_row_inner equal_height=\u00a0\u00bbyes\u00a0\u00bb content_placement=\u00a0\u00bbmiddle\u00a0\u00bb][vc_column_inner width=\u00a0\u00bb1\/2&Prime;][vc_column_text]\n<p style=\"text-align: right;\">Es -tu pr\u00eat \u00e0\u00a0commencer?<\/p>\n[\/vc_column_text][\/vc_column_inner][vc_column_inner width=\u00a0\u00bb1\/2&Prime;][vc_btn title=\u00a0\u00bbComment choisir un cours\u00a0\u00bb color=\u00a0\u00bbgreen\u00a0\u00bb link=\u00a0\u00bburl:https%3A%2F%2Fsmartcoco.online%2Ffr%2Fcomment-choisir-un-cours%2F|title:Orientaci%C3%B3n%20para%20elegir%20cursos||\u00a0\u00bb][\/vc_column_inner][\/vc_row_inner][vc_single_image image=\u00a0\u00bb328&Prime; img_size=\u00a0\u00bbfull\u00a0\u00bb][vc_column_text]<span style=\"font-weight: 400;\"><strong>Smart Coco online <\/strong>, est un site web multilingue o\u00f9 l&rsquo;utilisateur peut faire appel aux services de son entra\u00eeneur personnel dans les langues suivante :<strong> Anglais<\/strong> ,<strong> Espagnol<\/strong> ( Castellano ) et <strong>Fran\u00e7ais<\/strong> quel que soit son origine. <\/span>Inscris toi et tu apprendras rapidement avec Smart Coco. Contact smart coco et nous allons te guider pour concevoir le cours \u00e0 la mesure de tes n\u00e9cessit\u00e9s. Tous tes entra\u00eenements exclusivement online, o\u00f9 que tu sois.<\/p>\n<p>L&rsquo;objectif principale de Smart Coco online ( <strong>Personal language trainer<\/strong> ) est bas\u00e9e et con\u00e7u sur\u00a0 la n\u00e9cessit\u00e9 de cr\u00e9er, un cordon ombilical moins superficielle\u00a0 entre ton Personal\u00a0 Language Trainer et toi,\u00a0 en r\u00e9duisant les barri\u00e8res conventionnelles, qui\u00a0 limitent la r\u00e9alisation de toute personne \u00e0\u00a0 atteindre ses\u00a0 objectifs. Pour autant, comme utilisateur tu\u00a0 pourras profiter de ton entra\u00eenement depuis ton domicile ou quel que soit l&rsquo;endroit o\u00f9 tu te trouves, gr\u00e2ce \u00e0 l&rsquo;usage de toutes les nouvelles technologies de pointes comme la\u00a0 vid\u00e9oconf\u00e9rence, entre autres, applicables \u00e0 tes activit\u00e9s principales .<\/p>\n<p>Dans un premier temps, les utilisateurs devraient solliciter une entrevue personnelle en\u00a0 remplissant\u00a0 le formulaire de <strong>comment choisir un cours<\/strong>. Suite \u00e0 cela nous confectionnerons un plan d\u00b4entra\u00eenement personnalis\u00e9 et choisirons celui qui leurs vont le mieux. D\u00b4autre part, nous offrirons une ample vari\u00e9t\u00e9 de plan d\u00b4entra\u00eenement personnalis\u00e9 ( <b>courses packs )<\/b>, pour ainsi pouvoir cr\u00e9er\u00a0 le pack le plus ad\u00e9quat par ses caract\u00e9ristiques bien sp\u00e9cifiques ( tutoriel , auto-\u00e9valuation, emploi du temps, prix &#8230;.) \u00a0con\u00e7u \u00e0 la mesure et au besoin de chaque usager.<\/p>\n[\/vc_column_text][vc_row_inner equal_height=\u00a0\u00bbyes\u00a0\u00bb content_placement=\u00a0\u00bbmiddle\u00a0\u00bb][vc_column_inner width=\u00a0\u00bb1\/2&Prime;][vc_column_text]\n<ul>\n<li style=\"font-weight: 400;\"><span style=\"font-weight: 400;\">\u00a0C\u00b4est pourquoi , choisis ton emploi du temps ad\u00e9quat\u00a0 et , connecte toi . Smart Coco guidera ton entra\u00eenement pour enfin am\u00e9liorer tes aptitudes et atteindre tes objectifs .<\/span><\/li>\n<\/ul>\n[\/vc_column_text][\/vc_column_inner][vc_column_inner width=\u00a0\u00bb1\/2&Prime;][vc_btn title=\u00a0\u00bbChoisis ton emploi du temps\u00a0\u00bb color=\u00a0\u00bbgreen\u00a0\u00bb link=\u00a0\u00bburl:https%3A%2F%2Fsmartcoco.online%2Ffr%2Fconfirma-tu-horario%2F|title:Firma%20tu%20contrato%20y%20procede%20al%20ingreso||\u00a0\u00bb][\/vc_column_inner][\/vc_row_inner][\/vc_column][vc_column width=\u00a0\u00bb1\/12&Prime;][\/vc_column][\/vc_row][vc_row el_id=\u00a0\u00bbpacks\u00a0\u00bb][vc_column width=\u00a0\u00bb1\/6&Prime;][\/vc_column][vc_column width=\u00a0\u00bb2\/3&Prime;]<div class=\"aio-icon-component    style_1\"><div id=\"Info-box-wrap-2702\" class=\"aio-icon-box default-icon\" style=\"\"  ><div class=\"aio-icon-default\"><div class=\"ult-just-icon-wrapper  \"><div class=\"align-icon\" style=\"text-align:center;\">\n<div class=\"aio-icon none \" data-animation=\"fadeIn\" data-animation-delay=\"03\" style=\"color:#333;font-size:50px;display:inline-block;\">\n\t<i class=\"Defaults-bullhorn\"><\/i>\n<\/div><\/div><\/div><\/div><div class=\"aio-icon-header\" ><h2 class=\"aio-icon-title ult-responsive\"  data-ultimate-target='#Info-box-wrap-2702 .aio-icon-title'  data-responsive-json-new='{\"font-size\":\"\",\"line-height\":\"\"}'  style=\"\">Notre slogan:<\/h2><\/div> <!-- header --><div class=\"aio-icon-description ult-responsive\"  data-ultimate-target='#Info-box-wrap-2702 .aio-icon-description'  data-responsive-json-new='{\"font-size\":\"\",\"line-height\":\"\"}'  style=\"\">\n<h1><i>\u00a0\u00bb Au del\u00e1 du virtuel votre satisfaction est notre garantie\u00a0\u00bb<\/i><\/h1>\n<p><i><\/i><\/div> <!-- description --><\/div> <!-- aio-icon-box --><\/div> <!-- aio-icon-component -->[\/vc_column][vc_column width=\u00a0\u00bb1\/6&Prime;][\/vc_column][\/vc_row][vc_row][vc_column width=\u00a0\u00bb1\/4&Prime;][\/vc_column][vc_column width=\u00a0\u00bb1\/4&Prime;][vc_column_text]Est -tu pr\u00eat \u00e0 commencer?[\/vc_column_text][\/vc_column][vc_column width=\u00a0\u00bb1\/4&Prime;][vc_btn title=\u00a0\u00bbGuides \u00e0 suivre\u00a0\u00bb color=\u00a0\u00bbgreen\u00a0\u00bb align=\u00a0\u00bbcenter\u00a0\u00bb i_icon_fontawesome=\u00a0\u00bbfa fa-chevron-circle-right\u00a0\u00bb add_icon=\u00a0\u00bbtrue\u00a0\u00bb link=\u00a0\u00bburl:https%3A%2F%2Fsmartcoco.online%2Ffr%2Fboutique-des-trainings%2F|||\u00a0\u00bb][\/vc_column][vc_column width=\u00a0\u00bb1\/4&Prime;][\/vc_column][\/vc_row]\n","protected":false},"excerpt":{"rendered":"<p>[vc_row css=\u00a0\u00bb.vc_custom_1550659808472{margin-top: -50px !important;}\u00a0\u00bb][vc_column][rev_slider_vc alias=\u00a0\u00bbportada-fr\u00a0\u00bb][\/vc_column][\/vc_row][vc_row full_width=\u00a0\u00bbstretch_row_content\u00a0\u00bb content_placement=\u00a0\u00bbmiddle\u00a0\u00bb][vc_column][vc_row_inner equal_height=\u00a0\u00bbyes\u00a0\u00bb content_placement=\u00a0\u00bbmiddle\u00a0\u00bb][vc_column_inner width=\u00a0\u00bb4\/12&Prime; css=\u00a0\u00bb.vc_custom_1578398765203{margin-bottom: 5px !important;}\u00a0\u00bb][\/vc_column_inner][vc_column_inner width=\u00a0\u00bb2\/12&Prime; css=\u00a0\u00bb.vc_custom_1578398917783{margin-bottom: 5px !important;}\u00a0\u00bb][\/vc_column_inner][vc_column_inner width=\u00a0\u00bb4\/12&Prime; css=\u00a0\u00bb.vc_custom_1578398929823{margin-bottom: 5px !important;}\u00a0\u00bb][\/vc_column_inner][vc_column_inner width=\u00a0\u00bb2\/12&Prime; css=\u00a0\u00bb.vc_custom_1578398942093{margin-bottom: 5px !important;}\u00a0\u00bb][\/vc_column_inner][\/vc_row_inner][vc_custom_heading text=\u00a0\u00bbSMART COCO (Personal Language Trainer )\u00a0\u00bb font_container=\u00a0\u00bbtag:h2|text_align:center\u00a0\u00bb use_theme_fonts=\u00a0\u00bbyes\u00a0\u00bb css=\u00a0\u00bb.vc_custom_1561565817827{margin-top: 50px !important;}\u00a0\u00bb][\/vc_column][\/vc_row][vc_row][vc_column width=\u00a0\u00bb1\/12&Prime;][\/vc_column][vc_column width=\u00a0\u00bb10\/12&Prime;][vc_column_text]De nos jours, une \u00e9poque\u00a0 dans laquelle\u00a0 nous pouvons \u00a0compter sur des personals trainers, qui\u00a0 connaissent notre corps&hellip;<\/p>\n","protected":false},"author":5,"featured_media":0,"parent":0,"menu_order":0,"comment_status":"closed","ping_status":"closed","template":"","meta":{"footnotes":""},"class_list":["post-4194","page","type-page","status-publish","hentry","description-off"],"_links":{"self":[{"href":"https:\/\/smartcoco.online\/fr\/wp-json\/wp\/v2\/pages\/4194"}],"collection":[{"href":"https:\/\/smartcoco.online\/fr\/wp-json\/wp\/v2\/pages"}],"about":[{"href":"https:\/\/smartcoco.online\/fr\/wp-json\/wp\/v2\/types\/page"}],"author":[{"embeddable":true,"href":"https:\/\/smartcoco.online\/fr\/wp-json\/wp\/v2\/users\/5"}],"replies":[{"embeddable":true,"href":"https:\/\/smartcoco.online\/fr\/wp-json\/wp\/v2\/comments?post=4194"}],"version-history":[{"count":69,"href":"https:\/\/smartcoco.online\/fr\/wp-json\/wp\/v2\/pages\/4194\/revisions"}],"predecessor-version":[{"id":7448,"href":"https:\/\/smartcoco.online\/fr\/wp-json\/wp\/v2\/pages\/4194\/revisions\/7448"}],"wp:attachment":[{"href":"https:\/\/smartcoco.online\/fr\/wp-json\/wp\/v2\/media?parent=4194"}],"curies":[{"name":"wp","href":"https:\/\/api.w.org\/{rel}","templated":true}]}}