{"id":4347,"date":"2018-01-25T22:27:37","date_gmt":"2018-01-25T21:27:37","guid":{"rendered":"http:\/\/smartcoco.online\/?page_id=4347"},"modified":"2019-12-12T10:58:21","modified_gmt":"2019-12-12T09:58:21","slug":"faqs","status":"publish","type":"page","link":"https:\/\/smartcoco.online\/fr\/faqs\/","title":{"rendered":"FAQs"},"content":{"rendered":"[vc_row][vc_column][vc_toggle title=\u00a0\u00bbcombien de le\u00e7on aurais-je besoin?\u00a0\u00bb] Cela d\u00e9pend de la langue que vous aimeriez \u00e9tudier et combien vous aimeriez savoir . nous vous sugg\u00e9rons quinze sessions de 2 heures pour un apprentissage\u00a0 afin d&rsquo;atteindre un niveau de survie.[\/vc_toggle][vc_toggle title=\u00a0\u00bbPourquoi devrais-je choisir un course pack?\u00a0\u00bb] Nous consid\u00e9rons que nos clients apprennent mieux et sont\u00a0 plus propice \u00e0 atteindre leurs objectifs de langue s\u00b4ils d\u00e9dient un temps consid\u00e9rable ( au moins entre 20 et 30 heures ) et un engagement\u00a0 financier . Ils ont tendance \u00e0 entreprendre plus s\u00e9rieusement leurs cours et sont loin de consid\u00e9rer un abandon .\u00a0 Pour plusieurs d\u00b4entre eux , c\u00b4est comme avoir pay\u00e9 des frais annuel pour faire partie du club de gymnase et avoir son propre entra\u00eeneur .Une fois qu\u00b4ils ont pay\u00e9 d\u00b4avance , ils ont l\u00b4envie de continuer l\u00b4entra\u00eenement , m\u00eame dans certaines situation comme quand il devraient \u00eatre compl\u00e8tement distrait par contre\u00a0 par d\u00b4autres activit\u00e9s ou m\u00eame sentir ce jour l\u00e0 tout simplement d&rsquo;avoir la flemme. Il est beaucoup plus facile\u00a0 de trouver un entra\u00eeneur hautement qualifi\u00e9 et motiv\u00e9 qui se d\u00e9die enti\u00e8rement \u00e0 un \u00e9tudiant\u00a0 quand celui-ci connait parfaitement ses objectifs pour apprendre et r\u00e9ellement atteindre\u00a0 son but.[\/vc_toggle][vc_toggle title=\u00a0\u00bbComment puis-je savoir quel est mon niveau ?\u00a0\u00bb] \u00a0 Dans tous les cas ,\u00a0 votre entra\u00eeneur vous fournira une minutieuse \u00e9valuation initiale\u00a0 au d\u00e9but de votre training o\u00f9 vous conviendrez selon vos objectifs et probablement les r\u00e9sultats du training bas\u00e9s sur votre niveau actuel et le temps que vous serez capable de d\u00e9dier \u00e0 votre training. Les d\u00e9butants sont exempts de tout\u00a0 test initial . Pour les langues principales you pourrez prendre un test de langue sur notre site web . Pour d&rsquo;autres langues contactez-nous s\u00b4il vous pla\u00eet\u00a0 pour une \u00e9valuation.[\/vc_toggle][vc_toggle title=\u00a0\u00bb Quel le nombre maximum d&rsquo;\u00e9l\u00e8ve par classe?\u00a0\u00bb] Ceci est une d\u00e9cision enti\u00e8rement propre , selon nos appr\u00e9ciations, plus il y a\u00a0 du monde,\u00a0 moins le co\u00fbt est \u00e9lev\u00e9 pour chacun des \u00e9tudiants. Par contre , il est important de remarquer que plus il ya du monde dans chaque session , plus cela ralentit\u00a0 l&rsquo;apprentissage , tant que l&rsquo;entra\u00eeneur passe le temps entre plusieurs personnes pendant la classe. C\u00b4est une classe individuelle . Pour cela nous ne recommandons pas plus d\u00b4 1 personne par classe. Par ailleurs , la classe pourrait seulement \u00eatre suspendue ou reprogramm\u00e9e dans le cas o\u00f9 l\u00b4 \u00e9tudiant ne peut assister au cours pour des raisons de forces majeurs .[\/vc_toggle][vc_toggle title=\u00a0\u00bbQuels sont les modalit\u00e9s de paiement?\u00a0\u00bb] Une fois que le cours soit choisi , vous vous compromettez \u00e0\u00a0 l&rsquo;int\u00e9grit\u00e9\u00a0 du\u00a0 programme ,\u00a0 \u00a0mais nous n&rsquo;imposons pas le montant total en avance . Ensuite , nous vous enverrons une facture pour le montant total mais nous avons juste besoin d&rsquo;une avance ( payable par PayPal ou carte de cr\u00e9dit ) pour faciliter les choses. Une fois que le paiement soit re\u00e7u le cours peut commencer . Ensuite vous serez factur\u00e9 pour le restant des le\u00e7ons qui devrait \u00eatre r\u00e9gl\u00e9 dans les 2 semaines suivantes \u00e0 cont\u00e9 de la premi\u00e8re le\u00e7on. Habituellement nous n\u00b4acceptons pas les paiement mensuels except\u00e9 dans des cas sp\u00e9ciaux.[\/vc_toggle][vc_toggle title=\u00a0\u00bb Existe t-il une possibilit\u00e9 de changer d&rsquo;entra\u00eeneur?\u00a0\u00bb] \u00a0 Ceci est une tr\u00e8s rare situation , mais nous vous\u00a0 informons et reconnaissons que cela pourrait arriver . Si vous n&rsquo;aimez pas votre entra\u00eeneur ou sa fa\u00e7on d\u00b4 entra\u00eener\u00a0 , vous devriez nous contacter apr\u00e8s la session initiale et nous pouvons pr\u00e9voir un autre entra\u00eeneur pour vous et vous ne serez pas factur\u00e9 pour la premi\u00e8re session . Quand un remplacement est inad\u00e9quat , vous recevrez un remboursement complet.[\/vc_toggle][vc_toggle title=\u00a0\u00bb\u00a0 Existe t- il une possibilit\u00e9 d&rsquo;avoir plus d\u00b4un \u00e9l\u00e8ve par classe?\u00a0\u00bb] Non bien s\u00fbr . Tous les participants devraient avoir le m\u00eame niveau et \u00eatre disponible d&rsquo;\u00e9tudier en m\u00eame temps et au m\u00eame endroit chaque semaine .Cependant , les classes ne pourront \u00eatre suspendus \u00e0 moins que l\u00b4 \u00e9l\u00e8ve ne soient pas\u00a0 capables d\u00b4 assister \u00e0 une session particuli\u00e8re et une valable justification soit faite ( habituellement 2 jours d\u00b4avances\u00a0 )[\/vc_toggle][vc_toggle title=\u00a0\u00bb serais-je rembours\u00e9 si je termine avant le temps pr\u00e9vu ?\u00a0\u00bb] Au cas o\u00f9 vous ne pouvez plus continuer les cours , vous serez rembours\u00e9 en recevant le montant total moins les co\u00fbt des heures d\u00e9j\u00e0 re\u00e7u ( la derni\u00e8re annulation inclus ); le co\u00fbt de quelconque r\u00e9serve d\u00e9j\u00e0 effectu\u00e9e par vous ; les frais d&rsquo;annulation qui s\u00b4imposent.[\/vc_toggle][vc_toggle title=\u00a0\u00bb il y a t\u00b4il un soucis au cas o\u00f9 je solicite un changement d\u00b4horaire?\u00a0\u00bb]Au cas o\u00f9 vous sollicitez un changement d\u00b4horaire ou de classe , vous pouvez le faire directement avec votre Entra\u00eeneur\u00a0 .il suffit tout simplement de le faire avec un pr\u00e9avis de deux jours d\u00b4avance ( exp. pour changer la classe du jeudi avisez votre Entra\u00eeneur\u00a0 le mardi )[\/vc_toggle][vc_toggle title=\u00a0\u00bb pourrais-je juste payer la premi\u00e8re classe pour voir si j\u00b4aime?\u00a0\u00bb] \u00a0 G\u00e9n\u00e9ralement il est tr\u00e8s difficile d&rsquo;\u00e9valuer une r\u00e9ussite\u00a0 avec une seule le\u00e7on .Cependant\u00a0 dans des cas exceptionnels , il serait possible de trouver une issue : contactez nous au cas n\u00e9cessaire autant pour vous comme pour votre entreprise.[\/vc_toggle][vc_toggle title=\u00a0\u00bbquels sont les diplomes des Entraineurs?\u00a0\u00bb] Nos entra\u00eeneur sont d&rsquo;origine\u00a0 fran\u00e7ais\u00a0 et des dipl\u00f4m\u00e9s en enseignement , et comme langues \u00e9trang\u00e8res ( similaire au dipl\u00f4me TEFL de Professeur\u00a0d\u00b4Anglais\u00a0 )et en plus poss\u00e8dent des dipl\u00f4mes universitaires.[\/vc_toggle][vc_toggle title=\u00a0\u00bbQu&rsquo;est-ce qui ce passe au cas o\u00f9 j\u00b4annule les cours avant le temps convenu?\u00a0\u00bb] Au cas o\u00f9 vous ne pouvez plus continuer les cours , vous serez rembours\u00e9 en recevant le montant total moins les co\u00fbt des heures d\u00e9j\u00e0 re\u00e7u ( la derni\u00e8re annulation inclus ); le co\u00fbt de quelconque r\u00e9serve d\u00e9j\u00e0 effectu\u00e9e par vous ; les frais d&rsquo;annulation qui s\u00b4imposent.[\/vc_toggle][vc_toggle title=\u00a0\u00bbDevrais-je ajouter la TVA aux prix ?\u00a0\u00bb] \u00a0 Nous n&rsquo;ajoutons pas la TVA aux prix des cours De Fran\u00e7ais . Pour d&rsquo;autres langues en France la TVA est inclus dans le prix.[\/vc_toggle][vc_toggle title=\u00a0\u00bb Aurais-je toujours le m\u00eame Entra\u00eeneur durant tout le cours ?\u00a0\u00bb]Sauf si l\u00b4\u00e9tudiant sollicite sp\u00e9cialement d\u00b4avoir 2 ou plus d&rsquo;entra\u00eeneurs , nous ferons de notre mieux pour assurer que vous ayez toujours\u00a0 le m\u00eame entra\u00eeneur pendant toute la p\u00e9riode de votre training . Naturellement les entra\u00eeneurs sont des personnes comme toute autres et occasionnellement\u00a0 des maladies ou changements de circonstances personnels impliquent\u00a0 la n\u00e9cessit\u00e9 de remplacement\u00a0 pendant le d\u00e9roulement du training . Cependant nous pensons que cela n&rsquo;arrive que dans des cas extr\u00eamement rares. [\/vc_toggle][\/vc_column][\/vc_row]\n","protected":false},"excerpt":{"rendered":"<p>[vc_row][vc_column][vc_toggle title=\u00a0\u00bbcombien de le\u00e7on aurais-je besoin?\u00a0\u00bb] Cela d\u00e9pend de la langue que vous aimeriez \u00e9tudier et combien vous aimeriez savoir . nous vous sugg\u00e9rons quinze sessions de 2 heures pour un apprentissage\u00a0 afin d&rsquo;atteindre un niveau de survie.[\/vc_toggle][vc_toggle title=\u00a0\u00bbPourquoi devrais-je choisir un course pack?\u00a0\u00bb] Nous consid\u00e9rons que nos clients apprennent mieux et sont\u00a0 plus propice&hellip;<\/p>\n","protected":false},"author":5,"featured_media":0,"parent":0,"menu_order":0,"comment_status":"closed","ping_status":"closed","template":"","meta":{"footnotes":""},"class_list":["post-4347","page","type-page","status-publish","hentry","description-off"],"_links":{"self":[{"href":"https:\/\/smartcoco.online\/fr\/wp-json\/wp\/v2\/pages\/4347"}],"collection":[{"href":"https:\/\/smartcoco.online\/fr\/wp-json\/wp\/v2\/pages"}],"about":[{"href":"https:\/\/smartcoco.online\/fr\/wp-json\/wp\/v2\/types\/page"}],"author":[{"embeddable":true,"href":"https:\/\/smartcoco.online\/fr\/wp-json\/wp\/v2\/users\/5"}],"replies":[{"embeddable":true,"href":"https:\/\/smartcoco.online\/fr\/wp-json\/wp\/v2\/comments?post=4347"}],"version-history":[{"count":4,"href":"https:\/\/smartcoco.online\/fr\/wp-json\/wp\/v2\/pages\/4347\/revisions"}],"predecessor-version":[{"id":4381,"href":"https:\/\/smartcoco.online\/fr\/wp-json\/wp\/v2\/pages\/4347\/revisions\/4381"}],"wp:attachment":[{"href":"https:\/\/smartcoco.online\/fr\/wp-json\/wp\/v2\/media?parent=4347"}],"curies":[{"name":"wp","href":"https:\/\/api.w.org\/{rel}","templated":true}]}}