{"id":4350,"date":"2019-02-25T10:50:22","date_gmt":"2019-02-25T09:50:22","guid":{"rendered":"http:\/\/smartcoco.online\/?page_id=4350"},"modified":"2021-04-08T09:46:14","modified_gmt":"2021-04-08T07:46:14","slug":"por-que-aprender-un-idioma","status":"publish","type":"page","link":"https:\/\/smartcoco.online\/fr\/por-que-aprender-un-idioma\/","title":{"rendered":"Pourquoi Apprendre \u00e0 apprendre une Langue ?"},"content":{"rendered":"[vc_row][vc_column][vc_custom_heading text=\u00a0\u00bbPourquoi apprendre \u00e0 apprendre une Langue ?\u00a0\u00bb font_container=\u00a0\u00bbtag:h1|text_align:center\u00a0\u00bb use_theme_fonts=\u00a0\u00bbyes\u00a0\u00bb][vc_custom_heading text=\u00a0\u00bbFran\u00e7ais\u00a0\u00bb][vc_column_text]Globalement reconnu comme la langue de l\u00b4amour, le Fran\u00e7ais est la langue du romantisme et la France le pays le plus romantique du monde.<\/p>\n<p>Le Fran\u00e7ais est la sixi\u00e8me\u00a0langue la plus parl\u00e9e au monde avec 220 million de locuteurs natifs, et un nombre qui est pr\u00e9vu\u00a0d\u00b4\u00eatre dupliquer dans les prochaines 35 ann\u00e9es.<\/p>\n<p>Sans attendre plus, commence d\u00e8s aujourd\u2019hui\u00b4hui avec notre<strong> test de langue online gratuit<\/strong>, ensuite remplis notre <strong>formulaire de contact<\/strong> pour enfin\u00a0 savoir plus sur la vari\u00e9t\u00e9 d&rsquo;option de nos cours online sp\u00e9cialement fait \u00e0 ta mesure.<\/p>\n<p>Connecte toi sur Smart Coco ton personal language trainer et re\u00e7ois notre<strong> pack de cours sur mesure<\/strong>, la solution \u00e0 ton agenda tr\u00e8s charg\u00e9, pour enfin atteindre tes objectifs et le niveau de la langue Fran\u00e7aise que tu d\u00e9sires.[\/vc_column_text][vc_single_image image=\u00a0\u00bb3757&Prime; img_size=\u00a0\u00bbfull\u00a0\u00bb]<style type=\"text\/css\" data-type=\"the7_shortcodes-inline-css\">#default-btn-083dc5ebb4ff3f85edf2abb8f169abba {\n  border-radius: 10px;\n  font-size: 18px;\n  line-height: 20px;\n}\n.btn-shadow#default-btn-083dc5ebb4ff3f85edf2abb8f169abba {\n  box-shadow: 0 1px 6px rgba(0,0,0,0.12);\n  transition: box-shadow 0.2s ease-out, opacity 0.45s;\n}\n.btn-shadow#default-btn-083dc5ebb4ff3f85edf2abb8f169abba:hover {\n  box-shadow: 0 5px 11px 0 rgba(0,0,0,0.18), 0 4px 15px 0 rgba(0,0,0,0.15);\n}\n.btn-3d#default-btn-083dc5ebb4ff3f85edf2abb8f169abba {\n  box-shadow: 0px 2px 0px 0px #526d3d;\n}\n.btn-3d#default-btn-083dc5ebb4ff3f85edf2abb8f169abba:hover {\n  box-shadow: 0px 2px 0px 0px #e0e0e0;\n}\n.btn-flat#default-btn-083dc5ebb4ff3f85edf2abb8f169abba {\n  box-shadow: none;\n}\n.btn-flat#default-btn-083dc5ebb4ff3f85edf2abb8f169abba:hover {\n  box-shadow: none;\n}\n#default-btn-083dc5ebb4ff3f85edf2abb8f169abba.ico-right-side > i {\n  margin-right: 0px;\n  margin-left: 8px;\n}\n#default-btn-083dc5ebb4ff3f85edf2abb8f169abba > i {\n  margin-right: 8px;\n  font-size: 25px;\n}\n#default-btn-083dc5ebb4ff3f85edf2abb8f169abba:not(:hover) {\n  border-width: 0px;\n  color: #ffffff;\n  background: #6dab3c !important;\n  padding: 16px 24px 16px 24px;\n}\n#default-btn-083dc5ebb4ff3f85edf2abb8f169abba:not(:hover) * {\n  color: #ffffff;\n}\n#default-btn-083dc5ebb4ff3f85edf2abb8f169abba:hover {\n  border-width: 0px;\n  color: #6dab3c;\n  background: #ffffff !important;\n  padding: 16px 24px 16px 24px;\n}\n#default-btn-083dc5ebb4ff3f85edf2abb8f169abba:hover * {\n  color: #6dab3c;\n}\n#default-btn-083dc5ebb4ff3f85edf2abb8f169abba.ico-right-side > i {\n  margin-right: 0px;\n  margin-left: 8px;\n}\n#default-btn-083dc5ebb4ff3f85edf2abb8f169abba > i {\n  margin-right: 8px;\n}\n<\/style><div class=\"btn-align-center\"><a href=\"https:\/\/smartcoco.online\/fr\/trainings\/\" class=\"default-btn-shortcode dt-btn link-hover-off btn-flat \" id=\"default-btn-083dc5ebb4ff3f85edf2abb8f169abba\" title=\"Trainings\"><i class=\"far fa-hand-point-right\"><\/i><span>Trainings<\/span><\/a><\/div>[vc_empty_space][\/vc_column][\/vc_row][vc_row][vc_column][vc_custom_heading text=\u00a0\u00bbAnglais\u00a0\u00bb][vc_column_text]Les experts estiment que un total de presque\u00a0 1.2 billion de personnes parlent couramment\u00a0 la langue au m\u00eame\u00a0niveau que les locuteurs natifs.<\/p>\n<p>Apprend l\u00b4Anglais pour une promotion de carri\u00e8re, un int\u00e9r\u00eat personnel, ou simplement se connecter avec des locuteurs natifs Anglais dans le monde. Commence d\u00e8s aujourd&rsquo;hui avec notre <strong>test de langue online gratuit<\/strong>, ensuite rempli notre<strong> formulaire de contact<\/strong> pour enfin\u00a0 savoir plus sur la vari\u00e9t\u00e9 d&rsquo;option de nos cours sp\u00e9cialement fait \u00e0 ta mesure.<\/p>\n<p>Connecte toi sur Smart Coco ton personal language trainer et re\u00e7ois notre <strong>pack de cours sur mesure<\/strong>, la solution \u00e0 ton agenda tr\u00e8s charg\u00e9, pour enfin atteindre tes objectifs et le niveau de la langue Anglaise que tu d\u00e9sires.[\/vc_column_text][vc_single_image image=\u00a0\u00bb3764&Prime; img_size=\u00a0\u00bbfull\u00a0\u00bb]<style type=\"text\/css\" data-type=\"the7_shortcodes-inline-css\">#default-btn-083dc5ebb4ff3f85edf2abb8f169abba {\n  border-radius: 10px;\n  font-size: 18px;\n  line-height: 20px;\n}\n.btn-shadow#default-btn-083dc5ebb4ff3f85edf2abb8f169abba {\n  box-shadow: 0 1px 6px rgba(0,0,0,0.12);\n  transition: box-shadow 0.2s ease-out, opacity 0.45s;\n}\n.btn-shadow#default-btn-083dc5ebb4ff3f85edf2abb8f169abba:hover {\n  box-shadow: 0 5px 11px 0 rgba(0,0,0,0.18), 0 4px 15px 0 rgba(0,0,0,0.15);\n}\n.btn-3d#default-btn-083dc5ebb4ff3f85edf2abb8f169abba {\n  box-shadow: 0px 2px 0px 0px #526d3d;\n}\n.btn-3d#default-btn-083dc5ebb4ff3f85edf2abb8f169abba:hover {\n  box-shadow: 0px 2px 0px 0px #e0e0e0;\n}\n.btn-flat#default-btn-083dc5ebb4ff3f85edf2abb8f169abba {\n  box-shadow: none;\n}\n.btn-flat#default-btn-083dc5ebb4ff3f85edf2abb8f169abba:hover {\n  box-shadow: none;\n}\n#default-btn-083dc5ebb4ff3f85edf2abb8f169abba.ico-right-side > i {\n  margin-right: 0px;\n  margin-left: 8px;\n}\n#default-btn-083dc5ebb4ff3f85edf2abb8f169abba > i {\n  margin-right: 8px;\n  font-size: 25px;\n}\n#default-btn-083dc5ebb4ff3f85edf2abb8f169abba:not(:hover) {\n  border-width: 0px;\n  color: #ffffff;\n  background: #6dab3c !important;\n  padding: 16px 24px 16px 24px;\n}\n#default-btn-083dc5ebb4ff3f85edf2abb8f169abba:not(:hover) * {\n  color: #ffffff;\n}\n#default-btn-083dc5ebb4ff3f85edf2abb8f169abba:hover {\n  border-width: 0px;\n  color: #6dab3c;\n  background: #ffffff !important;\n  padding: 16px 24px 16px 24px;\n}\n#default-btn-083dc5ebb4ff3f85edf2abb8f169abba:hover * {\n  color: #6dab3c;\n}\n#default-btn-083dc5ebb4ff3f85edf2abb8f169abba.ico-right-side > i {\n  margin-right: 0px;\n  margin-left: 8px;\n}\n#default-btn-083dc5ebb4ff3f85edf2abb8f169abba > i {\n  margin-right: 8px;\n}\n<\/style><div class=\"btn-align-center\"><a href=\"https:\/\/smartcoco.online\/fr\/trainings\/\" class=\"default-btn-shortcode dt-btn link-hover-off btn-flat \" id=\"default-btn-083dc5ebb4ff3f85edf2abb8f169abba\" title=\"Trainings\"><i class=\"far fa-hand-point-right\"><\/i><span>Trainings<\/span><\/a><\/div>[vc_empty_space][\/vc_column][\/vc_row][vc_row][vc_column][vc_custom_heading text=\u00a0\u00bbEspagnol\u00a0\u00bb][vc_column_text]Il y a plus de 400 million de natifs parlant l\u00b4Espagnol dans le monde entier, ce qui fait plus que les natifs parlant l&rsquo;Anglais et suivit de tr\u00e8s pr\u00e8s par les natifs parlant le Chinois.<\/p>\n<p>Bienvenue \u00e0 la communaut\u00e9 de la seconde langue la plus parl\u00e9e au monde. Commence d\u00e8s aujourd\u00b4hui avec notre<strong> test de langue online gratuit<\/strong>, ensuite rempli notre<strong> formulaire de contact\u00a0<\/strong> pour enfin savoir plus sur la vari\u00e9t\u00e9 d&rsquo;option de nos cours sp\u00e9cialement fait \u00e0 ta mesure.<\/p>\n<p>Connecte toi sur Smart Coco ton personal language trainer et re\u00e7ois notre<strong> pack de cours sur mesure<\/strong>, la solution \u00e0 ton agenda tr\u00e8s charg\u00e9, pour enfin atteindre tes objectifs et le niveau de la langue Espagnole que tu d\u00e9sires.[\/vc_column_text][vc_single_image image=\u00a0\u00bb3753&Prime; img_size=\u00a0\u00bbfull\u00a0\u00bb]<style type=\"text\/css\" data-type=\"the7_shortcodes-inline-css\">#default-btn-083dc5ebb4ff3f85edf2abb8f169abba {\n  border-radius: 10px;\n  font-size: 18px;\n  line-height: 20px;\n}\n.btn-shadow#default-btn-083dc5ebb4ff3f85edf2abb8f169abba {\n  box-shadow: 0 1px 6px rgba(0,0,0,0.12);\n  transition: box-shadow 0.2s ease-out, opacity 0.45s;\n}\n.btn-shadow#default-btn-083dc5ebb4ff3f85edf2abb8f169abba:hover {\n  box-shadow: 0 5px 11px 0 rgba(0,0,0,0.18), 0 4px 15px 0 rgba(0,0,0,0.15);\n}\n.btn-3d#default-btn-083dc5ebb4ff3f85edf2abb8f169abba {\n  box-shadow: 0px 2px 0px 0px #526d3d;\n}\n.btn-3d#default-btn-083dc5ebb4ff3f85edf2abb8f169abba:hover {\n  box-shadow: 0px 2px 0px 0px #e0e0e0;\n}\n.btn-flat#default-btn-083dc5ebb4ff3f85edf2abb8f169abba {\n  box-shadow: none;\n}\n.btn-flat#default-btn-083dc5ebb4ff3f85edf2abb8f169abba:hover {\n  box-shadow: none;\n}\n#default-btn-083dc5ebb4ff3f85edf2abb8f169abba.ico-right-side > i {\n  margin-right: 0px;\n  margin-left: 8px;\n}\n#default-btn-083dc5ebb4ff3f85edf2abb8f169abba > i {\n  margin-right: 8px;\n  font-size: 25px;\n}\n#default-btn-083dc5ebb4ff3f85edf2abb8f169abba:not(:hover) {\n  border-width: 0px;\n  color: #ffffff;\n  background: #6dab3c !important;\n  padding: 16px 24px 16px 24px;\n}\n#default-btn-083dc5ebb4ff3f85edf2abb8f169abba:not(:hover) * {\n  color: #ffffff;\n}\n#default-btn-083dc5ebb4ff3f85edf2abb8f169abba:hover {\n  border-width: 0px;\n  color: #6dab3c;\n  background: #ffffff !important;\n  padding: 16px 24px 16px 24px;\n}\n#default-btn-083dc5ebb4ff3f85edf2abb8f169abba:hover * {\n  color: #6dab3c;\n}\n#default-btn-083dc5ebb4ff3f85edf2abb8f169abba.ico-right-side > i {\n  margin-right: 0px;\n  margin-left: 8px;\n}\n#default-btn-083dc5ebb4ff3f85edf2abb8f169abba > i {\n  margin-right: 8px;\n}\n<\/style><div class=\"btn-align-center\"><a href=\"https:\/\/smartcoco.online\/fr\/trainings\/\" class=\"default-btn-shortcode dt-btn link-hover-off btn-flat \" id=\"default-btn-083dc5ebb4ff3f85edf2abb8f169abba\" title=\"Trainings\"><i class=\"far fa-hand-point-right\"><\/i><span>Trainings<\/span><\/a><\/div>[vc_empty_space][\/vc_column][\/vc_row]\n","protected":false},"excerpt":{"rendered":"<p>[vc_row][vc_column][vc_custom_heading text=\u00a0\u00bbPourquoi apprendre \u00e0 apprendre une Langue ?\u00a0\u00bb font_container=\u00a0\u00bbtag:h1|text_align:center\u00a0\u00bb use_theme_fonts=\u00a0\u00bbyes\u00a0\u00bb][vc_custom_heading text=\u00a0\u00bbFran\u00e7ais\u00a0\u00bb][vc_column_text]Globalement reconnu comme la langue de l\u00b4amour, le Fran\u00e7ais est la langue du romantisme et la France le pays le plus romantique du monde. Le Fran\u00e7ais est la sixi\u00e8me\u00a0langue la plus parl\u00e9e au monde avec 220 million de locuteurs natifs, et un nombre qui est&hellip;<\/p>\n","protected":false},"author":5,"featured_media":0,"parent":0,"menu_order":0,"comment_status":"closed","ping_status":"closed","template":"","meta":{"footnotes":""},"class_list":["post-4350","page","type-page","status-publish","hentry","description-off"],"_links":{"self":[{"href":"https:\/\/smartcoco.online\/fr\/wp-json\/wp\/v2\/pages\/4350"}],"collection":[{"href":"https:\/\/smartcoco.online\/fr\/wp-json\/wp\/v2\/pages"}],"about":[{"href":"https:\/\/smartcoco.online\/fr\/wp-json\/wp\/v2\/types\/page"}],"author":[{"embeddable":true,"href":"https:\/\/smartcoco.online\/fr\/wp-json\/wp\/v2\/users\/5"}],"replies":[{"embeddable":true,"href":"https:\/\/smartcoco.online\/fr\/wp-json\/wp\/v2\/comments?post=4350"}],"version-history":[{"count":13,"href":"https:\/\/smartcoco.online\/fr\/wp-json\/wp\/v2\/pages\/4350\/revisions"}],"predecessor-version":[{"id":7450,"href":"https:\/\/smartcoco.online\/fr\/wp-json\/wp\/v2\/pages\/4350\/revisions\/7450"}],"wp:attachment":[{"href":"https:\/\/smartcoco.online\/fr\/wp-json\/wp\/v2\/media?parent=4350"}],"curies":[{"name":"wp","href":"https:\/\/api.w.org\/{rel}","templated":true}]}}