{"id":4355,"date":"2018-01-24T19:58:39","date_gmt":"2018-01-24T18:58:39","guid":{"rendered":"http:\/\/smartcoco.online\/?page_id=4355"},"modified":"2021-04-08T09:46:21","modified_gmt":"2021-04-08T07:46:21","slug":"es-tu-pret-a-commencer-ton-training","status":"publish","type":"page","link":"https:\/\/smartcoco.online\/fr\/es-tu-pret-a-commencer-ton-training\/","title":{"rendered":"Es-tu pr\u00eat \u00e0 commencer ton Training?"},"content":{"rendered":"[vc_row][vc_column][vc_column_text]\n<h2><b>Guides\u00a0 \u00e0 suivre<br \/>\n<\/b><\/h2>\n<p>Il n\u00b4y a pas une seule m\u00e9thode universelle pour apprendre les langues. Choisis \u00e0 partir de maintenant et utilise celle qui te convient le mieux, cela va fonctionner. Une heure par jour vaut mieux qu&rsquo;une longue session du coup. Les erreurs font partis du processus d&rsquo;apprentissage. Inscris toi et tu apprendra rapidement avec Smart Coco ton personal trainer.<\/p>\n<p><b>Listen : <\/b>A<span style=\"font-weight: 400;\">ffine l&rsquo;oreille en \u00e9coutant de temps en temps sur ton podcast, pendant ta session de sport, sur ton chemin en allant au travail, les le\u00e7ons, la musique, les informations\u00a0 et conversations recommand\u00e9s par ton personal trainer\u00a0 dans la langue que tu apprend.\u00a0 <\/span>[\/vc_column_text][vc_single_image image=\u00a0\u00bb3575&Prime; img_size=\u00a0\u00bbfull\u00a0\u00bb][vc_column_text]<b>Watch TV and video<\/b> : En regardant des films, informations, et\u00a0 documentaires recommand\u00e9s par ton personal trainer \u00e0 la televisi\u00f3n, videos online inclus, le tout dans la langue que tu apprend. Au d\u00e9but cela ne r\u00e9sulte pas facile, mais si tu d\u00e9dies le temps n\u00e9cessaire \u00e0 cette nouvelle routine, cela t&rsquo;aidera \u00e0 t\u00b4accoutumer au son de la langue. Et avec l&rsquo;appuie des images, tu am\u00e9liorera en compilant de nouvelles\u00a0 informations, phrases et expressions qui feront partie de ton vocabulaire.[\/vc_column_text][vc_column_text]<b>Write:<\/b> \u00c9crit des mots, des phrase avec des images, fait des notes sur des post- it et colle-les sur un endroit o\u00f9 tu peux les voir et les lires de temps en temps. Une fa\u00e7on de stimuler le cerveau et permettre que la m\u00e9moire visuelle se d\u00e9veloppe afin que ces informations s&rsquo;accumulent avec le temps, et\u00a0 tu te surprendras du r\u00e9sultat.[\/vc_column_text][vc_single_image image=\u00a0\u00bb328&Prime; img_size=\u00a0\u00bbfull\u00a0\u00bb][vc_column_text]<b>Say <\/b>: R\u00e9p\u00e8te les num\u00e9ros de t\u00e9l\u00e9phone en haute voix, fait la liste d&rsquo;achat et d\u00b4autres listes, ou encore m\u00e9morises les commandes du restaurant . En r\u00e9p\u00e9tant\u00a0 les mots les phrases et les num\u00e9ros comme s\u00b4il s\u00b4agissait d\u00b4un script\u00a0 de ton r\u00f4le dans un film. Cela\u00a0 t&rsquo;aidera \u00e0 t&rsquo;accoutumer \u00e0 parler et de\u00a0 t\u00b4 \u00e9couter dans la langue que tu apprend,\u00a0 perfectionne ou tout simplement r\u00e9vise.[\/vc_column_text][vc_column_text]<b>Repeat : <\/b>R\u00e9p\u00e8te toujours les activit\u00e9s pour enfin consolider ce que tu apprend, de cette mani\u00e8re tu r\u00e9vise et d\u00e9couvre des erreurs qui ont pu se coller par m\u00e9garde. Cela te permettra de rectifier, corriger, et am\u00e9liorer ton apprentissage.[\/vc_column_text][vc_column_text]<b>Visit<\/b> :Visite les endroits o\u00f9 tu peux utiliser la langue que tu\u00a0 apprend, cela va te motiver,\u00a0 car de cette fa\u00e7on tu te rendra compte des am\u00e9liorations que tu obtiens le long du temps avec ton personal trainer.[\/vc_column_text][vc_single_image image=\u00a0\u00bb3345&Prime; img_size=\u00a0\u00bbfull\u00a0\u00bb][vc_column_text]<b>Go back <\/b>: R\u00e9vise toujours une et autre fois, ce que tu apprend avec ton personal trainer, tu te surprendras de combien tu as appris et combien cela vaut la peine.[\/vc_column_text][\/vc_column][\/vc_row][vc_row][vc_column][\/vc_column][\/vc_row][vc_row gap=\u00a0\u00bb5&Prime; equal_height=\u00a0\u00bbyes\u00a0\u00bb content_placement=\u00a0\u00bbmiddle\u00a0\u00bb][vc_column width=\u00a0\u00bb1\/3&Prime;]<style type=\"text\/css\" data-type=\"the7_shortcodes-inline-css\">#default-btn-b6460d802a95626fb3edcf495740c80e {\n  border-radius: 10px;\n  font-size: 18px;\n  line-height: 20px;\n}\n.btn-shadow#default-btn-b6460d802a95626fb3edcf495740c80e {\n  box-shadow: 0 1px 6px rgba(0,0,0,0.12);\n  transition: box-shadow 0.2s ease-out, opacity 0.45s;\n}\n.btn-shadow#default-btn-b6460d802a95626fb3edcf495740c80e:hover {\n  box-shadow: 0 5px 11px 0 rgba(0,0,0,0.18), 0 4px 15px 0 rgba(0,0,0,0.15);\n}\n.btn-3d#default-btn-b6460d802a95626fb3edcf495740c80e {\n  box-shadow: 0px 2px 0px 0px #526d3d;\n}\n.btn-3d#default-btn-b6460d802a95626fb3edcf495740c80e:hover {\n  box-shadow: 0px 2px 0px 0px #e0e0e0;\n}\n.btn-flat#default-btn-b6460d802a95626fb3edcf495740c80e {\n  box-shadow: none;\n}\n.btn-flat#default-btn-b6460d802a95626fb3edcf495740c80e:hover {\n  box-shadow: none;\n}\n#default-btn-b6460d802a95626fb3edcf495740c80e.ico-right-side > i {\n  margin-right: 0px;\n  margin-left: 8px;\n}\n#default-btn-b6460d802a95626fb3edcf495740c80e > i {\n  margin-right: 8px;\n  font-size: 25px;\n}\n#default-btn-b6460d802a95626fb3edcf495740c80e:not(:hover) {\n  border-width: 0px;\n  color: #ffffff;\n  background: #6dab3c !important;\n  padding: 16px 24px 16px 24px;\n}\n#default-btn-b6460d802a95626fb3edcf495740c80e:not(:hover) * {\n  color: #ffffff;\n}\n#default-btn-b6460d802a95626fb3edcf495740c80e:hover {\n  border-width: 0px;\n  color: #6dab3c;\n  background: #ffffff !important;\n  padding: 16px 24px 16px 24px;\n}\n#default-btn-b6460d802a95626fb3edcf495740c80e:hover * {\n  color: #6dab3c;\n}\n#default-btn-b6460d802a95626fb3edcf495740c80e.ico-right-side > i {\n  margin-right: 0px;\n  margin-left: 8px;\n}\n#default-btn-b6460d802a95626fb3edcf495740c80e > i {\n  margin-right: 8px;\n}\n<\/style><div class=\"btn-align-center\"><a href=\"https:\/\/smartcoco.online\/fr\/training-online\/\" class=\"default-btn-shortcode dt-btn fadeIn animate-element animation-builder link-hover-off full-width-btn btn-flat \" id=\"default-btn-b6460d802a95626fb3edcf495740c80e\" title=\"Training Online\"><i class=\"far fa-hand-point-right\"><\/i><span>Training Online<\/span><\/a><\/div>[\/vc_column][vc_column width=\u00a0\u00bb1\/3&Prime;]<style type=\"text\/css\" data-type=\"the7_shortcodes-inline-css\">#default-btn-0866645572e9af300dc3e5c9abc8312a {\n  border-radius: 10px;\n  font-size: 18px;\n  line-height: 20px;\n}\n.btn-shadow#default-btn-0866645572e9af300dc3e5c9abc8312a {\n  box-shadow: 0 1px 6px rgba(0,0,0,0.12);\n  transition: box-shadow 0.2s ease-out, opacity 0.45s;\n}\n.btn-shadow#default-btn-0866645572e9af300dc3e5c9abc8312a:hover {\n  box-shadow: 0 5px 11px 0 rgba(0,0,0,0.18), 0 4px 15px 0 rgba(0,0,0,0.15);\n}\n.btn-3d#default-btn-0866645572e9af300dc3e5c9abc8312a {\n  box-shadow: 0px 2px 0px 0px #526d3d;\n}\n.btn-3d#default-btn-0866645572e9af300dc3e5c9abc8312a:hover {\n  box-shadow: 0px 2px 0px 0px #e0e0e0;\n}\n.btn-flat#default-btn-0866645572e9af300dc3e5c9abc8312a {\n  box-shadow: none;\n}\n.btn-flat#default-btn-0866645572e9af300dc3e5c9abc8312a:hover {\n  box-shadow: none;\n}\n#default-btn-0866645572e9af300dc3e5c9abc8312a.ico-right-side > i {\n  margin-right: 0px;\n  margin-left: 8px;\n}\n#default-btn-0866645572e9af300dc3e5c9abc8312a > i {\n  margin-right: 8px;\n  font-size: 25px;\n}\n#default-btn-0866645572e9af300dc3e5c9abc8312a:not(:hover) {\n  border-width: 0px;\n  color: #ffffff;\n  background: #6dab3c !important;\n  padding: 16px 24px 16px 24px;\n}\n#default-btn-0866645572e9af300dc3e5c9abc8312a:not(:hover) * {\n  color: #ffffff;\n}\n#default-btn-0866645572e9af300dc3e5c9abc8312a:hover {\n  border-width: 0px;\n  color: #6dab3c;\n  background: #ffffff !important;\n  padding: 16px 24px 16px 24px;\n}\n#default-btn-0866645572e9af300dc3e5c9abc8312a:hover * {\n  color: #6dab3c;\n}\n#default-btn-0866645572e9af300dc3e5c9abc8312a.ico-right-side > i {\n  margin-right: 0px;\n  margin-left: 8px;\n}\n#default-btn-0866645572e9af300dc3e5c9abc8312a > i {\n  margin-right: 8px;\n}\n<\/style><div class=\"btn-align-center\"><a href=\"https:\/\/smartcoco.online\/fr\/comment-choisir-un-cours\/\" class=\"default-btn-shortcode dt-btn fadeIn animate-element animation-builder link-hover-off full-width-btn btn-flat \" id=\"default-btn-0866645572e9af300dc3e5c9abc8312a\" title=\"Comment choisir un cours\"><i class=\"far fa-hand-point-right\"><\/i><span>Comment choisir un cours<\/span><\/a><\/div>[\/vc_column][vc_column width=\u00a0\u00bb1\/3&Prime;]<style type=\"text\/css\" data-type=\"the7_shortcodes-inline-css\">#default-btn-2f62ddb8b927a9a6e5ee548779b46c54 {\n  border-radius: 10px;\n  font-size: 18px;\n  line-height: 20px;\n}\n.btn-shadow#default-btn-2f62ddb8b927a9a6e5ee548779b46c54 {\n  box-shadow: 0 1px 6px rgba(0,0,0,0.12);\n  transition: box-shadow 0.2s ease-out, opacity 0.45s;\n}\n.btn-shadow#default-btn-2f62ddb8b927a9a6e5ee548779b46c54:hover {\n  box-shadow: 0 5px 11px 0 rgba(0,0,0,0.18), 0 4px 15px 0 rgba(0,0,0,0.15);\n}\n.btn-3d#default-btn-2f62ddb8b927a9a6e5ee548779b46c54 {\n  box-shadow: 0px 2px 0px 0px #526d3d;\n}\n.btn-3d#default-btn-2f62ddb8b927a9a6e5ee548779b46c54:hover {\n  box-shadow: 0px 2px 0px 0px #e0e0e0;\n}\n.btn-flat#default-btn-2f62ddb8b927a9a6e5ee548779b46c54 {\n  box-shadow: none;\n}\n.btn-flat#default-btn-2f62ddb8b927a9a6e5ee548779b46c54:hover {\n  box-shadow: none;\n}\n#default-btn-2f62ddb8b927a9a6e5ee548779b46c54.ico-right-side > i {\n  margin-right: 0px;\n  margin-left: 8px;\n}\n#default-btn-2f62ddb8b927a9a6e5ee548779b46c54 > i {\n  margin-right: 8px;\n  font-size: 25px;\n}\n#default-btn-2f62ddb8b927a9a6e5ee548779b46c54:not(:hover) {\n  border-width: 0px;\n  color: #ffffff;\n  background: #6dab3c !important;\n  padding: 16px 24px 16px 24px;\n}\n#default-btn-2f62ddb8b927a9a6e5ee548779b46c54:not(:hover) * {\n  color: #ffffff;\n}\n#default-btn-2f62ddb8b927a9a6e5ee548779b46c54:hover {\n  border-width: 0px;\n  color: #6dab3c;\n  background: #ffffff !important;\n  padding: 16px 24px 16px 24px;\n}\n#default-btn-2f62ddb8b927a9a6e5ee548779b46c54:hover * {\n  color: #6dab3c;\n}\n#default-btn-2f62ddb8b927a9a6e5ee548779b46c54.ico-right-side > i {\n  margin-right: 0px;\n  margin-left: 8px;\n}\n#default-btn-2f62ddb8b927a9a6e5ee548779b46c54 > i {\n  margin-right: 8px;\n}\n<\/style><div class=\"btn-align-center\"><a href=\"https:\/\/smartcoco.online\/fr\/boutique-des-trainings\/\" class=\"default-btn-shortcode dt-btn fadeIn animate-element animation-builder link-hover-off full-width-btn btn-flat \" id=\"default-btn-2f62ddb8b927a9a6e5ee548779b46c54\" title=\"Guides \u00e0 suivre\"><i class=\"far fa-hand-point-right\"><\/i><span>Guides \u00e0 suivre<\/span><\/a><\/div>[\/vc_column][\/vc_row]\n","protected":false},"excerpt":{"rendered":"<p>[vc_row][vc_column][vc_column_text] Guides\u00a0 \u00e0 suivre Il n\u00b4y a pas une seule m\u00e9thode universelle pour apprendre les langues. Choisis \u00e0 partir de maintenant et utilise celle qui te convient le mieux, cela va fonctionner. Une heure par jour vaut mieux qu&rsquo;une longue session du coup. Les erreurs font partis du processus d&rsquo;apprentissage. Inscris toi et tu apprendra&hellip;<\/p>\n","protected":false},"author":5,"featured_media":0,"parent":0,"menu_order":0,"comment_status":"closed","ping_status":"closed","template":"","meta":{"footnotes":""},"class_list":["post-4355","page","type-page","status-publish","hentry","description-off"],"_links":{"self":[{"href":"https:\/\/smartcoco.online\/fr\/wp-json\/wp\/v2\/pages\/4355"}],"collection":[{"href":"https:\/\/smartcoco.online\/fr\/wp-json\/wp\/v2\/pages"}],"about":[{"href":"https:\/\/smartcoco.online\/fr\/wp-json\/wp\/v2\/types\/page"}],"author":[{"embeddable":true,"href":"https:\/\/smartcoco.online\/fr\/wp-json\/wp\/v2\/users\/5"}],"replies":[{"embeddable":true,"href":"https:\/\/smartcoco.online\/fr\/wp-json\/wp\/v2\/comments?post=4355"}],"version-history":[{"count":12,"href":"https:\/\/smartcoco.online\/fr\/wp-json\/wp\/v2\/pages\/4355\/revisions"}],"predecessor-version":[{"id":7452,"href":"https:\/\/smartcoco.online\/fr\/wp-json\/wp\/v2\/pages\/4355\/revisions\/7452"}],"wp:attachment":[{"href":"https:\/\/smartcoco.online\/fr\/wp-json\/wp\/v2\/media?parent=4355"}],"curies":[{"name":"wp","href":"https:\/\/api.w.org\/{rel}","templated":true}]}}