{"id":4403,"date":"2017-10-04T19:28:33","date_gmt":"2017-10-04T17:28:33","guid":{"rendered":"http:\/\/smartcoco.online\/?page_id=4403"},"modified":"2021-02-17T13:47:54","modified_gmt":"2021-02-17T12:47:54","slug":"politique-de-confidentialite","status":"publish","type":"page","link":"https:\/\/smartcoco.online\/fr\/politique-de-confidentialite\/","title":{"rendered":"Politique de confidentialit\u00e9"},"content":{"rendered":"[vc_row][vc_column][vc_column_text]\n<h1><b>Politique de confidentialit\u00e9<\/b><\/h1>\n<ol>\n<li><b> Notre engagement envers le respect de votre vie priv\u00e9e<\/b><\/li>\n<\/ol>\n<p>&nbsp;<\/p>\n<p>Smart coco\u00a0 s&rsquo;engage \u00e0 prot\u00e9ger la confidentialit\u00e9 des renseignements personnels de ses clients. La politique de confidentialit\u00e9 de Smart coco.online (\u201c<b>Politique de Confidentialit\u00e9<\/b>\u201d) s&rsquo;applique \u00e0 toutes les donn\u00e9es personnelles telles qu&rsquo;elles sont d\u00e9finies ci-dessous, ce qui inclut les donn\u00e9es personnelles collect\u00e9es ou soumises au travers de nos sites internet, de nos applications mobiles, ou encore via nos r\u00e9seaux sociaux ou tout autre canal tel que d\u00e9crit ci-dessous.<\/p>\n<p>&nbsp;<\/p>\n<p>Il est important de noter que si vous ne pouvez ou ne souhaitiez pas nous transmettre les informations personnelles dont nous avons besoin, nous ne serions pas en mesure de vous fournir les informations, biens ou services dont vous souhaiteriez b\u00e9n\u00e9ficier.<\/p>\n<p>La soci\u00e9t\u00e9 est enti\u00e8rement responsable du traitement de vos donn\u00e9es personnelles telles que d\u00e9finies par notre Politique de Confidentialit\u00e9.<\/p>\n<h3><b>2. Donn\u00e9es Personnelles<\/b><\/h3>\n<p>Le terme de \u201c<b>donn\u00e9es personnelles<\/b>\u201d regroupe toutes les informations qui permettraient de vous identifier comme par exemple:<\/p>\n<ul>\n<li>Le nom et les renseignements du contact (par exemple le code postal, l&rsquo;adresse e-mail, le num\u00e9ro de t\u00e9l\u00e9phone)<\/li>\n<li>Les informations de compte (par exemple l&rsquo;identifiant, l&rsquo;image de profil, l&rsquo;identifiant d&rsquo;un compte de r\u00e9seau social)<\/li>\n<li>Le pays de r\u00e9sidence<\/li>\n<li>La date de naissance<\/li>\n<li>Les informations techniques, comme par exemple le pseudonyme, l&rsquo;adresse IP, les donn\u00e9es de l&rsquo;appareil, du syst\u00e8me ou du navigateur, les informations collect\u00e9es par les cookies et les balises web ou d&rsquo;autres technologies, les donn\u00e9es du fichier journal du serveur, les donn\u00e9es d&rsquo;utilisation d&rsquo;une application et les donn\u00e9es de localisation<\/li>\n<li>Les pr\u00e9f\u00e9rences (par exemple les habitudes d&rsquo;achats, les projets d\u2019orientation)<\/li>\n<li>Le nom et l&rsquo;adresse de la soci\u00e9t\u00e9 ou de l&rsquo;\u00e9tablissement scolaire<\/li>\n<li>Le num\u00e9ro de carte de cr\u00e9dit ou de d\u00e9bit<\/li>\n<li>L&rsquo;\u00e9tat de sant\u00e9 (par exemple les allergies ou toute autre affection chronique)<\/li>\n<\/ul>\n<h4><b>Comment collectons-nous les donn\u00e9es personnelles?<\/b><\/h4>\n<p>Nous collectons les donn\u00e9es personnelles de plusieurs fa\u00e7ons:<\/p>\n<ul>\n<li><b>Directement par votre interm\u00e9diaire:<\/b> il s&rsquo;agit de toutes les informations personnelles que vous nous soumettez directement ou que nous collectons lorsque vous effectuez une action qui nous permet de le faire, comme dans les cas suivants:\n<ul>\n<li><b>Hors ligne:<\/b> nous collectons des donn\u00e9es personnelles hors ligne, par exemple lorsque vous contactez notre service clients, souscrivez \u00e0 un produit ou service ou encore lorsque vous nous faites parvenir des informations \u00e9crites.<\/li>\n<li><b>En ligne:<\/b> nous collectons vos donn\u00e9es personnelles \u00e0 travers nos services , par exemple au moment o\u00f9 vous vous inscrivez \u00e0 une newsletter, demandez une brochure, un produit ou service. Nous collectons \u00e9galement des donn\u00e9es personnelles \u00e0 travers les moyens suivants:\n<ul>\n<li><b>Gr\u00e2ce aux cookies.<\/b> Les cookies permettent aux navigateurs de transmettre des donn\u00e9es d&rsquo;un ordinateur ou de tout autre appareil \u00e0 des fins d&rsquo;archivage ou autres. Si vous ne souhaitez pas que des informations soient collect\u00e9es au travers de l&rsquo;utilisation des cookies, il existe sur la plupart des navigateurs un param\u00e8tre simple qui vous permet de refuser l&rsquo;utilisation des cookies. Pour plus d&rsquo;informations sur les cookies, vous pouvez vous reporter au lien suivant: http:\/\/www.allaboutcookies.org\/.<\/li>\n<li><b>\u00c0 travers l&rsquo;utilisation d&rsquo;une application mobile.<\/b> Nous collectons des donn\u00e9es d&rsquo;utilisation d&rsquo;une application mobile lorsque vous t\u00e9l\u00e9chargez et utilisez l&rsquo;une de nos applications et ce dans le cadre de vos param\u00e8tres de confidentialit\u00e9 pr\u00e9sents sur l&rsquo;application. Ces donn\u00e9es sont par exemple la date et l&rsquo;heure auxquelles l&rsquo;application mobile pr\u00e9sente sur votre appareil acc\u00e8de \u00e0 nos serveurs mais \u00e9galement quel type d&rsquo;informations ou de fichiers ont \u00e9t\u00e9 t\u00e9l\u00e9charg\u00e9s vers l&rsquo;application mobile en fonction du num\u00e9ro de votre appareil.<\/li>\n<li><b>\u00c0 travers votre appareil.<\/b> Si vous avez activ\u00e9 au pr\u00e9alable cette fonction sur votre appareil, nous collectons sa localisation afin de vous fournir des services et contenus personnalis\u00e9s localis\u00e9s. Pour en savoir plus, consultez la section \u201cComment utilisons-nous les donn\u00e9es personnelles?\u201d<\/li>\n<\/ul>\n<\/li>\n<\/ul>\n<\/li>\n<\/ul>\n<ul>\n<li><b>Depuis nos soci\u00e9t\u00e9s affili\u00e9es, nos partenaires commerciaux, nos prestataires d&rsquo;assistance ou nos gestionnaires de r\u00e9clamations. Nous pouvons \u00e9galement recevoir des donn\u00e9es personnelles de la part de tiers dans le cadre de notre programme. Sont compris:<\/b><\/li>\n<\/ul>\n<ul>\n<li style=\"list-style-type: none;\">\n<ul>\n<li>Nos partenaires commerciaux, comme les agents commerciaux locaux qui r\u00e9alisent la promotion et la vente de nos services dans votre pays de r\u00e9sidence.<\/li>\n<li>Les gestionnaires de r\u00e9clamations qui re\u00e7oivent des informations concernant vos r\u00e9clamations d&rsquo;assurance en cas de situation faisant intervenir celle-ci.<\/li>\n<\/ul>\n<\/li>\n<li><b>Depuis d&rsquo;autres sources.<\/b> Nous pouvons recevoir des donn\u00e9es personnelles depuis d&rsquo;autres sources, comme par exemple des bases de donn\u00e9es publiques ; des partenaires commerciaux tels que des agences commerciales ou des fournisseurs de logiciels et de services pour l&rsquo;automatisation et l&rsquo;analyse du marketing num\u00e9rique ; des plateformes de r\u00e9seaux sociaux incluant notamment Facebook, Instagram, Snapchat, Musically, LinkedIn, Twitter, YouTube et des services de messagerie instantan\u00e9es tels que WhatsApp ou Facebook Messenger ; des personnes avec qui vous \u00eates amis ou connect\u00e9s depuis des plateformes de r\u00e9seaux sociaux ; ou encore d&rsquo;autres tiers. Ainsi, si vous choisissez de connecter votre compte de r\u00e9seau social \u00e0 votre c<\/li>\n<li><b>Si vous naviguez sur nos sites internet.<\/b>Nous pouvons \u00e9galement collecter des informations sur l&rsquo;utilisation que vous faites de nos services \u00e0 travers votre navigateur afin de suivre l&rsquo;activit\u00e9 sur nos sites internet, comme par exemple gr\u00e2ce \u00e0 l&rsquo;adresse MAC (Media Access Control), le type d&rsquo;ordinateur (PC ou Macintosh), la r\u00e9solution de l&rsquo;\u00e9cran, le nom du syst\u00e8me d&rsquo;exploitation et sa version, le fabricant de l&rsquo;appareil, la langue, le type de navigateur internet et sa version, le fournisseur d&rsquo;acc\u00e8s \u00e0 Internet, ou encore le nom et la version du Produit\u00a0 que vous utilisez. En plus, nous identifions et conservons automatiquement une trace de l&rsquo;adresse IP sur notre serveur lorsque vous visitez nos produits, ainsi que le temps de la visite et la(es) page(s) qui a (ont) \u00e9t\u00e9 visit\u00e9e(s). Ces donn\u00e9es sont seulement stock\u00e9es et utilis\u00e9es avec les donn\u00e9es personnelles que vous nous avez soumises dans le cas o\u00f9 vous en avez donn\u00e9 votre accord.<\/li>\n<\/ul>\n<p>&nbsp;<\/p>\n<h4><b>Comment utilisons-nous les donn\u00e9es personnelles?<\/b><\/h4>\n<ul>\n<li>Vos donn\u00e9es personnelles seront trait\u00e9es ,\u00a0 afin d&rsquo;effectuer votre r\u00e9servation, de vous livrer les produits et fournir les services que vous avez command\u00e9s , mais \u00e9galement pour le service clients, les services d&rsquo;administration ou encore selon ce qui est n\u00e9cessaire pour ex\u00e9cuter le contrat pass\u00e9 entre vous et nous ou tel que cela est d\u00e9crit plus en d\u00e9tail dans la pr\u00e9sente politique.<\/li>\n<li>Nous pouvons \u00e9galement utiliser des donn\u00e9es personnelles:\n<ul>\n<li>\u00c0 des fins statistiques, pour calculer les niveaux d&rsquo;utilisation, pour nous aider \u00e0 diagnostiquer les probl\u00e8mes de serveur pour nos produits\u00a0 ou encore afin de garantir le bon fonctionnement de nos produits.<\/li>\n<li>Pour vous permettre de contacter et d&rsquo;\u00eatre contact\u00e9 par d&rsquo;autres utilisateurs au travers nos produits, dans les limites de ce que permet le produit.<\/li>\n<li>Pour vous permettre d&rsquo;utiliser les bulletins, les chats, les profils et les blogs ainsi que d&rsquo;autres services vous permettant de poster des informations et d&rsquo;autres contenus.<\/li>\n<li>\u00a0Dans le cas o\u00f9 vous auriez donn\u00e9 votre consentement:\n<ul>\n<li>Pour analyser et am\u00e9liorer nos offres en identifiant les tendances d&rsquo;utilisation, en d\u00e9terminant l&rsquo;efficacit\u00e9 de nos campagnes promotionnelles et en adaptant l&rsquo;exp\u00e9rience et le contenu de nos produits en fonction de vos activit\u00e9s pass\u00e9es sur les produits . Par exemple, selon le produit\u00a0 que vous avez recherch\u00e9 sur notre site internet ou lors d&rsquo;une navigation pr\u00e9c\u00e9dente, l&rsquo;offre qui vous est pr\u00e9sent\u00e9e sur les Produits peut \u00eatre limit\u00e9e \u00e0 une langue sp\u00e9cifique, selon la dur\u00e9e des trainings propos\u00e9s ou encore le budget.<\/li>\n<li>Pour vous fournir des services et du contenu personnalis\u00e9s localis\u00e9s gr\u00e2ce \u00e0 la g\u00e9olocalisation de votre appareil. Par exemple, vous serez redirig\u00e9 vers notre site internet local\u00a0 affich\u00e9 dans votre langue si votre appareil indique que vous naviguez depuis le pays o\u00f9 cette langue est officielle, ou le plus proche de votre emplacement peut vous \u00eatre sugg\u00e9r\u00e9 pour des visites ou plus d&rsquo;informations.<\/li>\n<li>Pour commercialiser nos produits et services, notamment des promotions sp\u00e9ciales bas\u00e9es sur vos centres d&rsquo;int\u00e9r\u00eat, par exemple des solutions de marketing par courriel comme le logiciel de gestion Salesforce Marketing Cloud qui g\u00e8re les listes de diffusion, les horaires et modifie les courriels en fonction de ce que les destinataires lisent, ou sur ce qu&rsquo;ils cliquent et transmettent. Toutes ces communications par courriel incluront un lien de d\u00e9sabonnement mis en \u00e9vidence.<\/li>\n<\/ul>\n<\/li>\n<\/ul>\n<\/li>\n<\/ul>\n<p>&nbsp;<\/p>\n<h4><b>Comment partageons-nous les donn\u00e9es personnelles?<\/b><\/h4>\n<ul>\n<li>Nous partageons vos donn\u00e9es personnelles avec nos soci\u00e9t\u00e9s affili\u00e9es, nos partenaires commerciaux et prestataires de services situ\u00e9s \u00e0 l&rsquo;int\u00e9rieur et \u00e0 l&rsquo;ext\u00e9rieur de l&rsquo;EEE\/de la Suisse:\n<ul>\n<li>Les partenaires commerciaux sont par exemple les agents commerciaux locaux qui r\u00e9alisent la promotion et la vente de nos services dans votre pays de r\u00e9sidence ; les fournisseurs de transport ou d&rsquo;h\u00e9bergement dans votre pays de destination ; des responsables de cours, des animateurs ou d&rsquo;autres personnes r\u00e9alisant la gestion de l&rsquo;un de nos programmes ; ou une compagnie d&rsquo;assurance voyage qui d\u00e9livre votre assurance voyage.<\/li>\n<li>Les fournisseurs de services, tels que les fournisseurs de syst\u00e8mes informatiques, par exemple pour la gestion de la relation client ou des paiements, la planification de cours ou le stockage des r\u00e9sultats d\u2019apprentissage ; ou encore les fournisseurs de logiciels et de services pour l&rsquo;automatisation et l&rsquo;analyse du marketing num\u00e9rique.<\/li>\n<\/ul>\n<\/li>\n<\/ul>\n<ul>\n<li>Nous avons mis en place des mesures de sauvegardes appropri\u00e9es afin de transf\u00e9rer vos donn\u00e9es personnelles en dehors de l&rsquo;EEE\/de la Suisse, lesquelles prennent en compte les clauses standard sur la protection des donn\u00e9es adopt\u00e9es par la Commission europ\u00e9enne, disponibles sur<a href=\"https:\/\/eur-lex.europa.eu\/legal-content\/EN\/TXT\/?uri=CELEX%3A32004D0915\" target=\"_blank\" rel=\"noopener\"> https:\/\/eur-lex.europa.eu\/legal-content\/EN\/TXT\/?uri=CELEX%3A32004D0915<\/a> et<a href=\"https:\/\/eur-lex.europa.eu\/legal-content\/en\/TXT\/?uri=CELEX%3A32010D0087\" target=\"_blank\" rel=\"noopener\"> https:\/\/eur-lex.europa.eu\/legal-content\/en\/TXT\/?uri=CELEX%3A32010D0087<\/a>. Pour plus d&rsquo;informations sur les clauses standard de protection des donn\u00e9es en vigueur, veuillez consulter ci-dessous la section de contact.<\/li>\n<li>Nous partageons \u00e9galement les donn\u00e9es personnelles que nous jugeons n\u00e9cessaires: (a) en vertu de la loi applicable ; (b) afin de se conformer \u00e0 la proc\u00e9dure l\u00e9gale ; (c) pour r\u00e9pondre aux demandes des autorit\u00e9s publiques et gouvernementales, y compris les autorit\u00e9s publiques et gouvernementales en dehors de votre pays de r\u00e9sidence ; (d&rsquo;appliquer ) nos termes et conditions ou un contrat ; (e) pour prot\u00e9ger nos op\u00e9rations ou celles de nos filiales ; (f) pour prot\u00e9ger nos droits, notre vie priv\u00e9e, notre s\u00e9curit\u00e9 ou nos biens, et\/ou ceux de nos affili\u00e9s, vous ou d&rsquo;autres tiers ; et (g) nous permettre de poursuivre les recours disponibles ou de limiter les dommages que nous pourrions subir.<\/li>\n<\/ul>\n<h4><b>Sur quel droit nous fondons-nous pour collecter et utiliser les donn\u00e9es personnelles?<\/b><\/h4>\n<p>La collecte et l&rsquo;utilisation de vos donn\u00e9es personnelles sont requises afin que nous puissions vous fournir les services ou livrer les produits que vous avez command\u00e9s chez nous, ou lorsque nous avons un int\u00e9r\u00eat l\u00e9gitime \u00e0 utiliser vos donn\u00e9es personnelles, tel que la r\u00e9alisation d&rsquo;une op\u00e9ration de marketing sur des produits ou services similaires que vous avez d\u00e9j\u00e0 achet\u00e9s chez nous.<\/p>\n<p>Dans la mesure o\u00f9 nous utilisons des donn\u00e9es personnelles sensibles, nous nous basons sur votre consentement explicite. Les donn\u00e9es sensibles peuvent par exemple \u00eatre des informations sur la sant\u00e9, l&rsquo;ethnicit\u00e9 ou les croyances religieuses. Pour davantage d&rsquo;informations, nous vous invitons \u00e0 consulter la section sur les \u00ab\u00a0Donn\u00e9es sensibles\u00a0\u00bb.<\/p>\n<p>Dans la mesure o\u00f9 nous utilisons vos donn\u00e9es personnelles pour vous envoyer des offres susceptibles de vous int\u00e9resser, nous nous basons sur votre consentement.<\/p>\n<h3><b>3. S\u00e9curit\u00e9<\/b><\/h3>\n<p>Nous mettons en place des mesures organisationnelles, techniques et administratives appropri\u00e9es pour faire en sorte que les donn\u00e9es personnelles sous notre contr\u00f4le soient exactes et \u00e0 jour, ainsi que pour prot\u00e9ger les donn\u00e9es personnelles contre tout traitement non autoris\u00e9 ou ill\u00e9gal et leur perte accidentelle, leur destruction ou leurs dommages.<\/p>\n<h3><b>4. D\u00e9sabonnement<\/b><\/h3>\n<p>Si vous souhaitez \u00e0 tout moment cesser de recevoir des communications marketing de notre part, vous pouvez utiliser la fonction de d\u00e9sabonnement pr\u00e9sente dans notre communication marketing que vous avez re\u00e7ue ou nous le faire savoir en utilisant les informations de contact r\u00e9pertori\u00e9es dans la section \u00ab\u00a0Nous contacter\u00a0\u00bb. Dans votre demande, veuillez bien indiquer que vous souhaitez cesser de recevoir des communications marketing de notre part. Veuillez noter que les modifications peuvent ne pas entrer en vigueur imm\u00e9diatement, cependant nous nous efforcerons de r\u00e9pondre \u00e0 vos demandes dans les meilleurs d\u00e9lais.<\/p>\n<h3><b>5. Sites Tiers<\/b><\/h3>\n<p>Cette Politique de Confidentialit\u00e9 ne traite pas, et nous n&rsquo;en sommes pas responsables, de la confidentialit\u00e9, des informations ou d&rsquo;autres pratiques issues de tiers, y compris de tout tiers exploitant un site pour lequel un Produit\u00a0 afficherai un lien. L&rsquo;inclusion d&rsquo;un lien vers un site tiers n\u2019implique ni notre approbation, ni celle des affili\u00e9s du site en question.<\/p>\n<p>De plus, nous pouvons vous fournir l&rsquo;acc\u00e8s \u00e0 des fonctionnalit\u00e9s tierces qui vous permettent de partager vos activit\u00e9s sur nos produits vers vos comptes de r\u00e9seaux sociaux, par exemple Facebook ou LinkedIn. Veuillez noter que toute information que vous fournissez en utilisant cette fonctionnalit\u00e9 est r\u00e9gie par la politique de confidentialit\u00e9 de la tierce partie applicable, et non par la pr\u00e9sente Politique de Confidentialit\u00e9. Nous n&rsquo;avons aucun contr\u00f4le sur l&rsquo;utilisation par des tiers des informations que vous fournissez en utilisant cette fonctionnalit\u00e9 et nous ne saurions en \u00eatre tenus responsables.<\/p>\n<h3><b>6. Combien De Temps Conservons-nous Les Donn\u00e9es Personnelles?<\/b><\/h3>\n<p>Nous ne conserverons vos donn\u00e9es personnelles que le temps n\u00e9cessaire aux fins pour lesquelles elles ont \u00e9t\u00e9 collect\u00e9es ou dans les d\u00e9lais pr\u00e9vus par la loi et les pratiques du march\u00e9, \u00e0 moins qu&rsquo;une r\u00e9tention suppl\u00e9mentaire de ces donn\u00e9es ne soit requise pour le respect d&rsquo;une obligation l\u00e9gale ou pour la mise en \u0153uvre, l&rsquo;exercice ou la d\u00e9fense d&rsquo;actions en justice ou encore \u00e0 moins qu&rsquo;un d\u00e9lai pr\u00e9cis n&rsquo;ait \u00e9t\u00e9 communiqu\u00e9.<\/p>\n<p>Nous conserverons des parties non int\u00e9grales de vos donn\u00e9es personnelles \u00e0 des fins de marketing et ce jusqu&rsquo;\u00e0 ce que vous retiriez votre consentement, mais en aucun cas au-del\u00e0 d&rsquo;une p\u00e9riode de 10 ans apr\u00e8s l\u2019utilisation de l&rsquo;un de nos services ou la derni\u00e8re livraison de l&rsquo;un de nos produits.<\/p>\n<h3><b>7. Si Vous \u00cates \u00c2g\u00e9 De Moins De 16 Ans<\/b><\/h3>\n<p>Si vous avez moins de 16 ans, vous devriez consulter ce texte avec vos parents ou tuteurs l\u00e9gaux pour vous assurer que vous l&rsquo;avez bien compris. Nous ne sommes en aucun cas tenus de v\u00e9rifier votre \u00e2ge, mais nous effectuons parfois des v\u00e9rifications. Si nous apprenons que vous avez moins de 16 ans et que nous avons recueilli des informations \u00e0 votre sujet sans le consentement de vos parents ou tuteurs l\u00e9gaux, nous supprimerons ces informations d\u00e8s que possible et vous ne serez plus \u00e0 m\u00eame d&rsquo;utiliser nos produits.<\/p>\n<h3><b>8. Donn\u00e9es Sensibles<\/b><\/h3>\n<p>Nous ne cherchons g\u00e9n\u00e9ralement pas \u00e0 collecter des donn\u00e9es personnelles sensibles. Par donn\u00e9es personnelles sensibles nous entendons les donn\u00e9es relatives \u00e0 l&rsquo;origine raciale ou ethnique, aux opinions politiques, aux convictions religieuses ou philosophiques, \u00e0 la sant\u00e9 ou \u00e0 l&rsquo;\u00e9tat de sant\u00e9, aux ant\u00e9c\u00e9dents criminels ou \u00e0 l&rsquo;appartenance \u00e0 un syndicat. Dans certaines situations, cela peut toutefois s&rsquo;av\u00e9rer n\u00e9cessaire (par exemple pour vous fournir les services et vous livrer produits que vous avez command\u00e9s et en rapport avec votre assurance). Nous nous assurerons que nous recevons votre consentement explicite \u00e0 un tel traitement et traitons cette information en toute s\u00e9curit\u00e9.<\/p>\n<h3><b>9. Mises \u00c0 Jour De Cette Politique De Confidentialit\u00e9<\/b><\/h3>\n<p>Notre Politique de Confidentialit\u00e9 peut \u00eatre mise \u00e0 jour de temps en temps. Nous ne r\u00e9duirons en aucun cas de mani\u00e8re significative vos droits en vertu de cette Politique de Confidentialit\u00e9 sans vous en informer au pr\u00e9alable. Nous afficherons toute modification apport\u00e9e \u00e0 la Politique de Confidentialit\u00e9 sur cette page et, avant de proc\u00e9der \u00e0 de tels changements, nous mettrons en \u00e9vidence une notification \u00e0 ce sujet. Lorsque requis par la loi, nous demanderons votre consentement pr\u00e9alable \u00e0 tout changement.<\/p>\n<h3><b>10. Vos Droits<\/b><\/h3>\n<p>Vous avez le droit, une fois par ann\u00e9e civile, de nous contacter afin de conna\u00eetre, sans frais, quelles informations vous concernant sont utilis\u00e9es. Vous avez le droit de recevoir vos donn\u00e9es personnelles dans un format informatique lisible et vous avez le droit de transf\u00e9rer vos donn\u00e9es personnelles \u00e0 un responsable tiers de traitement des donn\u00e9es.<\/p>\n<p>Vous avez le droit, \u00e0 tout moment, de retirer votre consentement ou de vous opposer \u00e0 l&rsquo;utilisation de vos donn\u00e9es personnelles \u00e0 des fins de marketing direct et vous pouvez \u00e0 tout moment demander que l&rsquo;utilisation de vos donn\u00e9es personnelles soit restreinte ou que nous les supprimions. Notez cependant qu&rsquo;une restriction ou une suppression pourrait signifier que nous ne serions plus en mesure de vous fournir des informations, services ou produits dont vous souhaiteriez b\u00e9n\u00e9ficier. \u00c0 votre demande, nous sommes \u00e9galement tenus de corriger les donn\u00e9es personnelles incorrectes, incompl\u00e8tes ou trompeuses vous concernant.<\/p>\n<h3><b>11. Nous Contacter<\/b><\/h3>\n<p>Si vous souhaitez obtenir une copie des informations d\u00e9tenues par EF \u00e0 votre sujet; une copie des clauses standard de protection des donn\u00e9es ou si vous souhaitez exercer l&rsquo;un de vos droits, veuillez contacter .<\/p>\n<p>Si vous avez des remarques concernant le traitement de vos donn\u00e9es personnelles, vous avez le droit de contacter l&rsquo;autorit\u00e9 de surveillance du pays dans lequel vous r\u00e9sidez[\/vc_column_text][\/vc_column][\/vc_row]\n","protected":false},"excerpt":{"rendered":"<p>[vc_row][vc_column][vc_column_text] Politique de confidentialit\u00e9 Notre engagement envers le respect de votre vie priv\u00e9e &nbsp; Smart coco\u00a0 s&rsquo;engage \u00e0 prot\u00e9ger la confidentialit\u00e9 des renseignements personnels de ses clients. La politique de confidentialit\u00e9 de Smart coco.online (\u201cPolitique de Confidentialit\u00e9\u201d) s&rsquo;applique \u00e0 toutes les donn\u00e9es personnelles telles qu&rsquo;elles sont d\u00e9finies ci-dessous, ce qui inclut les donn\u00e9es personnelles collect\u00e9es&hellip;<\/p>\n","protected":false},"author":5,"featured_media":0,"parent":0,"menu_order":0,"comment_status":"closed","ping_status":"closed","template":"","meta":{"footnotes":""},"class_list":["post-4403","page","type-page","status-publish","hentry","description-off"],"_links":{"self":[{"href":"https:\/\/smartcoco.online\/fr\/wp-json\/wp\/v2\/pages\/4403"}],"collection":[{"href":"https:\/\/smartcoco.online\/fr\/wp-json\/wp\/v2\/pages"}],"about":[{"href":"https:\/\/smartcoco.online\/fr\/wp-json\/wp\/v2\/types\/page"}],"author":[{"embeddable":true,"href":"https:\/\/smartcoco.online\/fr\/wp-json\/wp\/v2\/users\/5"}],"replies":[{"embeddable":true,"href":"https:\/\/smartcoco.online\/fr\/wp-json\/wp\/v2\/comments?post=4403"}],"version-history":[{"count":8,"href":"https:\/\/smartcoco.online\/fr\/wp-json\/wp\/v2\/pages\/4403\/revisions"}],"predecessor-version":[{"id":7416,"href":"https:\/\/smartcoco.online\/fr\/wp-json\/wp\/v2\/pages\/4403\/revisions\/7416"}],"wp:attachment":[{"href":"https:\/\/smartcoco.online\/fr\/wp-json\/wp\/v2\/media?parent=4403"}],"curies":[{"name":"wp","href":"https:\/\/api.w.org\/{rel}","templated":true}]}}