{"id":4405,"date":"2018-01-24T21:15:17","date_gmt":"2018-01-24T20:15:17","guid":{"rendered":"http:\/\/smartcoco.online\/?page_id=4405"},"modified":"2021-02-17T13:51:01","modified_gmt":"2021-02-17T12:51:01","slug":"training-online","status":"publish","type":"page","link":"https:\/\/smartcoco.online\/fr\/training-online\/","title":{"rendered":"Training Online"},"content":{"rendered":"[vc_row full_width=\u00a0\u00bbstretch_row_content_no_spaces\u00a0\u00bb css=\u00a0\u00bb.vc_custom_1593007213272{margin-top: -50px !important;}\u00a0\u00bb el_class=\u00a0\u00bbimgsuperior\u00a0\u00bb][vc_column][vc_single_image image=\u00a0\u00bb6532&Prime; img_size=\u00a0\u00bbfull\u00a0\u00bb alignment=\u00a0\u00bbcenter\u00a0\u00bb][vc_empty_space height=\u00a0\u00bb50px\u00a0\u00bb][\/vc_column][\/vc_row][vc_row][vc_column width=\u00a0\u00bb1\/6&Prime;][\/vc_column][vc_column width=\u00a0\u00bb2\/3&Prime;][vc_column_text]\n<h2>Notre abc\u00b4s training types!<\/h2>\n<p>The abc&rsquo;s\u00a0training types : trois formes d&rsquo;entra\u00eenements\u00a0\u00a0cr\u00e9\u00e9s\u00a0sp\u00e9cialement pour toi quand tu te connectes sur\u00a0 Smart Coco ton\u00a0 personal trainer .<\/p>\n<p>Choisi le format qui s&rsquo;adapte le mieux \u00e0 tes n\u00e9cessit\u00e9s<strong> d\u00b4entra\u00eenement personnalis\u00e9 online<\/strong>.<\/p>\n<h3><strong>a) TRAINING &#8211; LED ONLINE \u00a0(optimise ton temps et \u00e9vite tout d\u00e9placement)\u00a0<\/strong><\/h3>\n<p>Une amalgame virtuelle\u00a0 de cours avec des contenus exclusifs et hautement int\u00e9ressants, et sessions interactives.Tu auras\u00a0 acc\u00e8s illimit\u00e9s aux conversations, r\u00e9visions, tutorielles priv\u00e9es de chaque th\u00e8me,\u00a0 le tout\u00a0 dirig\u00e9s par votre personal trainer, apr\u00e8s chaque th\u00e8me \u00e9tudi\u00e9.<\/p>\n<p>En plus, d\u00b4une\u00a0 compl\u00e8te synchronisation de dispositifs \u00e9lectroniques\u00a0 qui te permettront d&rsquo;avoir la majeur flexibilit\u00e9 et habilit\u00e9 d&rsquo;apprendre o\u00f9 et quand tu veux .<\/p>\n<p>Tu auras aussi acc\u00e8s illimit\u00e9 au mat\u00e9riel de\u00a0 cours tels que, des r\u00e9vision priv\u00e9e (Teacher &#8211; led online) entre autres. En d\u00e9finitive, ses cours sont une voie moderne qui englobe une autre \u00e9chelle d&rsquo;apprentissage de langue\u00a0 plus efficace\u00a0 et conduit au succ\u00e8s.[\/vc_column_text][vc_column_text el_class=\u00a0\u00bbverde\u00a0\u00bb]\n<p style=\"text-align: center;\"><a style=\"text-decoration: none;\" href=\"https:\/\/smartcoco.online\/fr\/contacto\/\"><span style=\"color: #ffffff;\"><i class=\"fas fa-phone fa-flip-horizontal\"> <\/i> Contact smart coco et nous te connectons pour cr\u00e9er ton cours fait \u00e0 ta mesure, exclusivement pour toi.<br \/>\nEs-tu pr\u00eat a commencer?<\/span><\/a><\/p>\n[\/vc_column_text][vc_empty_space height=\u00a0\u00bb50px\u00a0\u00bb][vc_column_text]\n<h3><strong>b) ON-SITE TRAINING (optimise ton temps et \u00e9vite tout d\u00e9placement)<\/strong><\/h3>\n<p><span style=\"font-weight: 400;\"><img loading=\"lazy\" decoding=\"async\" class=\"size-full wp-image-3708 aligncenter\" src=\"https:\/\/smartcoco.online\/wp-content\/uploads\/On-Site-Training.jpg\" alt=\"On Site Training\" width=\"825\" height=\"300\" srcset=\"https:\/\/smartcoco.online\/wp-content\/uploads\/On-Site-Training.jpg 825w, https:\/\/smartcoco.online\/wp-content\/uploads\/On-Site-Training-300x109.jpg 300w, https:\/\/smartcoco.online\/wp-content\/uploads\/On-Site-Training-768x279.jpg 768w, https:\/\/smartcoco.online\/wp-content\/uploads\/On-Site-Training-600x218.jpg 600w\" sizes=\"(max-width: 825px) 100vw, 825px\" \/>Plus qu&rsquo;une raison, c&rsquo;est un fait, apprendre Fran\u00e7ais -Anglais -Espagnol et le convertir en quelque chose plus pragmatique. N&rsquo;attend plus pour commencer ton propre voyage d&rsquo;apprentissage.\u00a0<\/span><\/p>\n<ul>\n<li style=\"font-weight: 400;\"><span style=\"font-weight: 400;\">Smart coco ton personal language trainer sp\u00e9cialiste en business, conversation, traduction, pr\u00e9paration d\u00b4examens et personnes occup\u00e9s qui ont besoin d&rsquo;am\u00e9liorer leurs habilet\u00e9s linguistiques pour le travail, les n\u00e9goces et les voyages entre autres.<\/span><\/li>\n<\/ul>\n[\/vc_column_text][vc_column_text el_class=\u00a0\u00bbverde\u00a0\u00bb]\n<p style=\"text-align: center;\"><a style=\"text-decoration: none;\" href=\"https:\/\/smartcoco.online\/fr\/contacto\/\"><span style=\"color: #ffffff;\"><i class=\"fas fa-phone fa-flip-horizontal\"> <\/i> Contact smart coco et nous te connectons pour cr\u00e9er ton cours fait \u00e0 ta mesure, exclusivement pour toi.<br \/>\nEs-tu pr\u00eat a commencer?<\/span><\/a><\/p>\n[\/vc_column_text][vc_empty_space height=\u00a0\u00bb50px\u00a0\u00bb][vc_column_text]\n<h3><strong>c) TRAINING-LIVE-WEB (optimise ton temps et \u00e9vite tout d\u00e9placement )\u00a0<\/strong><\/h3>\n<p><img loading=\"lazy\" decoding=\"async\" class=\"size-full wp-image-3717 aligncenter\" src=\"https:\/\/smartcoco.online\/wp-content\/uploads\/training-live.jpg\" alt=\"\" width=\"825\" height=\"300\" srcset=\"https:\/\/smartcoco.online\/wp-content\/uploads\/training-live.jpg 825w, https:\/\/smartcoco.online\/wp-content\/uploads\/training-live-300x109.jpg 300w, https:\/\/smartcoco.online\/wp-content\/uploads\/training-live-768x279.jpg 768w, https:\/\/smartcoco.online\/wp-content\/uploads\/training-live-600x218.jpg 600w\" sizes=\"(max-width: 825px) 100vw, 825px\" \/><\/p>\n<ul>\n<li>interactivit\u00e9 depuis ton ordinateur<\/li>\n<li>questions et r\u00e9ponses en direct<\/li>\n<li>tutorial priv\u00e9 (o\u00f9 et quand tu veux)<\/li>\n<\/ul>\n[\/vc_column_text][vc_column_text el_class=\u00a0\u00bbverde\u00a0\u00bb]\n<p style=\"text-align: center;\"><a style=\"text-decoration: none;\" href=\"https:\/\/smartcoco.online\/fr\/contacto\/\"><span style=\"color: #ffffff;\"><i class=\"fas fa-phone fa-flip-horizontal\"> <\/i> Contact smart coco et nous te connectons pour cr\u00e9er ton cours fait \u00e0 ta mesure, exclusivement pour toi.<br \/>\nEs-tu pr\u00eat a commencer?<\/span><\/a><\/p>\n[\/vc_column_text][\/vc_column][vc_column width=\u00a0\u00bb1\/6&Prime;][\/vc_column][\/vc_row]\n","protected":false},"excerpt":{"rendered":"<p>[vc_row full_width=\u00a0\u00bbstretch_row_content_no_spaces\u00a0\u00bb css=\u00a0\u00bb.vc_custom_1593007213272{margin-top: -50px !important;}\u00a0\u00bb el_class=\u00a0\u00bbimgsuperior\u00a0\u00bb][vc_column][vc_single_image image=\u00a0\u00bb6532&Prime; img_size=\u00a0\u00bbfull\u00a0\u00bb alignment=\u00a0\u00bbcenter\u00a0\u00bb][vc_empty_space height=\u00a0\u00bb50px\u00a0\u00bb][\/vc_column][\/vc_row][vc_row][vc_column width=\u00a0\u00bb1\/6&Prime;][\/vc_column][vc_column width=\u00a0\u00bb2\/3&Prime;][vc_column_text] Notre abc\u00b4s training types! The abc&rsquo;s\u00a0training types : trois formes d&rsquo;entra\u00eenements\u00a0\u00a0cr\u00e9\u00e9s\u00a0sp\u00e9cialement pour toi quand tu te connectes sur\u00a0 Smart Coco ton\u00a0 personal trainer . Choisi le format qui s&rsquo;adapte le mieux \u00e0 tes n\u00e9cessit\u00e9s d\u00b4entra\u00eenement personnalis\u00e9 online. a) TRAINING &#8211; LED ONLINE \u00a0(optimise&hellip;<\/p>\n","protected":false},"author":5,"featured_media":0,"parent":0,"menu_order":0,"comment_status":"closed","ping_status":"closed","template":"","meta":{"footnotes":""},"class_list":["post-4405","page","type-page","status-publish","hentry","description-off"],"_links":{"self":[{"href":"https:\/\/smartcoco.online\/fr\/wp-json\/wp\/v2\/pages\/4405"}],"collection":[{"href":"https:\/\/smartcoco.online\/fr\/wp-json\/wp\/v2\/pages"}],"about":[{"href":"https:\/\/smartcoco.online\/fr\/wp-json\/wp\/v2\/types\/page"}],"author":[{"embeddable":true,"href":"https:\/\/smartcoco.online\/fr\/wp-json\/wp\/v2\/users\/5"}],"replies":[{"embeddable":true,"href":"https:\/\/smartcoco.online\/fr\/wp-json\/wp\/v2\/comments?post=4405"}],"version-history":[{"count":22,"href":"https:\/\/smartcoco.online\/fr\/wp-json\/wp\/v2\/pages\/4405\/revisions"}],"predecessor-version":[{"id":7414,"href":"https:\/\/smartcoco.online\/fr\/wp-json\/wp\/v2\/pages\/4405\/revisions\/7414"}],"wp:attachment":[{"href":"https:\/\/smartcoco.online\/fr\/wp-json\/wp\/v2\/media?parent=4405"}],"curies":[{"name":"wp","href":"https:\/\/api.w.org\/{rel}","templated":true}]}}