{"id":4407,"date":"2018-01-24T19:48:25","date_gmt":"2018-01-24T18:48:25","guid":{"rendered":"http:\/\/smartcoco.online\/?page_id=4407"},"modified":"2020-06-25T13:02:28","modified_gmt":"2020-06-25T12:02:28","slug":"sollicite-ton-test-de-langue","status":"publish","type":"page","link":"https:\/\/smartcoco.online\/fr\/sollicite-ton-test-de-langue\/","title":{"rendered":"Sollicite ton test de langue"},"content":{"rendered":"[vc_row full_width=\u00a0\u00bbstretch_row_content_no_spaces\u00a0\u00bb el_class=\u00a0\u00bbimgsuperior\u00a0\u00bb][vc_column][vc_single_image image=\u00a0\u00bb6745&Prime; img_size=\u00a0\u00bbfull\u00a0\u00bb alignment=\u00a0\u00bbcenter\u00a0\u00bb][vc_empty_space][\/vc_column][\/vc_row][vc_row][vc_column][vc_row_inner][vc_column_inner width=\u00a0\u00bb1\/6&Prime;][\/vc_column_inner][vc_column_inner el_class=\u00a0\u00bbverde\u00a0\u00bb width=\u00a0\u00bb2\/3&Prime; css=\u00a0\u00bb.vc_custom_1593086533980{margin-bottom: 1px !important;}\u00a0\u00bb][vc_column_text el_class=\u00a0\u00bbverde\u00a0\u00bb]\n<h3><span style=\"color: #ffffff;\">Solicite gratuitement ton test de niveau de langue pour savoir ton niveau actuel.<\/span><\/h3>\n[\/vc_column_text][\/vc_column_inner][vc_column_inner width=\u00a0\u00bb1\/6&Prime;][\/vc_column_inner][\/vc_row_inner][vc_empty_space][vc_row_inner][vc_column_inner width=\u00a0\u00bb1\/6&Prime;][\/vc_column_inner][vc_column_inner el_class=\u00a0\u00bbformulario_verde\u00a0\u00bb width=\u00a0\u00bb2\/3&Prime;]\n<div class=\"wpcf7 no-js\" id=\"wpcf7-f4549-o1\" lang=\"es-ES\" dir=\"ltr\" data-wpcf7-id=\"4549\">\n<div class=\"screen-reader-response\"><p role=\"status\" aria-live=\"polite\" aria-atomic=\"true\"><\/p> <ul><\/ul><\/div>\n<form action=\"\/fr\/wp-json\/wp\/v2\/pages\/4407#wpcf7-f4549-o1\" method=\"post\" class=\"wpcf7-form init wpcf7-acceptance-as-validation\" aria-label=\"Formulario de contacto\" novalidate=\"novalidate\" data-status=\"init\">\n<div style=\"display: none;\">\n<input type=\"hidden\" name=\"_wpcf7\" value=\"4549\" \/>\n<input type=\"hidden\" name=\"_wpcf7_version\" value=\"6.0.6\" \/>\n<input type=\"hidden\" name=\"_wpcf7_locale\" value=\"es_ES\" \/>\n<input type=\"hidden\" name=\"_wpcf7_unit_tag\" value=\"wpcf7-f4549-o1\" \/>\n<input type=\"hidden\" name=\"_wpcf7_container_post\" value=\"0\" \/>\n<input type=\"hidden\" name=\"_wpcf7_posted_data_hash\" value=\"\" \/>\n<input type=\"hidden\" name=\"_wpcf7_recaptcha_response\" value=\"\" \/>\n<\/div>\n<p><span class=\"wpcf7-form-control-wrap\" data-name=\"Nombre\"><input size=\"40\" maxlength=\"400\" class=\"wpcf7-form-control wpcf7-text wpcf7-validates-as-required\" aria-required=\"true\" aria-invalid=\"false\" placeholder=\"Noms et Pr\u00e9noms\" value=\"\" type=\"text\" name=\"Nombre\" \/><\/span>\n<\/p>\n<p><span class=\"wpcf7-form-control-wrap\" data-name=\"Email\"><input size=\"40\" maxlength=\"400\" class=\"wpcf7-form-control wpcf7-email wpcf7-validates-as-required wpcf7-text wpcf7-validates-as-email\" aria-required=\"true\" aria-invalid=\"false\" placeholder=\"E-mail\" value=\"\" type=\"email\" name=\"Email\" \/><\/span>\n<\/p>\n<p style=\"color:white;\">Forme de contact pour solliciter le test de langue :\n<\/p>\n<p><span class=\"wpcf7-form-control-wrap\" data-name=\"mododetrainig\"><span class=\"wpcf7-form-control wpcf7-radio\"><span class=\"wpcf7-list-item first\"><input type=\"radio\" name=\"mododetrainig\" value=\"Facetime\" checked=\"checked\" \/><span class=\"wpcf7-list-item-label\">Facetime<\/span><\/span><span class=\"wpcf7-list-item\"><input type=\"radio\" name=\"mododetrainig\" value=\"Hangouts\" \/><span class=\"wpcf7-list-item-label\">Hangouts<\/span><\/span><span class=\"wpcf7-list-item\"><input type=\"radio\" name=\"mododetrainig\" value=\"Skype\" \/><span class=\"wpcf7-list-item-label\">Skype<\/span><\/span><span class=\"wpcf7-list-item last\"><input type=\"radio\" name=\"mododetrainig\" value=\"autres\" \/><span class=\"wpcf7-list-item-label\">autres<\/span><\/span><\/span><\/span>\n<\/p>\n<p><span class=\"wpcf7-form-control-wrap\" data-name=\"text-275\"><input size=\"40\" maxlength=\"400\" class=\"wpcf7-form-control wpcf7-text wpcf7-validates-as-required\" aria-required=\"true\" aria-invalid=\"false\" placeholder=\"Si tu as choisi  l&#039;option  autres indique quelle m\u00e9thode tu pr\u00e9f\u00e8res\" value=\"\" type=\"text\" name=\"text-275\" \/><\/span>\n<\/p>\n<p style=\"color:white;\">Langue de test de langue :\n<\/p>\n<p><span class=\"wpcf7-form-control-wrap\" data-name=\"idioma\"><select class=\"wpcf7-form-control wpcf7-select wpcf7-validates-as-required\" aria-required=\"true\" aria-invalid=\"false\" name=\"idioma\"><option value=\"Anglais\">Anglais<\/option><option value=\"Fran\u00e7ais\">Fran\u00e7ais<\/option><option value=\"Espagnol\">Espagnol<\/option><\/select><\/span>\n<\/p>\n<p><span class=\"wpcf7-form-control-wrap\" data-name=\"textarea-998\"><textarea cols=\"40\" rows=\"5\" maxlength=\"2000\" class=\"wpcf7-form-control wpcf7-textarea\" aria-invalid=\"false\" placeholder=\"Commentaires\" name=\"textarea-998\"><\/textarea><\/span>\n<\/p>\n<p style=\"color:white;\">M\u00e9thodes de Training :\n<\/p>\n<p><span class=\"wpcf7-form-control-wrap\" data-name=\"Tipodetrainig\"><span class=\"wpcf7-form-control wpcf7-radio\"><span class=\"wpcf7-list-item first\"><input type=\"radio\" name=\"Tipodetrainig\" value=\"Conversation\" checked=\"checked\" \/><span class=\"wpcf7-list-item-label\">Conversation<\/span><\/span><span class=\"wpcf7-list-item\"><input type=\"radio\" name=\"Tipodetrainig\" value=\"Traduction\" \/><span class=\"wpcf7-list-item-label\">Traduction<\/span><\/span><span class=\"wpcf7-list-item\"><input type=\"radio\" name=\"Tipodetrainig\" value=\"Travel Coaching\" \/><span class=\"wpcf7-list-item-label\">Travel Coaching<\/span><\/span><span class=\"wpcf7-list-item\"><input type=\"radio\" name=\"Tipodetrainig\" value=\"Business\" \/><span class=\"wpcf7-list-item-label\">Business<\/span><\/span><span class=\"wpcf7-list-item\"><input type=\"radio\" name=\"Tipodetrainig\" value=\"Family and Relationship\" \/><span class=\"wpcf7-list-item-label\">Family and Relationship<\/span><\/span><span class=\"wpcf7-list-item\"><input type=\"radio\" name=\"Tipodetrainig\" value=\"Pr\u00e9paration d\u00b4examens\" \/><span class=\"wpcf7-list-item-label\">Pr\u00e9paration d\u00b4examens<\/span><\/span><span class=\"wpcf7-list-item last\"><input type=\"radio\" name=\"Tipodetrainig\" value=\"Profesional and  Assessment\" \/><span class=\"wpcf7-list-item-label\">Profesional and  Assessment<\/span><\/span><\/span><\/span>\n<\/p>\n<p style=\"color:white;\">J'aimerai recevoir les r\u00e9sultat du test par :\n<\/p>\n<p><span class=\"wpcf7-form-control-wrap\" data-name=\"resultado\"><span class=\"wpcf7-form-control wpcf7-radio\"><span class=\"wpcf7-list-item first\"><input type=\"radio\" name=\"resultado\" value=\"WhatsApp\" checked=\"checked\" \/><span class=\"wpcf7-list-item-label\">WhatsApp<\/span><\/span><span class=\"wpcf7-list-item\"><input type=\"radio\" name=\"resultado\" value=\"E-mail\" \/><span class=\"wpcf7-list-item-label\">E-mail<\/span><\/span><span class=\"wpcf7-list-item last\"><input type=\"radio\" name=\"resultado\" value=\"T\u00e9l\u00e9phone\" \/><span class=\"wpcf7-list-item-label\">T\u00e9l\u00e9phone<\/span><\/span><\/span><\/span>\n<\/p>\n<p><span class=\"wpcf7-form-control-wrap\" data-name=\"acceptance-995\"><span class=\"wpcf7-form-control wpcf7-acceptance\"><span class=\"wpcf7-list-item\"><input type=\"checkbox\" name=\"acceptance-995\" value=\"1\" aria-invalid=\"false\" \/><\/span><\/span><\/span><a href=\"https:\/\/smartcoco.online\/fr\/aviso-legal\/\" style=\"color:white;\">J\u00b4ai lu et accepte les termes d\u00b4usages<\/a>\n<\/p>\n<p><input class=\"wpcf7-form-control wpcf7-submit has-spinner\" type=\"submit\" value=\"envoyer\" \/>\n<\/p><div class=\"wpcf7-response-output\" aria-hidden=\"true\"><\/div>\n<\/form>\n<\/div>\n[\/vc_column_inner][vc_column_inner width=\u00a0\u00bb1\/6&Prime;][\/vc_column_inner][\/vc_row_inner][\/vc_column][\/vc_row]\n","protected":false},"excerpt":{"rendered":"<p>[vc_row full_width=\u00a0\u00bbstretch_row_content_no_spaces\u00a0\u00bb el_class=\u00a0\u00bbimgsuperior\u00a0\u00bb][vc_column][vc_single_image image=\u00a0\u00bb6745&Prime; img_size=\u00a0\u00bbfull\u00a0\u00bb alignment=\u00a0\u00bbcenter\u00a0\u00bb][vc_empty_space][\/vc_column][\/vc_row][vc_row][vc_column][vc_row_inner][vc_column_inner width=\u00a0\u00bb1\/6&Prime;][\/vc_column_inner][vc_column_inner el_class=\u00a0\u00bbverde\u00a0\u00bb width=\u00a0\u00bb2\/3&Prime; css=\u00a0\u00bb.vc_custom_1593086533980{margin-bottom: 1px !important;}\u00a0\u00bb][vc_column_text el_class=\u00a0\u00bbverde\u00a0\u00bb] Solicite gratuitement ton test de niveau de langue pour savoir ton niveau actuel. [\/vc_column_text][\/vc_column_inner][vc_column_inner width=\u00a0\u00bb1\/6&Prime;][\/vc_column_inner][\/vc_row_inner][vc_empty_space][vc_row_inner][vc_column_inner width=\u00a0\u00bb1\/6&Prime;][\/vc_column_inner][vc_column_inner el_class=\u00a0\u00bbformulario_verde\u00a0\u00bb width=\u00a0\u00bb2\/3&Prime;][\/vc_column_inner][vc_column_inner width=\u00a0\u00bb1\/6&Prime;][\/vc_column_inner][\/vc_row_inner][\/vc_column][\/vc_row]<\/p>\n","protected":false},"author":5,"featured_media":0,"parent":0,"menu_order":0,"comment_status":"closed","ping_status":"closed","template":"","meta":{"footnotes":""},"class_list":["post-4407","page","type-page","status-publish","hentry","description-off"],"_links":{"self":[{"href":"https:\/\/smartcoco.online\/fr\/wp-json\/wp\/v2\/pages\/4407"}],"collection":[{"href":"https:\/\/smartcoco.online\/fr\/wp-json\/wp\/v2\/pages"}],"about":[{"href":"https:\/\/smartcoco.online\/fr\/wp-json\/wp\/v2\/types\/page"}],"author":[{"embeddable":true,"href":"https:\/\/smartcoco.online\/fr\/wp-json\/wp\/v2\/users\/5"}],"replies":[{"embeddable":true,"href":"https:\/\/smartcoco.online\/fr\/wp-json\/wp\/v2\/comments?post=4407"}],"version-history":[{"count":23,"href":"https:\/\/smartcoco.online\/fr\/wp-json\/wp\/v2\/pages\/4407\/revisions"}],"predecessor-version":[{"id":6796,"href":"https:\/\/smartcoco.online\/fr\/wp-json\/wp\/v2\/pages\/4407\/revisions\/6796"}],"wp:attachment":[{"href":"https:\/\/smartcoco.online\/fr\/wp-json\/wp\/v2\/media?parent=4407"}],"curies":[{"name":"wp","href":"https:\/\/api.w.org\/{rel}","templated":true}]}}