{"id":4438,"date":"2018-01-24T22:44:26","date_gmt":"2018-01-24T21:44:26","guid":{"rendered":"http:\/\/smartcoco.online\/?page_id=4438"},"modified":"2019-12-12T10:58:24","modified_gmt":"2019-12-12T09:58:24","slug":"formulaire-de-facilite-de-payement","status":"publish","type":"page","link":"https:\/\/smartcoco.online\/fr\/formulaire-de-facilite-de-payement\/","title":{"rendered":"Formulaire de Facilit\u00e9 de Payement"},"content":{"rendered":"[vc_row][vc_column width=\u00a0\u00bb1\/6&Prime;][\/vc_column][vc_column width=\u00a0\u00bb2\/3&Prime;][vc_column_text]\n<h1>Bienvenue \u00e0 notre formulaire de facilit\u00e9s de paiement!<\/h1>\n[\/vc_column_text][vc_column_text]Nous t\u00b4offrons une vari\u00e9t\u00e9 de possibilit\u00e9 pour que le payement\u00a0 ne soit pas un emp\u00eachement\u00a0 au moment\u00a0 de prendre ta d\u00e9cision et\u00a0 , de nous joindre dans notre r\u00e9volutionnaire m\u00e9thode de training\u00a0 online .[\/vc_column_text][vc_column_text]\n<p style=\"text-align: center;\"><strong>SOLICITE TA FACILIT\u00c9 DE PAYEMENT , NOUS T\u00b4AIDERONS \u00c0 LE CONFECTIONNER \u00c0 TA MESURE<\/strong><\/p>\n[\/vc_column_text][\/vc_column][vc_column width=\u00a0\u00bb1\/6&Prime;][\/vc_column][\/vc_row][vc_row][vc_column width=\u00a0\u00bb1\/6&Prime;][\/vc_column][vc_column width=\u00a0\u00bb2\/3&Prime; css=\u00a0\u00bb.vc_custom_1566294716120{background-color: #6dab3c !important;}\u00a0\u00bb]\n<div class=\"wpcf7 no-js\" id=\"wpcf7-f4545-o1\" lang=\"es-ES\" dir=\"ltr\" data-wpcf7-id=\"4545\">\n<div class=\"screen-reader-response\"><p role=\"status\" aria-live=\"polite\" aria-atomic=\"true\"><\/p> <ul><\/ul><\/div>\n<form action=\"\/fr\/wp-json\/wp\/v2\/pages\/4438#wpcf7-f4545-o1\" method=\"post\" class=\"wpcf7-form init wpcf7-acceptance-as-validation\" aria-label=\"Formulario de contacto\" novalidate=\"novalidate\" data-status=\"init\">\n<div style=\"display: none;\">\n<input type=\"hidden\" name=\"_wpcf7\" value=\"4545\" \/>\n<input type=\"hidden\" name=\"_wpcf7_version\" value=\"6.0.6\" \/>\n<input type=\"hidden\" name=\"_wpcf7_locale\" value=\"es_ES\" \/>\n<input type=\"hidden\" name=\"_wpcf7_unit_tag\" value=\"wpcf7-f4545-o1\" \/>\n<input type=\"hidden\" name=\"_wpcf7_container_post\" value=\"0\" \/>\n<input type=\"hidden\" name=\"_wpcf7_posted_data_hash\" value=\"\" \/>\n<input type=\"hidden\" name=\"_wpcf7_recaptcha_response\" value=\"\" \/>\n<\/div>\n<p><span class=\"wpcf7-form-control-wrap\" data-name=\"Nombre\"><input size=\"40\" maxlength=\"400\" class=\"wpcf7-form-control wpcf7-text wpcf7-validates-as-required\" aria-required=\"true\" aria-invalid=\"false\" placeholder=\"Noms et pr\u00e9noms\" value=\"\" type=\"text\" name=\"Nombre\" \/><\/span>\n<\/p>\n<p><span class=\"wpcf7-form-control-wrap\" data-name=\"Email\"><input size=\"40\" maxlength=\"400\" class=\"wpcf7-form-control wpcf7-email wpcf7-validates-as-required wpcf7-text wpcf7-validates-as-email\" aria-required=\"true\" aria-invalid=\"false\" placeholder=\"E-mail\" value=\"\" type=\"email\" name=\"Email\" \/><\/span>\n<\/p>\n<p><span class=\"wpcf7-form-control-wrap\" data-name=\"Telefono\"><input size=\"40\" maxlength=\"400\" class=\"wpcf7-form-control wpcf7-tel wpcf7-text wpcf7-validates-as-tel\" aria-invalid=\"false\" value=\"N\u00ba de t\u00e9l\u00e9phone\" type=\"tel\" name=\"Telefono\" \/><\/span>\n<\/p>\n<p style=\"color: white;\">Moyen de paiement:\n<\/p>\n<p><span class=\"wpcf7-form-control-wrap\" data-name=\"formadepago\"><span class=\"wpcf7-form-control wpcf7-radio\"><span class=\"wpcf7-list-item first\"><input type=\"radio\" name=\"formadepago\" value=\"Carte de cr\u00e9dit\" checked=\"checked\" \/><span class=\"wpcf7-list-item-label\">Carte de cr\u00e9dit<\/span><\/span><span class=\"wpcf7-list-item\"><input type=\"radio\" name=\"formadepago\" value=\"Paypal\" \/><span class=\"wpcf7-list-item-label\">Paypal<\/span><\/span><span class=\"wpcf7-list-item last\"><input type=\"radio\" name=\"formadepago\" value=\"Transfert Bancaire\" \/><span class=\"wpcf7-list-item-label\">Transfert Bancaire<\/span><\/span><\/span><\/span>\n<\/p>\n<p style=\"color: white;\">Forme de paiement:\n<\/p>\n<p><span class=\"wpcf7-form-control-wrap\" data-name=\"TipodePago\"><span class=\"wpcf7-form-control wpcf7-radio\"><span class=\"wpcf7-list-item first\"><input type=\"radio\" name=\"TipodePago\" value=\"Par heure\" checked=\"checked\" \/><span class=\"wpcf7-list-item-label\">Par heure<\/span><\/span><span class=\"wpcf7-list-item\"><input type=\"radio\" name=\"TipodePago\" value=\"Mensuellement\" \/><span class=\"wpcf7-list-item-label\">Mensuellement<\/span><\/span><span class=\"wpcf7-list-item last\"><input type=\"radio\" name=\"TipodePago\" value=\"D\u00e9p\u00f4t \u00e0 Term fix\u00e9\" \/><span class=\"wpcf7-list-item-label\">D\u00e9p\u00f4t \u00e0 Term fix\u00e9<\/span><\/span><\/span><\/span>\n<\/p>\n<p><span class=\"wpcf7-form-control-wrap\" data-name=\"acceptance-995\"><span class=\"wpcf7-form-control wpcf7-acceptance\"><span class=\"wpcf7-list-item\"><input type=\"checkbox\" name=\"acceptance-995\" value=\"1\" aria-invalid=\"false\" \/><\/span><\/span><\/span><a href=\"https:\/\/smartcoco.online\/fr\/aviso-legal\/\" style=\"color: white;\">J\u00e1i lu et accepte les termes d\u00b4usages<\/a>\n<\/p>\n<p><input class=\"wpcf7-form-control wpcf7-submit has-spinner\" type=\"submit\" value=\"Envoyer\" \/>\n<\/p><div class=\"wpcf7-response-output\" aria-hidden=\"true\"><\/div>\n<\/form>\n<\/div>\n[\/vc_column][vc_column width=\u00a0\u00bb1\/6&Prime;][\/vc_column][\/vc_row]\n","protected":false},"excerpt":{"rendered":"<p>[vc_row][vc_column width=\u00a0\u00bb1\/6&Prime;][\/vc_column][vc_column width=\u00a0\u00bb2\/3&Prime;][vc_column_text] Bienvenue \u00e0 notre formulaire de facilit\u00e9s de paiement! [\/vc_column_text][vc_column_text]Nous t\u00b4offrons une vari\u00e9t\u00e9 de possibilit\u00e9 pour que le payement\u00a0 ne soit pas un emp\u00eachement\u00a0 au moment\u00a0 de prendre ta d\u00e9cision et\u00a0 , de nous joindre dans notre r\u00e9volutionnaire m\u00e9thode de training\u00a0 online .[\/vc_column_text][vc_column_text] SOLICITE TA FACILIT\u00c9 DE PAYEMENT , NOUS T\u00b4AIDERONS \u00c0 LE&hellip;<\/p>\n","protected":false},"author":5,"featured_media":0,"parent":0,"menu_order":0,"comment_status":"closed","ping_status":"closed","template":"","meta":{"footnotes":""},"class_list":["post-4438","page","type-page","status-publish","hentry","description-off"],"_links":{"self":[{"href":"https:\/\/smartcoco.online\/fr\/wp-json\/wp\/v2\/pages\/4438"}],"collection":[{"href":"https:\/\/smartcoco.online\/fr\/wp-json\/wp\/v2\/pages"}],"about":[{"href":"https:\/\/smartcoco.online\/fr\/wp-json\/wp\/v2\/types\/page"}],"author":[{"embeddable":true,"href":"https:\/\/smartcoco.online\/fr\/wp-json\/wp\/v2\/users\/5"}],"replies":[{"embeddable":true,"href":"https:\/\/smartcoco.online\/fr\/wp-json\/wp\/v2\/comments?post=4438"}],"version-history":[{"count":11,"href":"https:\/\/smartcoco.online\/fr\/wp-json\/wp\/v2\/pages\/4438\/revisions"}],"predecessor-version":[{"id":5250,"href":"https:\/\/smartcoco.online\/fr\/wp-json\/wp\/v2\/pages\/4438\/revisions\/5250"}],"wp:attachment":[{"href":"https:\/\/smartcoco.online\/fr\/wp-json\/wp\/v2\/media?parent=4438"}],"curies":[{"name":"wp","href":"https:\/\/api.w.org\/{rel}","templated":true}]}}