{"id":4440,"date":"2018-01-31T20:32:48","date_gmt":"2018-01-31T19:32:48","guid":{"rendered":"http:\/\/smartcoco.online\/?page_id=4440"},"modified":"2020-08-12T08:14:47","modified_gmt":"2020-08-12T07:14:47","slug":"english","status":"publish","type":"page","link":"https:\/\/smartcoco.online\/fr\/english\/","title":{"rendered":"Englais"},"content":{"rendered":"[vc_row][vc_column][vc_column_text]Les experts estiment que un total de presque\u00a0 1.2 billion de personnes parlent couramment\u00a0 la langue au m\u00eame\u00a0niveau que les locuteurs natifs.Apprend l\u00b4Anglais pour une promotion de carri\u00e8re, un int\u00e9r\u00eat\u00a0personnel\u00a0\u00a0ou simplement se connecter avec des locuteurs natifs Anglais dans le monde,\u00a0et commence d\u00e8s aujourd&rsquo;hui\u00a0avec notre test de langue online gratuit , ensuite rempli\u00a0notre formulaire\u00a0 pour enfin\u00a0 acc\u00e9der\u00a0dans la vari\u00e9t\u00e9 d&rsquo;option\u00a0\u00a0de nos cours\u00a0 sp\u00e9cialement fait \u00e0 ta mesure .Connecte toi sur Smart Coco ton personal language trainer et re\u00e7ois notre pack de cours sur mesure , la solution \u00e0 ton agenda tr\u00e8s charg\u00e9 , pour enfin atteindre tes objectifs et le niveau de la langue Anglaise\u00a0\u00a0que tu d\u00e9sires.[\/vc_column_text][vc_single_image image=\u00a0\u00bb3764&Prime; img_size=\u00a0\u00bbfull\u00a0\u00bb][\/vc_column][\/vc_row]\n","protected":false},"excerpt":{"rendered":"<p>[vc_row][vc_column][vc_column_text]Les experts estiment que un total de presque\u00a0 1.2 billion de personnes parlent couramment\u00a0 la langue au m\u00eame\u00a0niveau que les locuteurs natifs.Apprend l\u00b4Anglais pour une promotion de carri\u00e8re, un int\u00e9r\u00eat\u00a0personnel\u00a0\u00a0ou simplement se connecter avec des locuteurs natifs Anglais dans le monde,\u00a0et commence d\u00e8s aujourd&rsquo;hui\u00a0avec notre test de langue online gratuit , ensuite rempli\u00a0notre formulaire\u00a0 pour&hellip;<\/p>\n","protected":false},"author":5,"featured_media":0,"parent":0,"menu_order":0,"comment_status":"closed","ping_status":"closed","template":"","meta":{"footnotes":""},"class_list":["post-4440","page","type-page","status-publish","hentry","description-off"],"_links":{"self":[{"href":"https:\/\/smartcoco.online\/fr\/wp-json\/wp\/v2\/pages\/4440"}],"collection":[{"href":"https:\/\/smartcoco.online\/fr\/wp-json\/wp\/v2\/pages"}],"about":[{"href":"https:\/\/smartcoco.online\/fr\/wp-json\/wp\/v2\/types\/page"}],"author":[{"embeddable":true,"href":"https:\/\/smartcoco.online\/fr\/wp-json\/wp\/v2\/users\/5"}],"replies":[{"embeddable":true,"href":"https:\/\/smartcoco.online\/fr\/wp-json\/wp\/v2\/comments?post=4440"}],"version-history":[{"count":3,"href":"https:\/\/smartcoco.online\/fr\/wp-json\/wp\/v2\/pages\/4440\/revisions"}],"predecessor-version":[{"id":4544,"href":"https:\/\/smartcoco.online\/fr\/wp-json\/wp\/v2\/pages\/4440\/revisions\/4544"}],"wp:attachment":[{"href":"https:\/\/smartcoco.online\/fr\/wp-json\/wp\/v2\/media?parent=4440"}],"curies":[{"name":"wp","href":"https:\/\/api.w.org\/{rel}","templated":true}]}}