{"id":4442,"date":"2018-01-31T20:34:23","date_gmt":"2018-01-31T19:34:23","guid":{"rendered":"http:\/\/smartcoco.online\/?page_id=4442"},"modified":"2019-12-12T10:58:26","modified_gmt":"2019-12-12T09:58:26","slug":"frances","status":"publish","type":"page","link":"https:\/\/smartcoco.online\/fr\/frances\/","title":{"rendered":"Fran\u00e7ais"},"content":{"rendered":"[vc_row][vc_column][vc_column_text]Globalement reconnu comme la langue de l\u00b4amour , le Fran\u00e7ais est la langue du romantisme\u00a0et la France le pays le plus romantique du monde .<\/p>\n<p>Le Fran\u00e7ais est la sixi\u00e8me\u00a0langue la plus parl\u00e9e au monde avec 220 million de locuteurs natifs, et un nombre qui est pr\u00e9vu\u00a0d\u00b4\u00eatre dupliqu\u00e9 dans les prochaines 35 ann\u00e9es .[\/vc_column_text][vc_single_image image=\u00a0\u00bb3757&Prime; img_size=\u00a0\u00bbfull\u00a0\u00bb][vc_column_text]Sans attendre plus , commence d\u00e8s aujourd\u00b4hui avec notre test de langue online gratuit,ensuite rempli\u00a0notre formulaire\u00a0 pour enfin\u00a0 acc\u00e9der\u00a0dans la vari\u00e9t\u00e9 d&rsquo;option\u00a0\u00a0de nos cours\u00a0 sp\u00e9cialement fait \u00e0 ta mesure .<\/p>\n<p>Connecte toi sur Smart Coco ton personal language trainer et re\u00e7ois notre pack de cours sur mesure , la solution \u00e0 ton agenda tr\u00e8s charg\u00e9 , pour enfin atteindre tes objectifs et le niveau de la langue Fran\u00e7aise que tu d\u00e9sires .[\/vc_column_text][\/vc_column][\/vc_row]\n","protected":false},"excerpt":{"rendered":"<p>[vc_row][vc_column][vc_column_text]Globalement reconnu comme la langue de l\u00b4amour , le Fran\u00e7ais est la langue du romantisme\u00a0et la France le pays le plus romantique du monde . Le Fran\u00e7ais est la sixi\u00e8me\u00a0langue la plus parl\u00e9e au monde avec 220 million de locuteurs natifs, et un nombre qui est pr\u00e9vu\u00a0d\u00b4\u00eatre dupliqu\u00e9 dans les prochaines 35 ann\u00e9es .[\/vc_column_text][vc_single_image image=\u00a0\u00bb3757&Prime;&hellip;<\/p>\n","protected":false},"author":5,"featured_media":0,"parent":0,"menu_order":0,"comment_status":"closed","ping_status":"closed","template":"","meta":{"footnotes":""},"class_list":["post-4442","page","type-page","status-publish","hentry","description-off"],"_links":{"self":[{"href":"https:\/\/smartcoco.online\/fr\/wp-json\/wp\/v2\/pages\/4442"}],"collection":[{"href":"https:\/\/smartcoco.online\/fr\/wp-json\/wp\/v2\/pages"}],"about":[{"href":"https:\/\/smartcoco.online\/fr\/wp-json\/wp\/v2\/types\/page"}],"author":[{"embeddable":true,"href":"https:\/\/smartcoco.online\/fr\/wp-json\/wp\/v2\/users\/5"}],"replies":[{"embeddable":true,"href":"https:\/\/smartcoco.online\/fr\/wp-json\/wp\/v2\/comments?post=4442"}],"version-history":[{"count":5,"href":"https:\/\/smartcoco.online\/fr\/wp-json\/wp\/v2\/pages\/4442\/revisions"}],"predecessor-version":[{"id":5457,"href":"https:\/\/smartcoco.online\/fr\/wp-json\/wp\/v2\/pages\/4442\/revisions\/5457"}],"wp:attachment":[{"href":"https:\/\/smartcoco.online\/fr\/wp-json\/wp\/v2\/media?parent=4442"}],"curies":[{"name":"wp","href":"https:\/\/api.w.org\/{rel}","templated":true}]}}