{"id":4444,"date":"2018-01-31T20:37:40","date_gmt":"2018-01-31T19:37:40","guid":{"rendered":"http:\/\/smartcoco.online\/?page_id=4444"},"modified":"2019-12-12T10:58:17","modified_gmt":"2019-12-12T09:58:17","slug":"espanol","status":"publish","type":"page","link":"https:\/\/smartcoco.online\/fr\/espanol\/","title":{"rendered":"Espagnol"},"content":{"rendered":"[vc_row][vc_column][vc_column_text]Il y a plus de 400 million de natifs parlant l\u00b4Espagnol dans le monde entier , ce qui fait plus que les natifs\u00a0parlant l&rsquo;Anglais\u00a0et suivit de tr\u00e8s pr\u00e8s par les natifs\u00a0parlant\u00a0le Chinois.<\/p>\n<p>Bienvenue \u00e0 la communaut\u00e9\u00a0de la seconde\u00a0langue la plus parl\u00e9e\u00a0au monde , et commence d\u00e8s aujourd\u00b4hui avec notre test de langue online gratis , ensuite rempli\u00a0notre formulaire\u00a0 pour enfin\u00a0 acc\u00e9der\u00a0dans la vari\u00e9t\u00e9 d&rsquo;option\u00a0\u00a0de nos cours\u00a0 sp\u00e9cialement fait \u00e0 ta mesure .<\/p>\n<p>Connecte toi sur Smart Coco ton personal language trainer et re\u00e7ois notre pack de cours sur mesure , la solution \u00e0 ton agenda tr\u00e8s charg\u00e9 , pour enfin atteindre tes objectifs et le niveau de la langue Espagnole que tu d\u00e9sires.[\/vc_column_text][vc_single_image image=\u00a0\u00bb3753&Prime; img_size=\u00a0\u00bbfull\u00a0\u00bb][\/vc_column][\/vc_row]\n","protected":false},"excerpt":{"rendered":"<p>[vc_row][vc_column][vc_column_text]Il y a plus de 400 million de natifs parlant l\u00b4Espagnol dans le monde entier , ce qui fait plus que les natifs\u00a0parlant l&rsquo;Anglais\u00a0et suivit de tr\u00e8s pr\u00e8s par les natifs\u00a0parlant\u00a0le Chinois. Bienvenue \u00e0 la communaut\u00e9\u00a0de la seconde\u00a0langue la plus parl\u00e9e\u00a0au monde , et commence d\u00e8s aujourd\u00b4hui avec notre test de langue online gratis ,&hellip;<\/p>\n","protected":false},"author":5,"featured_media":0,"parent":0,"menu_order":0,"comment_status":"closed","ping_status":"closed","template":"","meta":{"footnotes":""},"class_list":["post-4444","page","type-page","status-publish","hentry","description-off"],"_links":{"self":[{"href":"https:\/\/smartcoco.online\/fr\/wp-json\/wp\/v2\/pages\/4444"}],"collection":[{"href":"https:\/\/smartcoco.online\/fr\/wp-json\/wp\/v2\/pages"}],"about":[{"href":"https:\/\/smartcoco.online\/fr\/wp-json\/wp\/v2\/types\/page"}],"author":[{"embeddable":true,"href":"https:\/\/smartcoco.online\/fr\/wp-json\/wp\/v2\/users\/5"}],"replies":[{"embeddable":true,"href":"https:\/\/smartcoco.online\/fr\/wp-json\/wp\/v2\/comments?post=4444"}],"version-history":[{"count":4,"href":"https:\/\/smartcoco.online\/fr\/wp-json\/wp\/v2\/pages\/4444\/revisions"}],"predecessor-version":[{"id":5472,"href":"https:\/\/smartcoco.online\/fr\/wp-json\/wp\/v2\/pages\/4444\/revisions\/5472"}],"wp:attachment":[{"href":"https:\/\/smartcoco.online\/fr\/wp-json\/wp\/v2\/media?parent=4444"}],"curies":[{"name":"wp","href":"https:\/\/api.w.org\/{rel}","templated":true}]}}