{"id":4459,"date":"2018-01-30T15:21:11","date_gmt":"2018-01-30T14:21:11","guid":{"rendered":"http:\/\/smartcoco.online\/?page_id=4459"},"modified":"2019-12-12T10:58:36","modified_gmt":"2019-12-12T09:58:36","slug":"offres","status":"publish","type":"page","link":"https:\/\/smartcoco.online\/fr\/offres\/","title":{"rendered":"Offres"},"content":{"rendered":"[vc_row][vc_column][vc_column_text]\n<h1>Bienvenue \u00e0 nos offres!<\/h1>\n<p>&nbsp;<\/p>\n<p>Tu trouvera ici toutes les offres sp\u00e9cialement et m\u00e9ticuleusement pens\u00e9es pour toi!<br \/>\nToute une gamme d\u00b4opportunit\u00e9s focalis\u00e9es exclusivement pour toi!<br \/>\nSans aucun doute tu trouveras celui qui te convient!<br \/>\nPlus qu&rsquo;une raison , c&rsquo;est un fait , apprendre Fran\u00e7ais -Anglais -Espagnol et le convertir en quelque chose plus pragmatique . N&rsquo;attend plus pour commencer ton propre voyage d&rsquo;apprentissage.<\/p>\n<p>Contact smart coco et nous te connectons pour cr\u00e9er ton cours fait \u00e0 ta mesure, et exclusivement pour toi.<\/p>\n<p>&nbsp;<\/p>\n<p><strong>Pourquoi nous avons des offres chez Smart Coco ?<\/strong><br \/>\nNos offres sont sujetes aux n\u00e9cessit\u00e9s de demandes- offres qui s\u00b4imposent dans le mach\u00e9. Ainsi donc, pour pallier \u00e0 cette situation nous traitons de nous efforcer d\u00b4 \u00e9quilibrer sa versatilit\u00e9 \u00e0 chaque moment.[\/vc_column_text][vc_row_inner][vc_column_inner width=\u00a0\u00bb1\/4&Prime;]<div class=\"ult_pricing_table_wrap ult_design_1  ult-cs-custom  \">\n\t\t\t\t<div class=\"ult_pricing_table \" style=\"background:#dd9933; \"><div class=\"ult_pricing_heading\" id=\"price-table-wrap-2766\">\n\t\t\t\t\t\t<h3 class=\"price-heading cust-headformat ult-responsive\"  data-ultimate-target='#price-table-wrap-2766 .cust-headformat'  data-responsive-json-new='{\"font-size\":\"\",\"line-height\":\"\"}'  style=\"font-weight:normal;\"><\/h3><\/div><!--ult_pricing_heading--><div class=\"ult_price_body_block\">\n\t\t\t\t\t\t<div class=\"ult_price_body\">\n\t\t\t\t\t\t\t<div id=\"price-table-wrap-7927\" class=\"ult_price\">\n\t\t\t\t\t\t\t\t<span  data-ultimate-target='#price-table-wrap-7927 .ult_price_figure'  data-responsive-json-new='{\"font-size\":\"\",\"line-height\":\"\"}'  class=\"ult_price_figure ult-responsive\" style=\"font-weight:normal;\">Offres 1<\/span>\n\t\t\t\t\t\t\t\t<span  data-ultimate-target='#price-table-wrap-7927 .ult_price_term'  data-responsive-json-new='{\"font-size\":\"\",\"line-height\":\"\"}'  class=\"ult_price_term ult-responsive\" style=\"font-weight:normal;\">Prochainement<\/span>\n\t\t\t\t\t\t\t<\/div>\n\t\t\t\t\t\t<\/div>\n\t\t\t\t\t<\/div><!--ult_price_body_block--><div id=\"price-table-features-wrap-4530\" class=\"ult_price_features ult-responsive\"  data-ultimate-target='#price-table-features-wrap-4530'  data-responsive-json-new='{\"font-size\":\"\",\"line-height\":\"\"}'  style=\"font-weight:normal;\">\n\t\t\t\t\t\t\n\t\t\t\t\t<\/div><!--ult_price_features--><div class=\"ult_clr\"><\/div>\n\t\t<\/div><!--pricing_table-->\n\t<\/div><!--pricing_table_wrap-->[\/vc_column_inner][vc_column_inner width=\u00a0\u00bb1\/4&Prime;]<div class=\"ult_pricing_table_wrap ult_design_1  ult-cs-custom  \">\n\t\t\t\t<div class=\"ult_pricing_table \" style=\"background:#dd9933; \"><div class=\"ult_pricing_heading\" id=\"price-table-wrap-8066\">\n\t\t\t\t\t\t<h3 class=\"price-heading cust-headformat ult-responsive\"  data-ultimate-target='#price-table-wrap-8066 .cust-headformat'  data-responsive-json-new='{\"font-size\":\"\",\"line-height\":\"\"}'  style=\"font-weight:normal;\"><\/h3><\/div><!--ult_pricing_heading--><div class=\"ult_price_body_block\">\n\t\t\t\t\t\t<div class=\"ult_price_body\">\n\t\t\t\t\t\t\t<div id=\"price-table-wrap-6628\" class=\"ult_price\">\n\t\t\t\t\t\t\t\t<span  data-ultimate-target='#price-table-wrap-6628 .ult_price_figure'  data-responsive-json-new='{\"font-size\":\"\",\"line-height\":\"\"}'  class=\"ult_price_figure ult-responsive\" style=\"font-weight:normal;\">Offres 1<\/span>\n\t\t\t\t\t\t\t\t<span  data-ultimate-target='#price-table-wrap-6628 .ult_price_term'  data-responsive-json-new='{\"font-size\":\"\",\"line-height\":\"\"}'  class=\"ult_price_term ult-responsive\" style=\"font-weight:normal;\">Prochainement<\/span>\n\t\t\t\t\t\t\t<\/div>\n\t\t\t\t\t\t<\/div>\n\t\t\t\t\t<\/div><!--ult_price_body_block--><div id=\"price-table-features-wrap-3366\" class=\"ult_price_features ult-responsive\"  data-ultimate-target='#price-table-features-wrap-3366'  data-responsive-json-new='{\"font-size\":\"\",\"line-height\":\"\"}'  style=\"font-weight:normal;\">\n\t\t\t\t\t\t\n\t\t\t\t\t<\/div><!--ult_price_features--><div class=\"ult_clr\"><\/div>\n\t\t<\/div><!--pricing_table-->\n\t<\/div><!--pricing_table_wrap-->[\/vc_column_inner][vc_column_inner width=\u00a0\u00bb1\/4&Prime;]<div class=\"ult_pricing_table_wrap ult_design_1  ult-cs-custom  \">\n\t\t\t\t<div class=\"ult_pricing_table \" style=\"background:#dd9933; \"><div class=\"ult_pricing_heading\" id=\"price-table-wrap-8198\">\n\t\t\t\t\t\t<h3 class=\"price-heading cust-headformat ult-responsive\"  data-ultimate-target='#price-table-wrap-8198 .cust-headformat'  data-responsive-json-new='{\"font-size\":\"\",\"line-height\":\"\"}'  style=\"font-weight:normal;\"><\/h3><\/div><!--ult_pricing_heading--><div class=\"ult_price_body_block\">\n\t\t\t\t\t\t<div class=\"ult_price_body\">\n\t\t\t\t\t\t\t<div id=\"price-table-wrap-5977\" class=\"ult_price\">\n\t\t\t\t\t\t\t\t<span  data-ultimate-target='#price-table-wrap-5977 .ult_price_figure'  data-responsive-json-new='{\"font-size\":\"\",\"line-height\":\"\"}'  class=\"ult_price_figure ult-responsive\" style=\"font-weight:normal;\">Offres 1<\/span>\n\t\t\t\t\t\t\t\t<span  data-ultimate-target='#price-table-wrap-5977 .ult_price_term'  data-responsive-json-new='{\"font-size\":\"\",\"line-height\":\"\"}'  class=\"ult_price_term ult-responsive\" style=\"font-weight:normal;\">Prochainement<\/span>\n\t\t\t\t\t\t\t<\/div>\n\t\t\t\t\t\t<\/div>\n\t\t\t\t\t<\/div><!--ult_price_body_block--><div id=\"price-table-features-wrap-7617\" class=\"ult_price_features ult-responsive\"  data-ultimate-target='#price-table-features-wrap-7617'  data-responsive-json-new='{\"font-size\":\"\",\"line-height\":\"\"}'  style=\"font-weight:normal;\">\n\t\t\t\t\t\t\n\t\t\t\t\t<\/div><!--ult_price_features--><div class=\"ult_clr\"><\/div>\n\t\t<\/div><!--pricing_table-->\n\t<\/div><!--pricing_table_wrap-->[\/vc_column_inner][vc_column_inner width=\u00a0\u00bb1\/4&Prime;]<div class=\"ult_pricing_table_wrap ult_design_1  ult-cs-custom  \">\n\t\t\t\t<div class=\"ult_pricing_table \" style=\"background:#dd9933; \"><div class=\"ult_pricing_heading\" id=\"price-table-wrap-8239\">\n\t\t\t\t\t\t<h3 class=\"price-heading cust-headformat ult-responsive\"  data-ultimate-target='#price-table-wrap-8239 .cust-headformat'  data-responsive-json-new='{\"font-size\":\"\",\"line-height\":\"\"}'  style=\"font-weight:normal;\"><\/h3><\/div><!--ult_pricing_heading--><div class=\"ult_price_body_block\">\n\t\t\t\t\t\t<div class=\"ult_price_body\">\n\t\t\t\t\t\t\t<div id=\"price-table-wrap-3996\" class=\"ult_price\">\n\t\t\t\t\t\t\t\t<span  data-ultimate-target='#price-table-wrap-3996 .ult_price_figure'  data-responsive-json-new='{\"font-size\":\"\",\"line-height\":\"\"}'  class=\"ult_price_figure ult-responsive\" style=\"font-weight:normal;\">Offres 1<\/span>\n\t\t\t\t\t\t\t\t<span  data-ultimate-target='#price-table-wrap-3996 .ult_price_term'  data-responsive-json-new='{\"font-size\":\"\",\"line-height\":\"\"}'  class=\"ult_price_term ult-responsive\" style=\"font-weight:normal;\">Prochainement<\/span>\n\t\t\t\t\t\t\t<\/div>\n\t\t\t\t\t\t<\/div>\n\t\t\t\t\t<\/div><!--ult_price_body_block--><div id=\"price-table-features-wrap-9659\" class=\"ult_price_features ult-responsive\"  data-ultimate-target='#price-table-features-wrap-9659'  data-responsive-json-new='{\"font-size\":\"\",\"line-height\":\"\"}'  style=\"font-weight:normal;\">\n\t\t\t\t\t\t\n\t\t\t\t\t<\/div><!--ult_price_features--><div class=\"ult_clr\"><\/div>\n\t\t<\/div><!--pricing_table-->\n\t<\/div><!--pricing_table_wrap-->[\/vc_column_inner][\/vc_row_inner][\/vc_column][\/vc_row][vc_row][vc_column width=\u00a0\u00bb1\/6&Prime;][\/vc_column][vc_column width=\u00a0\u00bb2\/3&Prime; css=\u00a0\u00bb.vc_custom_1564036229329{background-color: #19a80 !important;}\u00a0\u00bb][vc_row_inner css=\u00a0\u00bb.vc_custom_1566292686413{background-color: #6dab3c !important;}\u00a0\u00bb][vc_column_inner][vc_column_text]<span style=\"color: #ffffff;\">Compl\u00e8te le formulaire et nous te contactons ie plus t\u00f4t possible<\/span>[\/vc_column_text]\n<div class=\"wpcf7 no-js\" id=\"wpcf7-f4547-o1\" lang=\"es-ES\" dir=\"ltr\" data-wpcf7-id=\"4547\">\n<div class=\"screen-reader-response\"><p role=\"status\" aria-live=\"polite\" aria-atomic=\"true\"><\/p> <ul><\/ul><\/div>\n<form action=\"\/fr\/wp-json\/wp\/v2\/pages\/4459#wpcf7-f4547-o1\" method=\"post\" class=\"wpcf7-form init wpcf7-acceptance-as-validation\" aria-label=\"Formulario de contacto\" novalidate=\"novalidate\" data-status=\"init\">\n<div style=\"display: none;\">\n<input type=\"hidden\" name=\"_wpcf7\" value=\"4547\" \/>\n<input type=\"hidden\" name=\"_wpcf7_version\" value=\"6.0.6\" \/>\n<input type=\"hidden\" name=\"_wpcf7_locale\" value=\"es_ES\" \/>\n<input type=\"hidden\" name=\"_wpcf7_unit_tag\" value=\"wpcf7-f4547-o1\" \/>\n<input type=\"hidden\" name=\"_wpcf7_container_post\" value=\"0\" \/>\n<input type=\"hidden\" name=\"_wpcf7_posted_data_hash\" value=\"\" \/>\n<input type=\"hidden\" name=\"_wpcf7_recaptcha_response\" value=\"\" \/>\n<\/div>\n<p><label><span class=\"wpcf7-form-control-wrap\" data-name=\"Nombre\"><input size=\"40\" maxlength=\"400\" class=\"wpcf7-form-control wpcf7-text wpcf7-validates-as-required\" aria-required=\"true\" aria-invalid=\"false\" placeholder=\"Noms et Pr\u00e9noms\" value=\"\" type=\"text\" name=\"Nombre\" \/><\/span> <\/label>\n<\/p>\n<p><label><span class=\"wpcf7-form-control-wrap\" data-name=\"Email\"><input size=\"40\" maxlength=\"400\" class=\"wpcf7-form-control wpcf7-email wpcf7-validates-as-required wpcf7-text wpcf7-validates-as-email\" aria-required=\"true\" aria-invalid=\"false\" placeholder=\"E-mail\" value=\"\" type=\"email\" name=\"Email\" \/><\/span> <\/label>\n<\/p>\n<p><label><span class=\"wpcf7-form-control-wrap\" data-name=\"Ciudad\"><input size=\"40\" maxlength=\"400\" class=\"wpcf7-form-control wpcf7-text wpcf7-validates-as-required\" aria-required=\"true\" aria-invalid=\"false\" placeholder=\"Ville\" value=\"\" type=\"text\" name=\"Ciudad\" \/><\/span> <\/label>\n<\/p>\n<p><label><span class=\"wpcf7-form-control-wrap\" data-name=\"Pais\"><input size=\"40\" maxlength=\"400\" class=\"wpcf7-form-control wpcf7-text wpcf7-validates-as-required\" aria-required=\"true\" aria-invalid=\"false\" placeholder=\"Pays\" value=\"\" type=\"text\" name=\"Pais\" \/><\/span> <\/label>\n<\/p>\n<p><label><span class=\"wpcf7-form-control-wrap\" data-name=\"idioma\"><select class=\"wpcf7-form-control wpcf7-select wpcf7-validates-as-required\" aria-required=\"true\" aria-invalid=\"false\" name=\"idioma\"><option value=\"Choix de  la langue\">Choix de  la langue<\/option><option value=\"Anglais\">Anglais<\/option><option value=\"Fran\u00e7ais\">Fran\u00e7ais<\/option><option value=\"Espagnol\">Espagnol<\/option><\/select><\/span> <\/label>\n<\/p>\n<p><label><span class=\"wpcf7-form-control-wrap\" data-name=\"Asunto\"><input size=\"40\" maxlength=\"400\" class=\"wpcf7-form-control wpcf7-text wpcf7-validates-as-required\" aria-required=\"true\" aria-invalid=\"false\" placeholder=\"Motifs de la consultation\" value=\"\" type=\"text\" name=\"Asunto\" \/><\/span> <\/label>\n<\/p>\n<p><label><br \/>\n<span class=\"wpcf7-form-control-wrap\" data-name=\"Mensaje\"><textarea cols=\"40\" rows=\"4\" maxlength=\"2000\" class=\"wpcf7-form-control wpcf7-textarea wpcf7-validates-as-required\" aria-required=\"true\" aria-invalid=\"false\" placeholder=\"Message\" name=\"Mensaje\"><\/textarea><\/span> <\/label>\n<\/p>\n<p><span class=\"wpcf7-form-control-wrap\" data-name=\"acceptance-995\"><span class=\"wpcf7-form-control wpcf7-acceptance\"><span class=\"wpcf7-list-item\"><input type=\"checkbox\" name=\"acceptance-995\" value=\"1\" aria-invalid=\"false\" \/><\/span><\/span><\/span><a href=\"https:\/\/smartcoco.online\/fr\/aviso-legal\/\" style=\"color: white;\">J \u00b4ai lu et accepte les termes d\u00b4usages<\/a>\n<\/p>\n<p><input class=\"wpcf7-form-control wpcf7-submit has-spinner\" type=\"submit\" value=\"Envoyer\" \/>\n<\/p><div class=\"wpcf7-response-output\" aria-hidden=\"true\"><\/div>\n<\/form>\n<\/div>\n[\/vc_column_inner][\/vc_row_inner][\/vc_column][vc_column width=\u00a0\u00bb1\/6&Prime;][\/vc_column][\/vc_row]\n","protected":false},"excerpt":{"rendered":"<p>[vc_row][vc_column][vc_column_text] Bienvenue \u00e0 nos offres! &nbsp; Tu trouvera ici toutes les offres sp\u00e9cialement et m\u00e9ticuleusement pens\u00e9es pour toi! Toute une gamme d\u00b4opportunit\u00e9s focalis\u00e9es exclusivement pour toi! Sans aucun doute tu trouveras celui qui te convient! Plus qu&rsquo;une raison , c&rsquo;est un fait , apprendre Fran\u00e7ais -Anglais -Espagnol et le convertir en quelque chose plus pragmatique&hellip;<\/p>\n","protected":false},"author":5,"featured_media":0,"parent":0,"menu_order":0,"comment_status":"closed","ping_status":"closed","template":"","meta":{"footnotes":""},"class_list":["post-4459","page","type-page","status-publish","hentry","description-off"],"_links":{"self":[{"href":"https:\/\/smartcoco.online\/fr\/wp-json\/wp\/v2\/pages\/4459"}],"collection":[{"href":"https:\/\/smartcoco.online\/fr\/wp-json\/wp\/v2\/pages"}],"about":[{"href":"https:\/\/smartcoco.online\/fr\/wp-json\/wp\/v2\/types\/page"}],"author":[{"embeddable":true,"href":"https:\/\/smartcoco.online\/fr\/wp-json\/wp\/v2\/users\/5"}],"replies":[{"embeddable":true,"href":"https:\/\/smartcoco.online\/fr\/wp-json\/wp\/v2\/comments?post=4459"}],"version-history":[{"count":9,"href":"https:\/\/smartcoco.online\/fr\/wp-json\/wp\/v2\/pages\/4459\/revisions"}],"predecessor-version":[{"id":5252,"href":"https:\/\/smartcoco.online\/fr\/wp-json\/wp\/v2\/pages\/4459\/revisions\/5252"}],"wp:attachment":[{"href":"https:\/\/smartcoco.online\/fr\/wp-json\/wp\/v2\/media?parent=4459"}],"curies":[{"name":"wp","href":"https:\/\/api.w.org\/{rel}","templated":true}]}}