{"id":4877,"date":"2019-07-19T12:45:48","date_gmt":"2019-07-19T10:45:48","guid":{"rendered":"http:\/\/smartcoco.online\/trainings\/"},"modified":"2020-07-11T15:44:24","modified_gmt":"2020-07-11T14:44:24","slug":"trainings","status":"publish","type":"page","link":"https:\/\/smartcoco.online\/fr\/trainings\/","title":{"rendered":"Trainings"},"content":{"rendered":"[vc_row equal_height=\u00a0\u00bbyes\u00a0\u00bb content_placement=\u00a0\u00bbtop\u00a0\u00bb][vc_column]<div class=\"uavc-list-icon uavc-list-icon-wrapper ult-adjust-bottom-margin   \"><ul class=\"uavc-list\"><li><div class=\"uavc-list-content\" id=\"list-icon-wrap-1051\">\n<div class=\"uavc-list-icon  \" data-animation=\"\" data-animation-delay=\"03\" style=\"margin-right:15px;\"><div class=\"ult-just-icon-wrapper  \"><div class=\"align-icon\" style=\"text-align:center;\">\n<div class=\"aio-icon none \"  style=\"color:#333333;font-size:40px;display:inline-block;\">\n\t<i class=\"Defaults-clipboard paste\"><\/i>\n<\/div><\/div><\/div>\n<\/div><span  data-ultimate-target='#list-icon-wrap-1051 .uavc-list-desc'  data-responsive-json-new='{\"font-size\":\"\",\"line-height\":\"\"}'  class=\"uavc-list-desc ult-responsive\" style=\"\">\n<h2>Professional and assessment:<\/h2>\n<p>Notre website est dessin\u00e9 pour permettre de trouver les solutions pour les professionnels ou cadres sup\u00e9rieurs dans diverts domaines. Ainsi nous offrons des produits innovateurs tels que:<strong> coaching-gestion d\u00b4\u00e9quipe- direction efficace d\u00b4entreprises-motivation-professional assessment-performance management-t\u00e9l\u00e9conf\u00e9rence.<\/strong><\/p>\n<p>Construits et d\u00e9veloppes les strat\u00e9gies efficaces pour fortifier ton propre apprentissage.<\/span><\/div><\/li><li><div class=\"uavc-list-content\" id=\"list-icon-wrap-4312\">\n<div class=\"uavc-list-icon  \" data-animation=\"\" data-animation-delay=\"03\" style=\"margin-right:15px;\"><div class=\"ult-just-icon-wrapper  \"><div class=\"align-icon\" style=\"text-align:center;\">\n<div class=\"aio-icon none \"  style=\"color:#333333;font-size:40px;display:inline-block;\">\n\t<i class=\"none\"><\/i>\n<\/div><\/div><\/div>\n<\/div><span  data-ultimate-target='#list-icon-wrap-4312 .uavc-list-desc'  data-responsive-json-new='{\"font-size\":\"\",\"line-height\":\"\"}'  class=\"uavc-list-desc ult-responsive\" style=\"\"><a class=\"boton-packs\" href=\"https:\/\/smartcoco.online\/fr\/tienda-professional-and-assessment\/\"><i class=\"Defaults-hand-o-right\"><\/i> Pack Professional and Assessment<\/a><\/p>\n<\/span><\/div><\/li><li><div class=\"uavc-list-content\" id=\"list-icon-wrap-5235\">\n<div class=\"uavc-list-icon  \" data-animation=\"\" data-animation-delay=\"03\" style=\"margin-right:15px;\"><div class=\"ult-just-icon-wrapper  \"><div class=\"align-icon\" style=\"text-align:center;\">\n<div class=\"aio-icon none \"  style=\"color:#333333;font-size:40px;display:inline-block;\">\n\t<i class=\"Defaults-briefcase\"><\/i>\n<\/div><\/div><\/div>\n<\/div><span  data-ultimate-target='#list-icon-wrap-5235 .uavc-list-desc'  data-responsive-json-new='{\"font-size\":\"\",\"line-height\":\"\"}'  class=\"uavc-list-desc ult-responsive\" style=\"\">\n<h2>N\u00e9goce:<\/h2>\n<p>En quoi consiste les langues dans les affaires et les entreprises ?<\/p>\n<p>Nous abordons une vari\u00e9t\u00e9 de th\u00e8mes communs, situations, et habilit\u00e9s, inclus: <strong>pr\u00e9sentations, appels t\u00e9l\u00e9phoniques, n\u00e9gociations, conversations, voyages, rencontres , interviews, vocabulaires, expressions idiomatiques<\/strong>, entre autres.<\/p>\n<p>Notre objectif consiste \u00e0 enseigner le business de fa\u00e7on la plus naturelle et efficace en: <strong>Fran\u00e7ais-Anglais-Espagnol<\/strong>. Pour cela, nous voulons que les \u00e9tudiants soient capables de faire face \u00e0 de diff\u00e9rentes situations de n\u00e9goce et de\u00a0 travail, avec confiance et dext\u00e9rit\u00e9.<\/span><\/div><\/li><li><div class=\"uavc-list-content\" id=\"list-icon-wrap-3020\">\n<div class=\"uavc-list-icon  \" data-animation=\"\" data-animation-delay=\"03\" style=\"margin-right:15px;\"><div class=\"ult-just-icon-wrapper  \"><div class=\"align-icon\" style=\"text-align:center;\">\n<div class=\"aio-icon none \"  style=\"color:#333333;font-size:40px;display:inline-block;\">\n\t<i class=\"none\"><\/i>\n<\/div><\/div><\/div>\n<\/div><span  data-ultimate-target='#list-icon-wrap-3020 .uavc-list-desc'  data-responsive-json-new='{\"font-size\":\"\",\"line-height\":\"\"}'  class=\"uavc-list-desc ult-responsive\" style=\"\"><a class=\"boton-packs\" href=\"https:\/\/smartcoco.online\/fr\/boutique-negoce\/\"><i class=\"Defaults-hand-o-right\"><\/i> Pack N\u00e9goce<\/a><\/p>\n<\/span><\/div><\/li><li><div class=\"uavc-list-content\" id=\"list-icon-wrap-7523\">\n<div class=\"uavc-list-icon  \" data-animation=\"\" data-animation-delay=\"03\" style=\"margin-right:15px;\"><div class=\"ult-just-icon-wrapper  \"><div class=\"align-icon\" style=\"text-align:center;\">\n<div class=\"aio-icon none \"  style=\"color:#333333;font-size:40px;display:inline-block;\">\n\t<i class=\"Defaults-wechat weixin\"><\/i>\n<\/div><\/div><\/div>\n<\/div><span  data-ultimate-target='#list-icon-wrap-7523 .uavc-list-desc'  data-responsive-json-new='{\"font-size\":\"\",\"line-height\":\"\"}'  class=\"uavc-list-desc ult-responsive\" style=\"\">\n<h2>Conversation:<\/h2>\n<p>L\u00b4\u00eatre humain est pourvu d\u00b4un puissant cerveau et de pens\u00e9s\u00a0 profondes, et son habilit\u00e9 intrins\u00e8que \u00e0 partager des informations \u00e9loquentes est infinie et superflue. Pour autant, si vous pensez \u00e0 une conversation fondamentalement, il est clair que, plus elle est profonde plus la relation l&rsquo;est aussi. Ainsi, la <strong>conversation d\u00e9termine les relations que nous entretenons<\/strong>.\u00a0 Pour moi cela para\u00eet universelle, et applicable. Sur ce, il\u00a0 ne nous reste plus qu&rsquo;\u00e0 construire nos relations en fonction de nos conversations.<br \/>\n<\/span><\/div><\/li><li><div class=\"uavc-list-content\" id=\"list-icon-wrap-7246\">\n<div class=\"uavc-list-icon  \" data-animation=\"\" data-animation-delay=\"03\" style=\"margin-right:15px;\"><div class=\"ult-just-icon-wrapper  \"><div class=\"align-icon\" style=\"text-align:center;\">\n<div class=\"aio-icon none \"  style=\"color:#333333;font-size:40px;display:inline-block;\">\n\t<i class=\"none\"><\/i>\n<\/div><\/div><\/div>\n<\/div><span  data-ultimate-target='#list-icon-wrap-7246 .uavc-list-desc'  data-responsive-json-new='{\"font-size\":\"\",\"line-height\":\"\"}'  class=\"uavc-list-desc ult-responsive\" style=\"\"><a class=\"boton-packs\" href=\"https:\/\/smartcoco.online\/fr\/tienda-conversacion\/\"><i class=\"Defaults-hand-o-right\"><\/i> Pack Conversation<\/a><\/p>\n<p>&nbsp;<\/p>\n<\/span><\/div><\/li><li><div class=\"uavc-list-content\" id=\"list-icon-wrap-8977\">\n<div class=\"uavc-list-icon  \" data-animation=\"\" data-animation-delay=\"03\" style=\"margin-right:15px;\"><div class=\"ult-just-icon-wrapper  \"><div class=\"align-icon\" style=\"text-align:center;\">\n<div class=\"aio-icon none \"  style=\"color:#333333;font-size:40px;display:inline-block;\">\n\t<i class=\"Defaults-edit pencil-square-o\"><\/i>\n<\/div><\/div><\/div>\n<\/div><span  data-ultimate-target='#list-icon-wrap-8977 .uavc-list-desc'  data-responsive-json-new='{\"font-size\":\"\",\"line-height\":\"\"}'  class=\"uavc-list-desc ult-responsive\" style=\"\">\n<h2>Pr\u00e9paration d\u00b4examens:<\/h2>\n<p>&nbsp;<\/p>\n<p>D\u00e9finitivement, on peut apprendre \u00e0 tirer profit de grands b\u00e9n\u00e9fices de ses habilet\u00e9s\u00a0 dans un examen, si\u00a0 l\u00b4on prend le temps suffisant\u00a0 pour d\u00e9finir\u00a0 ses erreurs. Et se demander si l&rsquo;on est en train de r\u00e9pondre \u00e0 la question qui est pos\u00e9e. Ceci est la clef\u00a0 pour perfectionner ses habilet\u00e9s, et obtenir des arguments efficaces et aigus qui serviront pour toute la vie.<\/p>\n<p>Nous avons acquis une longue<strong> exp\u00e9rience ant\u00e9rieure pleine de succ\u00e8s<\/strong> plus que brillante, en pr\u00e9paration d\u00b4examens de touts les niveaux.<\/p>\n<p>&nbsp;<\/p>\n<\/span><\/div><\/li><li><div class=\"uavc-list-content\" id=\"list-icon-wrap-8571\">\n<div class=\"uavc-list-icon  \" data-animation=\"\" data-animation-delay=\"03\" style=\"margin-right:15px;\"><div class=\"ult-just-icon-wrapper  \"><div class=\"align-icon\" style=\"text-align:center;\">\n<div class=\"aio-icon none \"  style=\"color:#333333;font-size:40px;display:inline-block;\">\n\t<i class=\"none\"><\/i>\n<\/div><\/div><\/div>\n<\/div><span  data-ultimate-target='#list-icon-wrap-8571 .uavc-list-desc'  data-responsive-json-new='{\"font-size\":\"\",\"line-height\":\"\"}'  class=\"uavc-list-desc ult-responsive\" style=\"\"><a class=\"boton-packs\" href=\"https:\/\/smartcoco.online\/fr\/tienda-preparacion-de-examenes\/\"><i class=\"Defaults-hand-o-right\"><\/i> Pack Pr\u00e9paration D\u00b4examens<\/a><\/p>\n<\/span><\/div><\/li><li><div class=\"uavc-list-content\" id=\"list-icon-wrap-7563\">\n<div class=\"uavc-list-icon  \" data-animation=\"\" data-animation-delay=\"03\" style=\"margin-right:15px;\"><div class=\"ult-just-icon-wrapper  \"><div class=\"align-icon\" style=\"text-align:center;\">\n<div class=\"aio-icon none \"  style=\"color:#333333;font-size:40px;display:inline-block;\">\n\t<i class=\"Defaults-plane\"><\/i>\n<\/div><\/div><\/div>\n<\/div><span  data-ultimate-target='#list-icon-wrap-7563 .uavc-list-desc'  data-responsive-json-new='{\"font-size\":\"\",\"line-height\":\"\"}'  class=\"uavc-list-desc ult-responsive\" style=\"\">\n<h2>Travel coaching:<\/h2>\n<p>Les motifs d\u00b4un voyage incluent :<strong> plaisir \/ relaxation \/ d\u00e9couverte et exploration \/ apprendre d&rsquo;autres cultures\/ prendre son propre temps pour construir des relations interpersonnelles<\/strong>.<\/p>\n<p>Ainsi <strong>\u00a0\u00bb dis moi o\u00f9 tu veux voyager et je t\u00b4aiderai \u00e0 l\u00b4organiser \u00ab\u00a0<\/strong>\u00a0 <\/span><\/div><\/li><li><div class=\"uavc-list-content\" id=\"list-icon-wrap-7727\">\n<div class=\"uavc-list-icon  \" data-animation=\"\" data-animation-delay=\"03\" style=\"margin-right:15px;\"><div class=\"ult-just-icon-wrapper  \"><div class=\"align-icon\" style=\"text-align:center;\">\n<div class=\"aio-icon none \"  style=\"color:#333333;font-size:40px;display:inline-block;\">\n\t<i class=\"none\"><\/i>\n<\/div><\/div><\/div>\n<\/div><span  data-ultimate-target='#list-icon-wrap-7727 .uavc-list-desc'  data-responsive-json-new='{\"font-size\":\"\",\"line-height\":\"\"}'  class=\"uavc-list-desc ult-responsive\" style=\"\"><a class=\"boton-packs\" href=\"https:\/\/smartcoco.online\/fr\/tienda-travel-coaching\/\"><i class=\"Defaults-hand-o-right\"><\/i> Pack Travel Coaching<\/a><\/p>\n<\/span><\/div><\/li><li><div class=\"uavc-list-content\" id=\"list-icon-wrap-1093\">\n<div class=\"uavc-list-icon  \" data-animation=\"\" data-animation-delay=\"03\" style=\"margin-right:15px;\"><div class=\"ult-just-icon-wrapper  \"><div class=\"align-icon\" style=\"text-align:center;\">\n<div class=\"aio-icon none \"  style=\"color:#333333;font-size:40px;display:inline-block;\">\n\t<i class=\"Defaults-group users\"><\/i>\n<\/div><\/div><\/div>\n<\/div><span  data-ultimate-target='#list-icon-wrap-1093 .uavc-list-desc'  data-responsive-json-new='{\"font-size\":\"\",\"line-height\":\"\"}'  class=\"uavc-list-desc ult-responsive\" style=\"\">\n<h2>Famille et parent\u00e9s:<\/h2>\n<p>Diriger des relations familiales o\u00f9\u00a0 les n\u00e9cessit\u00e9s les plus importantes\u00a0 de chacun doivent co\u00efncider est une t\u00e2che ardue. Dans toutes les familles,\u00a0 il y a des moments de frustrations et de peines qui peuvent induire \u00e0 des malentendus. Pour cela, quand arrive ce genre de situation, cela requiert une <strong>connection tr\u00e8s positive, et une g\u00e9rance cr\u00e9ative pour maintenir une tr\u00e8s bonne communication<\/strong>. Ainsi, avoir une communication effective signifie que chacun ai la parole et soit\u00a0 \u00e9cout\u00e9. Cela peut se convertir, en un d\u00e9fit dans un cadre familial occup\u00e9. En d\u00e9finitive, \u00eatre sous pression pour obtenir gain de cause signifie avoir peu de \u00a0\u00bb <strong>qualit\u00e9 de temps<\/strong>\u00a0 \u00a0\u00bb pour converser et se comprendre les un et les autres.<\/span><\/div><\/li><li><div class=\"uavc-list-content\" id=\"list-icon-wrap-6648\">\n<div class=\"uavc-list-icon  \" data-animation=\"\" data-animation-delay=\"03\" style=\"margin-right:15px;\"><div class=\"ult-just-icon-wrapper  \"><div class=\"align-icon\" style=\"text-align:center;\">\n<div class=\"aio-icon none \"  style=\"color:#333333;font-size:40px;display:inline-block;\">\n\t<i class=\"none\"><\/i>\n<\/div><\/div><\/div>\n<\/div><span  data-ultimate-target='#list-icon-wrap-6648 .uavc-list-desc'  data-responsive-json-new='{\"font-size\":\"\",\"line-height\":\"\"}'  class=\"uavc-list-desc ult-responsive\" style=\"\"><a class=\"boton-packs\" href=\"https:\/\/smartcoco.online\/fr\/tienda-familia-y-parentesco\/\"><i class=\"Defaults-hand-o-right\"><\/i> Pack Famille et Parent\u00e9<\/a><\/p>\n<\/span><\/div><\/li><li><div class=\"uavc-list-content\" id=\"list-icon-wrap-7603\">\n<div class=\"uavc-list-icon  \" data-animation=\"\" data-animation-delay=\"03\" style=\"margin-right:15px;\"><div class=\"ult-just-icon-wrapper  \"><div class=\"align-icon\" style=\"text-align:center;\">\n<div class=\"aio-icon none \"  style=\"color:#333333;font-size:40px;display:inline-block;\">\n\t<i class=\"Defaults-file-word-o\"><\/i>\n<\/div><\/div><\/div>\n<\/div><span  data-ultimate-target='#list-icon-wrap-7603 .uavc-list-desc'  data-responsive-json-new='{\"font-size\":\"\",\"line-height\":\"\"}'  class=\"uavc-list-desc ult-responsive\" style=\"\">\n<h2>Traduction:<\/h2>\n<p>Cons\u00e9quente \u00e0\u00a0 la laborieuse t\u00e2che du processus de la traduction, depuis\u00a0 les ann\u00e9es 1940, des efforts ont \u00e9t\u00e9 faits, partant de degr\u00e9s variables\u00a0 de r\u00e9ussites, \u00e0 de traductions automatis\u00e9es ou aid\u00e9 m\u00e9caniquement par de traducteurs humains. Plus r\u00e9cemment, l&rsquo;expansion de l&rsquo;internet a forg\u00e9 un vaste march\u00e9 mondial de service de traduction et permit de faciliter la localisation du langage. <\/span><\/div><\/li><li><div class=\"uavc-list-content\" id=\"list-icon-wrap-5134\">\n<div class=\"uavc-list-icon  \" data-animation=\"\" data-animation-delay=\"03\" style=\"margin-right:15px;\"><div class=\"ult-just-icon-wrapper  \"><div class=\"align-icon\" style=\"text-align:center;\">\n<div class=\"aio-icon none \"  style=\"color:#333333;font-size:40px;display:inline-block;\">\n\t<i class=\"none\"><\/i>\n<\/div><\/div><\/div>\n<\/div><span  data-ultimate-target='#list-icon-wrap-5134 .uavc-list-desc'  data-responsive-json-new='{\"font-size\":\"\",\"line-height\":\"\"}'  class=\"uavc-list-desc ult-responsive\" style=\"\"><a class=\"boton-packs\" href=\"https:\/\/smartcoco.online\/fr\/tienda-traduccion\/\"><i class=\"Defaults-hand-o-right\"><\/i> Pack Traduction<\/a><\/p>\n<\/span><\/div><\/li><li><div class=\"uavc-list-content\" id=\"list-icon-wrap-5485\">\n<div class=\"uavc-list-icon  \" data-animation=\"\" data-animation-delay=\"03\" style=\"margin-right:15px;\"><div class=\"ult-just-icon-wrapper  \"><div class=\"align-icon\" style=\"text-align:center;\">\n<div class=\"aio-icon none \"  style=\"color:#333333;font-size:40px;display:inline-block;\">\n\t<i class=\"Defaults-male\"><\/i>\n<\/div><\/div><\/div>\n<\/div><span  data-ultimate-target='#list-icon-wrap-5485 .uavc-list-desc'  data-responsive-json-new='{\"font-size\":\"\",\"line-height\":\"\"}'  class=\"uavc-list-desc ult-responsive\" style=\"\">\n<h2>Traduction Simultan\u00e9e (Interpr\u00e8te):<\/h2>\n<p>Cons\u00e9quente \u00e0 la laborieuse t\u00e2che du processus de traduction simultan\u00e9e, notre approche et exp\u00e9rience dans ce domaine nous ont conduit \u00e0 obtenir des aptitudes sans appels pour mettre en place un service \u00e0 la hauteur des circonstances.<\/p>\n<p>Une solution innovatrice dans laquelle nous proportionnons une induction dans le monde de la traduction simultan\u00e9e faite sur mesure\u00a0 selon les besoins de chaque client \u00a0 .<\/span><\/div><\/li><li><div class=\"uavc-list-content\" id=\"list-icon-wrap-2004\">\n<div class=\"uavc-list-icon  \" data-animation=\"\" data-animation-delay=\"03\" style=\"margin-right:15px;\"><div class=\"ult-just-icon-wrapper  \"><div class=\"align-icon\" style=\"text-align:center;\">\n<div class=\"aio-icon none \"  style=\"color:#333333;font-size:40px;display:inline-block;\">\n\t<i class=\"none\"><\/i>\n<\/div><\/div><\/div>\n<\/div><span  data-ultimate-target='#list-icon-wrap-2004 .uavc-list-desc'  data-responsive-json-new='{\"font-size\":\"\",\"line-height\":\"\"}'  class=\"uavc-list-desc ult-responsive\" style=\"\"><a class=\"boton-packs\" href=\"https:\/\/smartcoco.online\/fr\/traduccion-simultanea\/\"><i class=\"Defaults-hand-o-right\"><\/i> Traduction Simultan\u00e9e<\/a><\/p>\n<\/span><\/div><\/li><\/ul><\/div>[\/vc_column][\/vc_row]\n","protected":false},"excerpt":{"rendered":"<p>[vc_row equal_height=\u00a0\u00bbyes\u00a0\u00bb content_placement=\u00a0\u00bbtop\u00a0\u00bb][vc_column][\/vc_column][\/vc_row]<\/p>\n","protected":false},"author":6,"featured_media":0,"parent":0,"menu_order":0,"comment_status":"closed","ping_status":"closed","template":"","meta":{"footnotes":""},"class_list":["post-4877","page","type-page","status-publish","hentry","description-off"],"_links":{"self":[{"href":"https:\/\/smartcoco.online\/fr\/wp-json\/wp\/v2\/pages\/4877"}],"collection":[{"href":"https:\/\/smartcoco.online\/fr\/wp-json\/wp\/v2\/pages"}],"about":[{"href":"https:\/\/smartcoco.online\/fr\/wp-json\/wp\/v2\/types\/page"}],"author":[{"embeddable":true,"href":"https:\/\/smartcoco.online\/fr\/wp-json\/wp\/v2\/users\/6"}],"replies":[{"embeddable":true,"href":"https:\/\/smartcoco.online\/fr\/wp-json\/wp\/v2\/comments?post=4877"}],"version-history":[{"count":30,"href":"https:\/\/smartcoco.online\/fr\/wp-json\/wp\/v2\/pages\/4877\/revisions"}],"predecessor-version":[{"id":7129,"href":"https:\/\/smartcoco.online\/fr\/wp-json\/wp\/v2\/pages\/4877\/revisions\/7129"}],"wp:attachment":[{"href":"https:\/\/smartcoco.online\/fr\/wp-json\/wp\/v2\/media?parent=4877"}],"curies":[{"name":"wp","href":"https:\/\/api.w.org\/{rel}","templated":true}]}}