{"id":4945,"date":"2019-07-22T12:32:35","date_gmt":"2019-07-22T11:32:35","guid":{"rendered":"http:\/\/smartcoco.online\/tienda-travel-coaching\/"},"modified":"2020-07-15T21:19:42","modified_gmt":"2020-07-15T20:19:42","slug":"tienda-travel-coaching","status":"publish","type":"page","link":"https:\/\/smartcoco.online\/fr\/tienda-travel-coaching\/","title":{"rendered":"Boutique Travel Coaching"},"content":{"rendered":"[vc_row][vc_column width=\u00a0\u00bb1\/4&Prime;][vc_column_text]\n<h2 style=\"text-align: center;\">Prix<\/h2>\n[\/vc_column_text][vc_column_text el_class=\u00a0\u00bbmorado\u00a0\u00bb]<span style=\"color: #ffffff;\"><strong>Pack Travel Coaching<br \/>\n<\/strong><\/span><\/p>\n<p><span style=\"color: #ffffff;\">10h \u00a0\u00a0\u00a0 330 euros<\/span><\/p>\n<p><span style=\"color: #ffffff;\">20h \u00a0\u00a0\u00a0 640 euros<\/span><\/p>\n<p><span style=\"color: #ffffff;\">30h \u00a0\u00a0\u00a0 930 euros<\/span><\/p>\n<p><span style=\"color: #ffffff;\">50h \u00a0\u00a0 1.500 euros<\/span><\/p>\n<p><span style=\"color: #ffffff;\">100h \u00a0\u00a0 2.900 euros<\/span>[\/vc_column_text][vc_tta_accordion color=\u00a0\u00bbgreen\u00a0\u00bb c_align=\u00a0\u00bbcenter\u00a0\u00bb active_section=\u00a0\u00bb0&Prime; no_fill=\u00a0\u00bbtrue\u00a0\u00bb collapsible_all=\u00a0\u00bbtrue\u00a0\u00bb title=\u00a0\u00bbInformation en plus\u00a0\u00bb el_class=\u00a0\u00bbverde\u00a0\u00bb][vc_tta_section i_icon_fontawesome=\u00a0\u00bbfa fa-volume-control-phone\u00a0\u00bb add_icon=\u00a0\u00bbtrue\u00a0\u00bb title=\u00a0\u00bbContact\u00a0\u00bb tab_id=\u00a0\u00bb1564574481739-4e7bf3c7-b8b8&Prime;][vc_column_text]\n<div class=\"left-widgets mini-widgets\" style=\"color: #fff;\"><span class=\"mini-contacts phone show-on-desktop in-top-bar-left in-menu-second-switch first\" style=\"color: #fff;\"><i class=\" the7-mw-icon-phone-bold\" style=\"color: #fff;\"><\/i>+34 679 84 20 80<\/span><br \/>\n<span class=\"mini-contacts skype show-on-desktop near-logo-first-switch in-top-bar\" style=\"color: #fff;\"><i class=\" the7-mw-icon-skype-bold\" style=\"color: #fff;\"><\/i>live:smartcoconline<\/span><br \/>\n<span class=\"mini-contacts email show-on-desktop near-logo-first-switch in-menu-second-switch\" style=\"color: #fff;\"><i class=\" the7-mw-icon-mail-bold\" style=\"color: #fff;\"><\/i>smartcoco@smartcoco.online<\/span><br class=\"last\" \/><span class=\"mini-contacts skype near-logo-first-switch in-top-bar hide-on-desktop hide-on-first-switch show-on-second-switch display-none\"><i class=\" the7-mw-icon-skype-bold\"><\/i>live:smartcoconline<\/span><span class=\"mini-contacts phone in-top-bar-left in-menu-second-switch hide-on-desktop show-on-first-switch hide-on-second-switch display-none\"><i class=\" the7-mw-icon-phone-bold\"><\/i>+34 679 84 20 80<\/span><\/div>\n[\/vc_column_text][\/vc_tta_section][vc_tta_section i_icon_fontawesome=\u00a0\u00bbfa fa-eur\u00a0\u00bb add_icon=\u00a0\u00bbtrue\u00a0\u00bb title=\u00a0\u00bbFacilit\u00e9 de Payement\u00a0\u00bb tab_id=\u00a0\u00bb1564574481782-71092e00-9847&Prime;][vc_column_text]<span style=\"color: #ffffff;\"><strong>m\u00e9thode de payement<\/strong><\/span><\/p>\n<p><span style=\"color: #ffffff;\">-Carte de cr\u00e9dit <\/span><\/p>\n<p><span style=\"color: #ffffff;\">&#8211; Paypal<\/span><\/p>\n<p><span style=\"color: #ffffff;\">&#8211; Virement bancaire <\/span><\/p>\n<p>&nbsp;<\/p>\n<p><span style=\"color: #ffffff;\"><strong>Forme de Payement <\/strong><\/span><\/p>\n<p><span style=\"color: #ffffff;\">&#8211; Par Heures <\/span><\/p>\n<p><span style=\"color: #ffffff;\">&#8211; Mensuellement<\/span><\/p>\n<p><span style=\"color: #ffffff;\">&#8211; D\u00e9p\u00f4t \u00e0 terme<\/span><br \/>\n[\/vc_column_text]<div class=\" ubtn-ctn-right \"><a class=\"ubtn-link ult-adjust-bottom-margin ubtn-right ubtn-block \" href=\"https:\/\/smartcoco.online\/fr\/formulaire-de-facilite-de-payement\/\" title=\"Facilidades de pago\" ><button type=\"button\" id=\"ubtn-9414\"  class=\"ubtn ult-adjust-bottom-margin ult-responsive ubtn-block ubtn-no-hover-bg  none  ubtn-sep-icon ubtn-sep-icon-at-left  ubtn-right   tooltip-69eb37e3a27ce ubtn-block\"  data-hover=\"\" data-border-color=\"\" data-bg=\"#6dab3c\" data-hover-bg=\"\" data-border-hover=\"\" data-shadow-hover=\"\" data-shadow-click=\"none\" data-shadow=\"\" data-shd-shadow=\"\"  data-ultimate-target='#ubtn-9414'  data-responsive-json-new='{\"font-size\":\"\",\"line-height\":\"\"}'  style=\"font-weight:bold;border:none;background: #6dab3c;color: #ffffff;\"><span class=\"ubtn-data ubtn-icon\"><i class=\"Defaults-info-circle\" style=\"font-size:32px;color:;\"><\/i><\/span><span class=\"ubtn-hover\" style=\"background-color:\"><\/span><span class=\"ubtn-data ubtn-text \" >Facilit\u00e9 de Payement<\/span><\/button><\/a><\/div>[\/vc_tta_section][\/vc_tta_accordion][\/vc_column][vc_column width=\u00a0\u00bb3\/4&Prime;][vc_column_text]1 S\u00e9lectionne le pack des horaires et click suivant.<\/p>\n<p>2 Choisis la date et l&rsquo;heure disponible du calendrier.<\/p>\n<p>3 Compl\u00e8te les donn\u00e9es et indique la m\u00e9thode de training (Skype, Facetime&#8230;)<\/p>\n<p>4 M\u00e9thode de paiement.[\/vc_column_text][vc_column_text]<!--\nPlugin Name: Bookly - Responsive WordPress Appointment Booking and Scheduling Plugin\nPlugin URI: https:\/\/www.booking-wp-plugin.com\/?utm_source=bookly_admin&utm_medium=plugins_page&utm_campaign=plugins_page\nVersion: 27.5-->\n<style type=\"text\/css\">\n    :root {\n        --bookly-main-color: #6dab3c !important;\n        --bookly-color: #6dab3c !important;\n    }\n\n    <\/style><div class=\"bookly-css-root\">\n    <div id=\"bookly-form-container-69eb37e3a43d5\" class=\"bookly-form\" data-form_id=\"\" aria-live=\"polite\">\n        <div style=\"text-align: center\"><img decoding=\"async\" src=\"https:\/\/smartcoco.online\/wp-includes\/js\/tinymce\/skins\/lightgray\/img\/loader.gif\" alt=\"Chargement...\"\/><\/div>\n    <\/div>\n<\/div>\n<script type=\"text\/javascript\">\n    (function (win, fn) {\n        var done = false, top = true,\n            doc = win.document,\n            root = doc.documentElement,\n            modern = doc.addEventListener,\n            add = modern ? 'addEventListener' : 'attachEvent',\n            rem = modern ? 'removeEventListener' : 'detachEvent',\n            pre = modern ? '' : 'on',\n            init = function (e) {\n                if (e.type == 'readystatechange') if (doc.readyState != 'complete') return;\n                (e.type == 'load' ? win : doc)[rem](pre + e.type, init, false);\n                if (!done) {\n                    done = true;\n                    fn.call(win, e.type || e);\n                }\n            },\n            poll = function () {\n                try {\n                    root.doScroll('left');\n                } catch (e) {\n                    setTimeout(poll, 50);\n                    return;\n                }\n                init('poll');\n            };\n        if (doc.readyState == 'complete') fn.call(win, 'lazy');\n        else {\n            if (!modern) if (root.doScroll) {\n                try {\n                    top = !win.frameElement;\n                } catch (e) {\n                }\n                if (top) poll();\n            }\n            doc[add](pre + 'DOMContentLoaded', init, false);\n            doc[add](pre + 'readystatechange', init, false);\n            win[add](pre + 'load', init, false);\n        }\n    })(window, function () {\n        window.bookly( {\"form_id\":\"69eb37e3a43d5\",\"form_data\":{\"skip_service_step\":0,\"hide_service_part1\":0,\"hide_service_part2\":1,\"defaults\":{\"service_id\":36,\"staff_id\":6,\"location_id\":0,\"category_id\":8,\"units\":0,\"date_from\":0,\"time_from\":0,\"time_to\":0}},\"status\":{\"booking\":\"new\"},\"form_token\":null,\"skip_steps\":{\"service_part1\":0,\"service_part2\":1,\"extras\":1,\"time\":0,\"repeat\":1,\"cart\":1},\"errors\":{\"session_error\":\"Erreur Session.\",\"form_id_error\":\"ID Formulaire d'erreur.\",\"cart_item_not_available\":\"horaire non disponible , choisissez une autre case \",\"pay_locally_not_available\":\"Le paiement local n'est pas disponible.\",\"invalid_gateway\":\"Portail invalide.\",\"payment_error\":\"Erreur.\",\"incorrect_username_password\":\"Identifiant ou mot de passe incorrect.\"},\"form_attributes\":{\"hide_categories\":true,\"hide_services\":false,\"hide_staff_members\":true,\"show_number_of_persons\":false,\"hide_service_duration\":true,\"hide_locations\":true,\"hide_quantity\":true,\"hide_date\":true,\"hide_week_days\":true,\"hide_time_range\":true,\"const_category_id\":8},\"use_client_time_zone\":1,\"defaults\":{\"service_id\":36,\"staff_id\":6,\"location_id\":0,\"category_id\":8},\"datepicker_mode\":\"text-accent\",\"facebook\":{\"enabled\":0,\"appId\":\"\"}} );\n    });\n<\/script>[\/vc_column_text][\/vc_column][\/vc_row]\n","protected":false},"excerpt":{"rendered":"<p>[vc_row][vc_column width=\u00a0\u00bb1\/4&Prime;][vc_column_text] Prix [\/vc_column_text][vc_column_text el_class=\u00a0\u00bbmorado\u00a0\u00bb]Pack Travel Coaching 10h \u00a0\u00a0\u00a0 330 euros 20h \u00a0\u00a0\u00a0 640 euros 30h \u00a0\u00a0\u00a0 930 euros 50h \u00a0\u00a0 1.500 euros 100h \u00a0\u00a0 2.900 euros[\/vc_column_text][vc_tta_accordion color=\u00a0\u00bbgreen\u00a0\u00bb c_align=\u00a0\u00bbcenter\u00a0\u00bb active_section=\u00a0\u00bb0&Prime; no_fill=\u00a0\u00bbtrue\u00a0\u00bb collapsible_all=\u00a0\u00bbtrue\u00a0\u00bb title=\u00a0\u00bbInformation en plus\u00a0\u00bb el_class=\u00a0\u00bbverde\u00a0\u00bb][vc_tta_section i_icon_fontawesome=\u00a0\u00bbfa fa-volume-control-phone\u00a0\u00bb add_icon=\u00a0\u00bbtrue\u00a0\u00bb title=\u00a0\u00bbContact\u00a0\u00bb tab_id=\u00a0\u00bb1564574481739-4e7bf3c7-b8b8&Prime;][vc_column_text] +34 679 84 20 80 live:smartcoconline smartcoco@smartcoco.onlinelive:smartcoconline+34 679 84 20 80 [\/vc_column_text][\/vc_tta_section][vc_tta_section i_icon_fontawesome=\u00a0\u00bbfa fa-eur\u00a0\u00bb&hellip;<\/p>\n","protected":false},"author":5,"featured_media":0,"parent":0,"menu_order":0,"comment_status":"closed","ping_status":"closed","template":"","meta":{"footnotes":""},"class_list":["post-4945","page","type-page","status-publish","hentry","description-off"],"_links":{"self":[{"href":"https:\/\/smartcoco.online\/fr\/wp-json\/wp\/v2\/pages\/4945"}],"collection":[{"href":"https:\/\/smartcoco.online\/fr\/wp-json\/wp\/v2\/pages"}],"about":[{"href":"https:\/\/smartcoco.online\/fr\/wp-json\/wp\/v2\/types\/page"}],"author":[{"embeddable":true,"href":"https:\/\/smartcoco.online\/fr\/wp-json\/wp\/v2\/users\/5"}],"replies":[{"embeddable":true,"href":"https:\/\/smartcoco.online\/fr\/wp-json\/wp\/v2\/comments?post=4945"}],"version-history":[{"count":15,"href":"https:\/\/smartcoco.online\/fr\/wp-json\/wp\/v2\/pages\/4945\/revisions"}],"predecessor-version":[{"id":7141,"href":"https:\/\/smartcoco.online\/fr\/wp-json\/wp\/v2\/pages\/4945\/revisions\/7141"}],"wp:attachment":[{"href":"https:\/\/smartcoco.online\/fr\/wp-json\/wp\/v2\/media?parent=4945"}],"curies":[{"name":"wp","href":"https:\/\/api.w.org\/{rel}","templated":true}]}}