{"id":6780,"date":"2020-06-25T12:06:31","date_gmt":"2020-06-25T10:06:31","guid":{"rendered":"https:\/\/smartcoco.online\/beneficios-de-aprender-un-idioma\/"},"modified":"2020-07-11T16:52:42","modified_gmt":"2020-07-11T15:52:42","slug":"avantages-d-apprendre-une-langue","status":"publish","type":"page","link":"https:\/\/smartcoco.online\/fr\/avantages-d-apprendre-une-langue\/","title":{"rendered":"Avantages  d \u00b4apprendre une langue"},"content":{"rendered":"[vc_row full_width=\u00a0\u00bbstretch_row_content_no_spaces\u00a0\u00bb el_class=\u00a0\u00bbimgsuperior\u00a0\u00bb][vc_column css=\u00a0\u00bb.vc_custom_1562580339287{margin-bottom: 20px !important;}\u00a0\u00bb][vc_single_image image=\u00a0\u00bb6775&Prime; img_size=\u00a0\u00bbfull\u00a0\u00bb alignment=\u00a0\u00bbcenter\u00a0\u00bb][vc_empty_space][\/vc_column][\/vc_row][vc_row][vc_column css=\u00a0\u00bb.vc_custom_1562580339287{margin-bottom: 20px !important;}\u00a0\u00bb][vc_custom_heading text=\u00a0\u00bbAvantages d\u00b4apprendre une langue\u00a0\u00bb font_container=\u00a0\u00bbtag:h2|text_align:center\u00a0\u00bb use_theme_fonts=\u00a0\u00bbyes\u00a0\u00bb css_animation=\u00a0\u00bbbounceIn\u00a0\u00bb][vc_empty_space][\/vc_column][\/vc_row][vc_row][vc_column width=\u00a0\u00bb1\/6&Prime;][vc_column_text][\/vc_column_text][\/vc_column][vc_column width=\u00a0\u00bb2\/3&Prime;][vc_column_text]\n<h3><strong>Savez-vous combien c&rsquo;est g\u00eanant de proc\u00e9der sans la moindre id\u00e9e d&rsquo;apprendre une langue et trouver la m\u00e9thode qui vous convient?<\/strong><\/h3>\n<p>Pour cela, je vous propose de solliciter votre tests de langue&#8230;<\/p>\n<p>&nbsp;<\/p>\n<h3><b>Pour les voyages :<\/b><\/h3>\n<p>Juste une toute petite connaissance d&rsquo;une langue peut faire la diff\u00e9rence en attitude au moment de rencontrer des personnes d&rsquo;autres pays. Parler d&rsquo;autres langue aide \u00e0 \u00e9liminer les barri\u00e8res.<br \/>\n<a class=\"boton-packs\" href=\"https:\/\/smartcoco.online\/fr\/tienda-travel-coaching\/\"><i class=\"Defaults-hand-o-right\"><\/i> Pack Travel Coaching<\/a><\/p>\n<p>&nbsp;<\/p>\n<h3><strong>P<\/strong><b>our le travail et le business:<\/b><\/h3>\n<p>Cela peut aider \u00e0 vous\u00a0 donner un plus dans votre carri\u00e8re si vous travaillez pour une entreprise international\u00a0 ou une compagnie qui poss\u00e8de\u00a0 des clients\u00a0 internationaux.<br \/>\n<a class=\"boton-packs\" href=\"https:\/\/smartcoco.online\/fr\/tienda-professional-and-assessment\/\"><i class=\"Defaults-hand-o-right\"><\/i> Pack Professional and Assessment<\/a><br \/>\n<a class=\"boton-packs\" href=\"https:\/\/smartcoco.online\/fr\/boutique-negoce\/\"><i class=\"Defaults-hand-o-right\"><\/i> Pack N\u00e9goce<\/a><\/p>\n<p>&nbsp;<\/p>\n<h3><b>Pour la musique, les films, les arts et la culture:<\/b><\/h3>\n<p>Si vous aimez la litt\u00e9rature, les filmes, ou\u00a0 la musique\u00a0 d&rsquo;autres pays, apprendre une langue vous aidera a d\u00e9velopper votre capacit\u00e9 d&rsquo;apprentissage et de compr\u00e9hension.<br \/>\n<a class=\"boton-packs\" href=\"https:\/\/smartcoco.online\/fr\/tienda-familia-y-parentesco\/\"><i class=\"Defaults-hand-o-right\"><\/i> Pack Famille et Parent\u00e9<\/a><\/p>\n<p>&nbsp;<\/p>\n<h3><b>Pour un d\u00e9fi tout simplement:<\/b><\/h3>\n<p>Vous pouvez apprendre une langue tr\u00e8s vite, en de courtes session et profiter cette sensation de satisfaction d&rsquo;avoir accompli votre objectif tout simplement \u00e0 apprendre \u00e0\u00a0 dire \u00ab\u00a0bonjour \u00a0\u00bb , ou tout simplement vous pr\u00e9senter et savoir compter jusqu&rsquo;\u00e0 10.<\/p>\n<p><a class=\"boton-packs\" href=\"https:\/\/smartcoco.online\/fr\/tienda-conversacion\/\"><i class=\"Defaults-hand-o-right\"><\/i> Pack Conversation<\/a><\/p>\n<p>&nbsp;<\/p>\n<h3><strong>\u00c0 pr\u00e9sent sollicite gratuitement ton test de niveau de lange en cliquant sur: <\/strong><\/h3>\n<p><a class=\"boton-packs\" href=\"https:\/\/smartcoco.online\/fr\/sollicite-ton-test-de-langue\/\"><i class=\"Defaults-hand-o-right\"><\/i> Solicite ton test de niveau.<\/a>[\/vc_column_text][\/vc_column][vc_column width=\u00a0\u00bb1\/6&Prime;][\/vc_column][\/vc_row]\n","protected":false},"excerpt":{"rendered":"<p>[vc_row full_width=\u00a0\u00bbstretch_row_content_no_spaces\u00a0\u00bb el_class=\u00a0\u00bbimgsuperior\u00a0\u00bb][vc_column css=\u00a0\u00bb.vc_custom_1562580339287{margin-bottom: 20px !important;}\u00a0\u00bb][vc_single_image image=\u00a0\u00bb6775&Prime; img_size=\u00a0\u00bbfull\u00a0\u00bb alignment=\u00a0\u00bbcenter\u00a0\u00bb][vc_empty_space][\/vc_column][\/vc_row][vc_row][vc_column css=\u00a0\u00bb.vc_custom_1562580339287{margin-bottom: 20px !important;}\u00a0\u00bb][vc_custom_heading text=\u00a0\u00bbAvantages d\u00b4apprendre une langue\u00a0\u00bb font_container=\u00a0\u00bbtag:h2|text_align:center\u00a0\u00bb use_theme_fonts=\u00a0\u00bbyes\u00a0\u00bb css_animation=\u00a0\u00bbbounceIn\u00a0\u00bb][vc_empty_space][\/vc_column][\/vc_row][vc_row][vc_column width=\u00a0\u00bb1\/6&Prime;][vc_column_text][\/vc_column_text][\/vc_column][vc_column width=\u00a0\u00bb2\/3&Prime;][vc_column_text] Savez-vous combien c&rsquo;est g\u00eanant de proc\u00e9der sans la moindre id\u00e9e d&rsquo;apprendre une langue et trouver la m\u00e9thode qui vous convient? Pour cela, je vous propose de solliciter votre tests de langue&#8230; &nbsp; Pour les&hellip;<\/p>\n","protected":false},"author":6,"featured_media":0,"parent":0,"menu_order":0,"comment_status":"closed","ping_status":"closed","template":"","meta":{"footnotes":""},"class_list":["post-6780","page","type-page","status-publish","hentry","description-off"],"_links":{"self":[{"href":"https:\/\/smartcoco.online\/fr\/wp-json\/wp\/v2\/pages\/6780"}],"collection":[{"href":"https:\/\/smartcoco.online\/fr\/wp-json\/wp\/v2\/pages"}],"about":[{"href":"https:\/\/smartcoco.online\/fr\/wp-json\/wp\/v2\/types\/page"}],"author":[{"embeddable":true,"href":"https:\/\/smartcoco.online\/fr\/wp-json\/wp\/v2\/users\/6"}],"replies":[{"embeddable":true,"href":"https:\/\/smartcoco.online\/fr\/wp-json\/wp\/v2\/comments?post=6780"}],"version-history":[{"count":13,"href":"https:\/\/smartcoco.online\/fr\/wp-json\/wp\/v2\/pages\/6780\/revisions"}],"predecessor-version":[{"id":7132,"href":"https:\/\/smartcoco.online\/fr\/wp-json\/wp\/v2\/pages\/6780\/revisions\/7132"}],"wp:attachment":[{"href":"https:\/\/smartcoco.online\/fr\/wp-json\/wp\/v2\/media?parent=6780"}],"curies":[{"name":"wp","href":"https:\/\/api.w.org\/{rel}","templated":true}]}}