{"id":6876,"date":"2020-06-26T11:23:16","date_gmt":"2020-06-26T09:23:16","guid":{"rendered":"https:\/\/smartcoco.online\/metodo-smart\/"},"modified":"2020-07-04T00:39:27","modified_gmt":"2020-07-03T23:39:27","slug":"methodologie-smart","status":"publish","type":"page","link":"https:\/\/smartcoco.online\/fr\/methodologie-smart\/","title":{"rendered":"M\u00e9thodologie Smart"},"content":{"rendered":"[vc_row full_width=\u00a0\u00bbstretch_row_content_no_spaces\u00a0\u00bb el_class=\u00a0\u00bbimgsuperior\u00a0\u00bb][vc_column][vc_single_image image=\u00a0\u00bb6867&Prime; img_size=\u00a0\u00bbfull\u00a0\u00bb alignment=\u00a0\u00bbcenter\u00a0\u00bb][vc_empty_space][\/vc_column][\/vc_row][vc_row][vc_column width=\u00a0\u00bb1\/6&Prime;][\/vc_column][vc_column width=\u00a0\u00bb2\/3&Prime;][vc_column_text]\n<h3>M\u00e9thodologie smart coco online<\/h3>\n<p>Optimise ton temp et \u00e9vite tout d\u00e9placement avec notre abc\u00b4s training types.<br \/>\nChoisis le format qui s&rsquo;adapte le mieux \u00e0 tes n\u00e9cessit\u00e9s d\u00b4 entra\u00eenement personnalis\u00e9 online:<\/p>\n<p style=\"padding-left: 40px;\">1. <strong>Training-led online<\/strong>:<br \/>\nUne amalgame virtuelle\u00a0 de cours avec des contenus exclusifs et hautement int\u00e9ressants, pendant les sessions interactives.<\/p>\n<p style=\"padding-left: 40px;\">2. <strong>On-site training<\/strong>:<br \/>\nPour les personnes de n\u00e9goces, conversation, pr\u00e9parations d\u00b4examens.<\/p>\n<p style=\"padding-left: 40px;\">3. <strong>Training-live web<\/strong>:<br \/>\nQuestions et r\u00e9ponses en direct.<\/p>\n<p style=\"padding-left: 40px;\">Pour plus d\u00b4information cliquer sur<br \/>\n<a class=\"boton-packs\" href=\"https:\/\/smartcoco.online\/fr\/training-online\/\"> ABC&rsquo;s training types<\/a><\/p>\n<p>&nbsp;<\/p>\n<p>Profite de ton entra\u00eenement depuis ton domicile ou quelque soit l&rsquo;endroit o\u00f9 tu te trouve gr\u00e2ce \u00e0 l\u00b4usage de nouvelles technologies de pointes.<\/p>\n<p>Je te confectionne ta propre m\u00e9thode d&rsquo;entra\u00eenement<strong> exclusivement online<\/strong>. En te proposant ton plan d&rsquo;entra\u00eenement personnalis\u00e9 dans l&rsquo;une des langues \u00e0 ton choix telles que: <strong>Fran\u00e7ais- Anglais-Espagnol<\/strong>.<\/p>\n<ul>\n<li>\u00a0Tu recevra une attention personnalis\u00e9e exclusivement online, depuis chez toi ou quelque soit l&rsquo;endroit o\u00f9 tu te trouve.<\/li>\n<li>Contacte moi \u00e0 travers le formulaire de comment choisir un cours.<br \/>\nCeci nous permettra d\u00b4 \u00e9laborer ton fichier pour ensuite cr\u00e9er ton entra\u00eenement personnalis\u00e9.<\/li>\n<li>Une fois \u00e9labor\u00e9 ton fichier, nous \u00e9tablirons ton plan d&rsquo;entra\u00eenement avec ses caract\u00e9ristiques telles que (emploi de temps, prix, tutoriel\u2026)<\/li>\n<\/ul>\n<p style=\"padding-left: 40px;\">Pour plus d\u00b4information cliquer sur:<br \/>\n<a class=\"boton-packs\" href=\"https:\/\/smartcoco.online\/fr\/comment-choisir-un-cours\/\">Comment choisir un cours.<\/a><\/p>\n[\/vc_column_text][\/vc_column][vc_column width=\u00a0\u00bb1\/6&Prime;][\/vc_column][\/vc_row][vc_row][vc_column][vc_column_text]\n[\/vc_column_text][\/vc_column][\/vc_row]\n","protected":false},"excerpt":{"rendered":"<p>[vc_row full_width=\u00a0\u00bbstretch_row_content_no_spaces\u00a0\u00bb el_class=\u00a0\u00bbimgsuperior\u00a0\u00bb][vc_column][vc_single_image image=\u00a0\u00bb6867&Prime; img_size=\u00a0\u00bbfull\u00a0\u00bb alignment=\u00a0\u00bbcenter\u00a0\u00bb][vc_empty_space][\/vc_column][\/vc_row][vc_row][vc_column width=\u00a0\u00bb1\/6&Prime;][\/vc_column][vc_column width=\u00a0\u00bb2\/3&Prime;][vc_column_text] M\u00e9thodologie smart coco online Optimise ton temp et \u00e9vite tout d\u00e9placement avec notre abc\u00b4s training types. Choisis le format qui s&rsquo;adapte le mieux \u00e0 tes n\u00e9cessit\u00e9s d\u00b4 entra\u00eenement personnalis\u00e9 online: 1. Training-led online: Une amalgame virtuelle\u00a0 de cours avec des contenus exclusifs et hautement int\u00e9ressants, pendant les&hellip;<\/p>\n","protected":false},"author":6,"featured_media":0,"parent":0,"menu_order":0,"comment_status":"closed","ping_status":"closed","template":"","meta":{"footnotes":""},"class_list":["post-6876","page","type-page","status-publish","hentry","description-off"],"_links":{"self":[{"href":"https:\/\/smartcoco.online\/fr\/wp-json\/wp\/v2\/pages\/6876"}],"collection":[{"href":"https:\/\/smartcoco.online\/fr\/wp-json\/wp\/v2\/pages"}],"about":[{"href":"https:\/\/smartcoco.online\/fr\/wp-json\/wp\/v2\/types\/page"}],"author":[{"embeddable":true,"href":"https:\/\/smartcoco.online\/fr\/wp-json\/wp\/v2\/users\/6"}],"replies":[{"embeddable":true,"href":"https:\/\/smartcoco.online\/fr\/wp-json\/wp\/v2\/comments?post=6876"}],"version-history":[{"count":15,"href":"https:\/\/smartcoco.online\/fr\/wp-json\/wp\/v2\/pages\/6876\/revisions"}],"predecessor-version":[{"id":7094,"href":"https:\/\/smartcoco.online\/fr\/wp-json\/wp\/v2\/pages\/6876\/revisions\/7094"}],"wp:attachment":[{"href":"https:\/\/smartcoco.online\/fr\/wp-json\/wp\/v2\/media?parent=6876"}],"curies":[{"name":"wp","href":"https:\/\/api.w.org\/{rel}","templated":true}]}}